{"id":3748,"date":"2021-12-02T08:49:28","date_gmt":"2021-12-02T08:49:28","guid":{"rendered":"https:\/\/www.ebrubaglanti.com\/urun\/corner-l-bracket\/"},"modified":"2021-12-02T09:25:58","modified_gmt":"2021-12-02T09:25:58","slug":"corner-l-bracket","status":"publish","type":"product","link":"http:\/\/www.ebrubaglanti.com\/en\/urun\/corner-l-bracket\/","title":{"rendered":"Corner &#8220;L&#8221; Bracket"},"content":{"rendered":"\n\t<section class=\"section\" id=\"section_699929633\">\n\t\t<div class=\"section-bg fill\" >\n\t\t\t\t\t\t\t\t\t\n\t\t\t\n\n\t\t<\/div>\n\n\t\t\n\n\t\t<div class=\"section-content relative\">\n\t\t\t\n<div id=\"tablepress-617-scroll-wrapper\" class=\"tablepress-scroll-wrapper\">\n\n<table id=\"tablepress-617\" class=\"tablepress tablepress-id-617 tablepress-responsive\">\n<thead>\n<tr class=\"row-1\">\n\t<th class=\"column-1\">\u00dcR\u00dcN KODU<\/th><th class=\"column-2\">C\u0130NS\u0130<\/th><th class=\"column-3\">KALINLIK<\/th><th class=\"column-4\">A<\/th><th class=\"column-5\">B<\/th><th class=\"column-6\">C<\/th><th class=\"column-7\">KUTU ADED\u0130<\/th>\n<\/tr>\n<\/thead>\n<tbody class=\"row-striping row-hover\">\n<tr class=\"row-2\">\n\t<td class=\"column-1\">00617<\/td><td class=\"column-2\">15 x 16 x 16<\/td><td class=\"column-3\">2 mm<\/td><td class=\"column-4\">15<\/td><td class=\"column-5\">16<\/td><td class=\"column-6\">16<\/td><td class=\"column-7\">100 adet<\/td>\n<\/tr>\n<tr class=\"row-3\">\n\t<td class=\"column-1\">00618<\/td><td class=\"column-2\">15 x 20 x 20<\/td><td class=\"column-3\">2 mm<\/td><td class=\"column-4\">15<\/td><td class=\"column-5\">20<\/td><td class=\"column-6\">20<\/td><td class=\"column-7\">100 adet<\/td>\n<\/tr>\n<tr class=\"row-4\">\n\t<td class=\"column-1\">00619<\/td><td class=\"column-2\">15 x 25 x 25<\/td><td class=\"column-3\">2 mm<\/td><td class=\"column-4\">15<\/td><td class=\"column-5\">25<\/td><td class=\"column-6\">25<\/td><td class=\"column-7\">100 adet<\/td>\n<\/tr>\n<tr class=\"row-5\">\n\t<td class=\"column-1\">00620<\/td><td class=\"column-2\">15 x 35 x 35<\/td><td class=\"column-3\">2 mm<\/td><td class=\"column-4\">15<\/td><td class=\"column-5\">35<\/td><td class=\"column-6\">35<\/td><td class=\"column-7\">100 adet<\/td>\n<\/tr>\n<tr class=\"row-6\">\n\t<td class=\"column-1\">00621<\/td><td class=\"column-2\">15 x 45 x 45<\/td><td class=\"column-3\">2 mm<\/td><td class=\"column-4\">15<\/td><td class=\"column-5\">45<\/td><td class=\"column-6\">45<\/td><td class=\"column-7\">100 adet<\/td>\n<\/tr>\n<tr class=\"row-7\">\n\t<td class=\"column-1\">00622<\/td><td class=\"column-2\">15 x 55 x 55<\/td><td class=\"column-3\">2 mm<\/td><td class=\"column-4\">15<\/td><td class=\"column-5\">55<\/td><td class=\"column-6\">55<\/td><td class=\"column-7\">100 adet<\/td>\n<\/tr>\n<tr class=\"row-8\">\n\t<td class=\"column-1\">00623<\/td><td class=\"column-2\">15 x 65 x 65<\/td><td class=\"column-3\">2 mm<\/td><td class=\"column-4\">15<\/td><td class=\"column-5\">65<\/td><td class=\"column-6\">65<\/td><td class=\"column-7\">100 adet<\/td>\n<\/tr>\n<tr class=\"row-9\">\n\t<td class=\"column-1\">00624<\/td><td class=\"column-2\">15 x 75 x 75<\/td><td class=\"column-3\">2 mm<\/td><td class=\"column-4\">15<\/td><td class=\"column-5\">75<\/td><td class=\"column-6\">75<\/td><td class=\"column-7\">100 adet<\/td>\n<\/tr>\n<tr class=\"row-10\">\n\t<td class=\"column-1\">00628<\/td><td class=\"column-2\">17 x 30 x 30<\/td><td class=\"column-3\">2 mm<\/td><td class=\"column-4\">17<\/td><td class=\"column-5\">30<\/td><td class=\"column-6\">30<\/td><td class=\"column-7\">100 adet<\/td>\n<\/tr>\n<tr class=\"row-11\">\n\t<td class=\"column-1\">00630<\/td><td class=\"column-2\">20 x 25 x 25<\/td><td class=\"column-3\">2 mm<\/td><td class=\"column-4\">20<\/td><td class=\"column-5\">25<\/td><td class=\"column-6\">25<\/td><td class=\"column-7\">100 adet<\/td>\n<\/tr>\n<tr class=\"row-12\">\n\t<td class=\"column-1\">00631<\/td><td class=\"column-2\">20 x 30 x 30<\/td><td class=\"column-3\">2 mm<\/td><td class=\"column-4\">20<\/td><td class=\"column-5\">30<\/td><td class=\"column-6\">30<\/td><td class=\"column-7\">100 adet<\/td>\n<\/tr>\n<tr class=\"row-13\">\n\t<td class=\"column-1\">00632<\/td><td class=\"column-2\">20 x 35 x 35<\/td><td class=\"column-3\">2 mm<\/td><td class=\"column-4\">20<\/td><td class=\"column-5\">35<\/td><td class=\"column-6\">35<\/td><td class=\"column-7\">100 adet<\/td>\n<\/tr>\n<tr class=\"row-14\">\n\t<td class=\"column-1\">00633<\/td><td class=\"column-2\">20 x 45 x 45<\/td><td class=\"column-3\">2 mm<\/td><td class=\"column-4\">20<\/td><td class=\"column-5\">45<\/td><td class=\"column-6\">45<\/td><td class=\"column-7\">100 adet<\/td>\n<\/tr>\n<tr class=\"row-15\">\n\t<td class=\"column-1\">00634<\/td><td class=\"column-2\">20 x 55 x 55<\/td><td class=\"column-3\">2 mm<\/td><td class=\"column-4\">20<\/td><td class=\"column-5\">55<\/td><td class=\"column-6\">55<\/td><td class=\"column-7\">100 adet<\/td>\n<\/tr>\n<tr class=\"row-16\">\n\t<td class=\"column-1\">00635<\/td><td class=\"column-2\">20 x 65 x 65<\/td><td class=\"column-3\">2 mm<\/td><td class=\"column-4\">20<\/td><td class=\"column-5\">65<\/td><td class=\"column-6\">65<\/td><td class=\"column-7\">100 adet<\/td>\n<\/tr>\n<tr class=\"row-17\">\n\t<td class=\"column-1\">00636<\/td><td class=\"column-2\">20 x 75 x 75<\/td><td class=\"column-3\">2 mm<\/td><td class=\"column-4\">20<\/td><td class=\"column-5\">75<\/td><td class=\"column-6\">75<\/td><td class=\"column-7\">100 adet<\/td>\n<\/tr>\n<tr class=\"row-18\">\n\t<td class=\"column-1\">00637<\/td><td class=\"column-2\">20 x 85 x 85<\/td><td class=\"column-3\">2 mm<\/td><td class=\"column-4\">20<\/td><td class=\"column-5\">85<\/td><td class=\"column-6\">85<\/td><td class=\"column-7\">100 adet<\/td>\n<\/tr>\n<tr class=\"row-19\">\n\t<td class=\"column-1\">00638<\/td><td class=\"column-2\">20 x 95 x 95<\/td><td class=\"column-3\">2 mm<\/td><td class=\"column-4\">20<\/td><td class=\"column-5\">95<\/td><td class=\"column-6\">95<\/td><td class=\"column-7\">100 adet<\/td>\n<\/tr>\n<tr class=\"row-20\">\n\t<td class=\"column-1\">00640<\/td><td class=\"column-2\">20 x 70 x 120<\/td><td class=\"column-3\">2 mm<\/td><td class=\"column-4\">20<\/td><td class=\"column-5\">70<\/td><td class=\"column-6\">120<\/td><td class=\"column-7\">100 adet<\/td>\n<\/tr>\n<tr class=\"row-21\">\n\t<td class=\"column-1\">00670<\/td><td class=\"column-2\">23 x 30 x 30<\/td><td class=\"column-3\">2 mm<\/td><td class=\"column-4\">23<\/td><td class=\"column-5\">30<\/td><td class=\"column-6\">30<\/td><td class=\"column-7\">100 adet<\/td>\n<\/tr>\n<tr class=\"row-22\">\n\t<td class=\"column-1\">00641<\/td><td class=\"column-2\">25 x 35 x 35<\/td><td class=\"column-3\">2 mm<\/td><td class=\"column-4\">25<\/td><td class=\"column-5\">35<\/td><td class=\"column-6\">35<\/td><td class=\"column-7\">100 adet<\/td>\n<\/tr>\n<tr class=\"row-23\">\n\t<td class=\"column-1\">00642<\/td><td class=\"column-2\">25 x 50 x 50<\/td><td class=\"column-3\">2 mm<\/td><td class=\"column-4\">25<\/td><td class=\"column-5\">50<\/td><td class=\"column-6\">50<\/td><td class=\"column-7\">100 adet<\/td>\n<\/tr>\n<tr class=\"row-24\">\n\t<td class=\"column-1\">00655<\/td><td class=\"column-2\">30 x 25 x 25<\/td><td class=\"column-3\">2 mm<\/td><td class=\"column-4\">30<\/td><td class=\"column-5\">25<\/td><td class=\"column-6\">25<\/td><td class=\"column-7\">100 adet<\/td>\n<\/tr>\n<tr class=\"row-25\">\n\t<td class=\"column-1\">00656<\/td><td class=\"column-2\">30 x 35 x 35<\/td><td class=\"column-3\">2 mm<\/td><td class=\"column-4\">30<\/td><td class=\"column-5\">35<\/td><td class=\"column-6\">35<\/td><td class=\"column-7\">100 adet<\/td>\n<\/tr>\n<tr class=\"row-26\">\n\t<td class=\"column-1\">00657<\/td><td class=\"column-2\">30 x 45 x 45<\/td><td class=\"column-3\">2 mm<\/td><td class=\"column-4\">30<\/td><td class=\"column-5\">45<\/td><td class=\"column-6\">45<\/td><td class=\"column-7\">100 adet<\/td>\n<\/tr>\n<tr class=\"row-27\">\n\t<td class=\"column-1\">00658<\/td><td class=\"column-2\">40 x 30 x 30<\/td><td class=\"column-3\">2 mm<\/td><td class=\"column-4\">40<\/td><td class=\"column-5\">30<\/td><td class=\"column-6\">30<\/td><td class=\"column-7\">100 adet<\/td>\n<\/tr>\n<tr class=\"row-28\">\n\t<td class=\"column-1\">00659<\/td><td class=\"column-2\">40 x 40 x 40<\/td><td class=\"column-3\">1,5 mm<\/td><td class=\"column-4\">40<\/td><td class=\"column-5\">40<\/td><td class=\"column-6\">40<\/td><td class=\"column-7\">100 adet<\/td>\n<\/tr>\n<tr class=\"row-29\">\n\t<td class=\"column-1\">00662<\/td><td class=\"column-2\">40 x 40 x 115<\/td><td class=\"column-3\">2 mm<\/td><td class=\"column-4\">40<\/td><td class=\"column-5\">40<\/td><td class=\"column-6\">115<\/td><td class=\"column-7\">20 adet<\/td>\n<\/tr>\n<tr class=\"row-30\">\n\t<td class=\"column-1\">00661<\/td><td class=\"column-2\">40 x 45 x 45<\/td><td class=\"column-3\">2,5 mm<\/td><td class=\"column-4\">40<\/td><td class=\"column-5\">45<\/td><td class=\"column-6\">45<\/td><td class=\"column-7\">100 adet<\/td>\n<\/tr>\n<tr class=\"row-31\">\n\t<td class=\"column-1\">00660<\/td><td class=\"column-2\">40 x 50 x 50<\/td><td class=\"column-3\">2 mm<\/td><td class=\"column-4\">40<\/td><td class=\"column-5\">50<\/td><td class=\"column-6\">50<\/td><td class=\"column-7\">100 adet<\/td>\n<\/tr>\n<tr class=\"row-32\">\n\t<td class=\"column-1\">00663<\/td><td class=\"column-2\">40 x 50 x 102<\/td><td class=\"column-3\">2 mm<\/td><td class=\"column-4\">40<\/td><td class=\"column-5\">50<\/td><td class=\"column-6\">102<\/td><td class=\"column-7\">50 adet<\/td>\n<\/tr>\n<tr class=\"row-33\">\n\t<td class=\"column-1\">00664<\/td><td class=\"column-2\">55 x 40 x 40<\/td><td class=\"column-3\">2 mm<\/td><td class=\"column-4\">55<\/td><td class=\"column-5\">40<\/td><td class=\"column-6\">40<\/td><td class=\"column-7\">50 adet<\/td>\n<\/tr>\n<tr class=\"row-34\">\n\t<td class=\"column-1\">00666<\/td><td class=\"column-2\">55 x 50 x 150<\/td><td class=\"column-3\">2,5 mm<\/td><td class=\"column-4\">55<\/td><td class=\"column-5\">50<\/td><td class=\"column-6\">150<\/td><td class=\"column-7\">25 adet<\/td>\n<\/tr>\n<tr class=\"row-35\">\n\t<td class=\"column-1\">00665<\/td><td class=\"column-2\">55 x 75 x 75<\/td><td class=\"column-3\">2,5 mm<\/td><td class=\"column-4\">55<\/td><td class=\"column-5\">75<\/td><td class=\"column-6\">75<\/td><td class=\"column-7\">25 adet<\/td>\n<\/tr>\n<tr class=\"row-36\">\n\t<td class=\"column-1\">00667<\/td><td class=\"column-2\">55 x 100 x 100<\/td><td class=\"column-3\">2,5 mm<\/td><td class=\"column-4\">55<\/td><td class=\"column-5\">100<\/td><td class=\"column-6\">100<\/td><td class=\"column-7\">25 adet<\/td>\n<\/tr>\n<tr class=\"row-37\">\n\t<td class=\"column-1\">00668<\/td><td class=\"column-2\">80 x 58 x 58<\/td><td class=\"column-3\">2 mm<\/td><td class=\"column-4\">80<\/td><td class=\"column-5\">58<\/td><td class=\"column-6\">58<\/td><td class=\"column-7\">20 adet<\/td>\n<\/tr>\n<tr class=\"row-38\">\n\t<td class=\"column-1\">00669<\/td><td class=\"column-2\">86 x 76 x 76<\/td><td class=\"column-3\">2,5 mm<\/td><td class=\"column-4\">86<\/td><td class=\"column-5\">76<\/td><td class=\"column-6\">76<\/td><td class=\"column-7\">25 adet<\/td>\n<\/tr>\n<\/tbody>\n<\/table>\n\n<\/div><!-- #tablepress-617 from cache -->\n\t\t<\/div>\n\n\t\t\n<style>\n#section_699929633 {\n  padding-top: 30px;\n  padding-bottom: 30px;\n}\n<\/style>\n\t<\/section>\n\t\n","protected":false},"excerpt":{"rendered":"","protected":false},"featured_media":1661,"template":"","meta":[],"product_brand":[],"product_cat":[195],"product_tag":[196,197,201,200,198,199],"class_list":{"0":"post-3748","1":"product","2":"type-product","3":"status-publish","4":"has-post-thumbnail","6":"product_cat-gonyeler-kose-baglanti-elemanlari-en","7":"product_tag-gonye-en","8":"product_tag-kose-en","9":"product_tag-kose-demiri-en","10":"product_tag-l-gonye-en","11":"product_tag-masa-gonye-en","12":"product_tag-oval-en","14":"first","15":"instock","16":"shipping-taxable","17":"product-type-simple"},"yoast_head":"<!-- This site is optimized with the Yoast SEO plugin v27.5 - https:\/\/yoast.com\/product\/yoast-seo-wordpress\/ -->\n<title>Corner &quot;L&quot; Bracket - EBRU Ba\u011flant\u0131 Elemanlar\u0131<\/title>\n<meta name=\"robots\" content=\"index, follow, max-snippet:-1, max-image-preview:large, max-video-preview:-1\" \/>\n<link rel=\"canonical\" href=\"https:\/\/www.ebrubaglanti.com\/en\/urun\/corner-l-bracket\/\" \/>\n<meta property=\"og:locale\" content=\"en_US\" \/>\n<meta property=\"og:type\" content=\"article\" \/>\n<meta property=\"og:title\" content=\"Corner &quot;L&quot; Bracket - EBRU Ba\u011flant\u0131 Elemanlar\u0131\" \/>\n<meta property=\"og:url\" content=\"https:\/\/www.ebrubaglanti.com\/en\/urun\/corner-l-bracket\/\" \/>\n<meta property=\"og:site_name\" content=\"EBRU Ba\u011flant\u0131 Elemanlar\u0131\" \/>\n<meta property=\"article:modified_time\" content=\"2021-12-02T09:25:58+00:00\" \/>\n<meta property=\"og:image\" content=\"https:\/\/www.ebrubaglanti.com\/wp-content\/uploads\/2019\/09\/masa_gonye_40x45x45.jpg\" \/>\n\t<meta property=\"og:image:width\" content=\"605\" \/>\n\t<meta property=\"og:image:height\" content=\"363\" \/>\n\t<meta property=\"og:image:type\" content=\"image\/jpeg\" \/>\n<meta name=\"twitter:card\" content=\"summary_large_image\" \/>\n<script type=\"application\/ld+json\" class=\"yoast-schema-graph\">{\"@context\":\"https:\\\/\\\/schema.org\",\"@graph\":[{\"@type\":\"WebPage\",\"@id\":\"https:\\\/\\\/www.ebrubaglanti.com\\\/en\\\/urun\\\/corner-l-bracket\\\/\",\"url\":\"https:\\\/\\\/www.ebrubaglanti.com\\\/en\\\/urun\\\/corner-l-bracket\\\/\",\"name\":\"Corner \\\"L\\\" Bracket - EBRU Ba\u011flant\u0131 Elemanlar\u0131\",\"isPartOf\":{\"@id\":\"https:\\\/\\\/www.ebrubaglanti.com\\\/#website\"},\"primaryImageOfPage\":{\"@id\":\"https:\\\/\\\/www.ebrubaglanti.com\\\/en\\\/urun\\\/corner-l-bracket\\\/#primaryimage\"},\"image\":{\"@id\":\"https:\\\/\\\/www.ebrubaglanti.com\\\/en\\\/urun\\\/corner-l-bracket\\\/#primaryimage\"},\"thumbnailUrl\":\"http:\\\/\\\/www.ebrubaglanti.com\\\/wp-content\\\/uploads\\\/2019\\\/09\\\/masa_gonye_40x45x45.jpg\",\"datePublished\":\"2021-12-02T08:49:28+00:00\",\"dateModified\":\"2021-12-02T09:25:58+00:00\",\"breadcrumb\":{\"@id\":\"https:\\\/\\\/www.ebrubaglanti.com\\\/en\\\/urun\\\/corner-l-bracket\\\/#breadcrumb\"},\"inLanguage\":\"en-US\",\"potentialAction\":[{\"@type\":\"ReadAction\",\"target\":[\"https:\\\/\\\/www.ebrubaglanti.com\\\/en\\\/urun\\\/corner-l-bracket\\\/\"]}]},{\"@type\":\"ImageObject\",\"inLanguage\":\"en-US\",\"@id\":\"https:\\\/\\\/www.ebrubaglanti.com\\\/en\\\/urun\\\/corner-l-bracket\\\/#primaryimage\",\"url\":\"http:\\\/\\\/www.ebrubaglanti.com\\\/wp-content\\\/uploads\\\/2019\\\/09\\\/masa_gonye_40x45x45.jpg\",\"contentUrl\":\"http:\\\/\\\/www.ebrubaglanti.com\\\/wp-content\\\/uploads\\\/2019\\\/09\\\/masa_gonye_40x45x45.jpg\",\"width\":605,\"height\":363},{\"@type\":\"BreadcrumbList\",\"@id\":\"https:\\\/\\\/www.ebrubaglanti.com\\\/en\\\/urun\\\/corner-l-bracket\\\/#breadcrumb\",\"itemListElement\":[{\"@type\":\"ListItem\",\"position\":1,\"name\":\"Ana sayfa\",\"item\":\"https:\\\/\\\/www.ebrubaglanti.com\\\/en\\\/\"},{\"@type\":\"ListItem\",\"position\":2,\"name\":\"\u00dcr\u00fcnler\",\"item\":\"https:\\\/\\\/www.ebrubaglanti.com\\\/shop\\\/\"},{\"@type\":\"ListItem\",\"position\":3,\"name\":\"Corner &#8220;L&#8221; Bracket\"}]},{\"@type\":\"WebSite\",\"@id\":\"https:\\\/\\\/www.ebrubaglanti.com\\\/#website\",\"url\":\"https:\\\/\\\/www.ebrubaglanti.com\\\/\",\"name\":\"EBRU Ba\u011flant\u0131 Elemanlar\u0131\",\"description\":\"Fasteners Supplier from Turkey\",\"potentialAction\":[{\"@type\":\"SearchAction\",\"target\":{\"@type\":\"EntryPoint\",\"urlTemplate\":\"https:\\\/\\\/www.ebrubaglanti.com\\\/?s={search_term_string}\"},\"query-input\":{\"@type\":\"PropertyValueSpecification\",\"valueRequired\":true,\"valueName\":\"search_term_string\"}}],\"inLanguage\":\"en-US\"}]}<\/script>\n<!-- \/ Yoast SEO plugin. -->","yoast_head_json":{"title":"Corner \"L\" Bracket - EBRU Ba\u011flant\u0131 Elemanlar\u0131","robots":{"index":"index","follow":"follow","max-snippet":"max-snippet:-1","max-image-preview":"max-image-preview:large","max-video-preview":"max-video-preview:-1"},"canonical":"https:\/\/www.ebrubaglanti.com\/en\/urun\/corner-l-bracket\/","og_locale":"en_US","og_type":"article","og_title":"Corner \"L\" Bracket - EBRU Ba\u011flant\u0131 Elemanlar\u0131","og_url":"https:\/\/www.ebrubaglanti.com\/en\/urun\/corner-l-bracket\/","og_site_name":"EBRU Ba\u011flant\u0131 Elemanlar\u0131","article_modified_time":"2021-12-02T09:25:58+00:00","og_image":[{"width":605,"height":363,"url":"https:\/\/www.ebrubaglanti.com\/wp-content\/uploads\/2019\/09\/masa_gonye_40x45x45.jpg","type":"image\/jpeg"}],"twitter_card":"summary_large_image","schema":{"@context":"https:\/\/schema.org","@graph":[{"@type":"WebPage","@id":"https:\/\/www.ebrubaglanti.com\/en\/urun\/corner-l-bracket\/","url":"https:\/\/www.ebrubaglanti.com\/en\/urun\/corner-l-bracket\/","name":"Corner \"L\" Bracket - EBRU Ba\u011flant\u0131 Elemanlar\u0131","isPartOf":{"@id":"https:\/\/www.ebrubaglanti.com\/#website"},"primaryImageOfPage":{"@id":"https:\/\/www.ebrubaglanti.com\/en\/urun\/corner-l-bracket\/#primaryimage"},"image":{"@id":"https:\/\/www.ebrubaglanti.com\/en\/urun\/corner-l-bracket\/#primaryimage"},"thumbnailUrl":"http:\/\/www.ebrubaglanti.com\/wp-content\/uploads\/2019\/09\/masa_gonye_40x45x45.jpg","datePublished":"2021-12-02T08:49:28+00:00","dateModified":"2021-12-02T09:25:58+00:00","breadcrumb":{"@id":"https:\/\/www.ebrubaglanti.com\/en\/urun\/corner-l-bracket\/#breadcrumb"},"inLanguage":"en-US","potentialAction":[{"@type":"ReadAction","target":["https:\/\/www.ebrubaglanti.com\/en\/urun\/corner-l-bracket\/"]}]},{"@type":"ImageObject","inLanguage":"en-US","@id":"https:\/\/www.ebrubaglanti.com\/en\/urun\/corner-l-bracket\/#primaryimage","url":"http:\/\/www.ebrubaglanti.com\/wp-content\/uploads\/2019\/09\/masa_gonye_40x45x45.jpg","contentUrl":"http:\/\/www.ebrubaglanti.com\/wp-content\/uploads\/2019\/09\/masa_gonye_40x45x45.jpg","width":605,"height":363},{"@type":"BreadcrumbList","@id":"https:\/\/www.ebrubaglanti.com\/en\/urun\/corner-l-bracket\/#breadcrumb","itemListElement":[{"@type":"ListItem","position":1,"name":"Ana sayfa","item":"https:\/\/www.ebrubaglanti.com\/en\/"},{"@type":"ListItem","position":2,"name":"\u00dcr\u00fcnler","item":"https:\/\/www.ebrubaglanti.com\/shop\/"},{"@type":"ListItem","position":3,"name":"Corner &#8220;L&#8221; Bracket"}]},{"@type":"WebSite","@id":"https:\/\/www.ebrubaglanti.com\/#website","url":"https:\/\/www.ebrubaglanti.com\/","name":"EBRU Ba\u011flant\u0131 Elemanlar\u0131","description":"Fasteners Supplier from Turkey","potentialAction":[{"@type":"SearchAction","target":{"@type":"EntryPoint","urlTemplate":"https:\/\/www.ebrubaglanti.com\/?s={search_term_string}"},"query-input":{"@type":"PropertyValueSpecification","valueRequired":true,"valueName":"search_term_string"}}],"inLanguage":"en-US"}]}},"_links":{"self":[{"href":"http:\/\/www.ebrubaglanti.com\/en\/wp-json\/wp\/v2\/product\/3748","targetHints":{"allow":["GET"]}}],"collection":[{"href":"http:\/\/www.ebrubaglanti.com\/en\/wp-json\/wp\/v2\/product"}],"about":[{"href":"http:\/\/www.ebrubaglanti.com\/en\/wp-json\/wp\/v2\/types\/product"}],"wp:featuredmedia":[{"embeddable":true,"href":"http:\/\/www.ebrubaglanti.com\/en\/wp-json\/wp\/v2\/media\/1661"}],"wp:attachment":[{"href":"http:\/\/www.ebrubaglanti.com\/en\/wp-json\/wp\/v2\/media?parent=3748"}],"wp:term":[{"taxonomy":"product_brand","embeddable":true,"href":"http:\/\/www.ebrubaglanti.com\/en\/wp-json\/wp\/v2\/product_brand?post=3748"},{"taxonomy":"product_cat","embeddable":true,"href":"http:\/\/www.ebrubaglanti.com\/en\/wp-json\/wp\/v2\/product_cat?post=3748"},{"taxonomy":"product_tag","embeddable":true,"href":"http:\/\/www.ebrubaglanti.com\/en\/wp-json\/wp\/v2\/product_tag?post=3748"}],"curies":[{"name":"wp","href":"https:\/\/api.w.org\/{rel}","templated":true}]}}