{"id":3753,"date":"2021-12-02T09:27:36","date_gmt":"2021-12-02T09:27:36","guid":{"rendered":"http:\/\/www.ebrubaglanti.com\/urun\/straight-bracket\/"},"modified":"2021-12-02T09:28:48","modified_gmt":"2021-12-02T09:28:48","slug":"straight-bracket","status":"publish","type":"product","link":"http:\/\/www.ebrubaglanti.com\/en\/urun\/straight-bracket\/","title":{"rendered":"Straight Bracket"},"content":{"rendered":"\n\t<section class=\"section\" id=\"section_1433039145\">\n\t\t<div class=\"section-bg fill\" >\n\t\t\t\t\t\t\t\t\t\n\t\t\t\n\n\t\t<\/div>\n\n\t\t\n\n\t\t<div class=\"section-content relative\">\n\t\t\t\n<div id=\"tablepress-809-scroll-wrapper\" class=\"tablepress-scroll-wrapper\">\n\n<table id=\"tablepress-809\" class=\"tablepress tablepress-id-809 tablepress-responsive\">\n<thead>\n<tr class=\"row-1\">\n\t<th class=\"column-1\">\u00dcR\u00dcN KODU<\/th><th class=\"column-2\">C\u0130NS\u0130<\/th><th class=\"column-3\">KALINLIK<\/th><th class=\"column-4\">A<\/th><th class=\"column-5\">B<\/th><th class=\"column-6\">KUTU ADED\u0130<\/th>\n<\/tr>\n<\/thead>\n<tbody class=\"row-striping row-hover\">\n<tr class=\"row-2\">\n\t<td class=\"column-1\">00809<\/td><td class=\"column-2\">15 x 50<\/td><td class=\"column-3\">2 mm<\/td><td class=\"column-4\">15<\/td><td class=\"column-5\">50<\/td><td class=\"column-6\">100 adet<\/td>\n<\/tr>\n<tr class=\"row-3\">\n\t<td class=\"column-1\">00810<\/td><td class=\"column-2\">15 x 70<\/td><td class=\"column-3\">2 mm<\/td><td class=\"column-4\">15<\/td><td class=\"column-5\">70<\/td><td class=\"column-6\">100 adet<\/td>\n<\/tr>\n<tr class=\"row-4\">\n\t<td class=\"column-1\">00811<\/td><td class=\"column-2\">15 x 90<\/td><td class=\"column-3\">2 mm<\/td><td class=\"column-4\">15<\/td><td class=\"column-5\">90<\/td><td class=\"column-6\">100 adet<\/td>\n<\/tr>\n<tr class=\"row-5\">\n\t<td class=\"column-1\">00812<\/td><td class=\"column-2\">15 x 110<\/td><td class=\"column-3\">2 mm<\/td><td class=\"column-4\">15<\/td><td class=\"column-5\">110<\/td><td class=\"column-6\">100 adet<\/td>\n<\/tr>\n<tr class=\"row-6\">\n\t<td class=\"column-1\">00813<\/td><td class=\"column-2\">15 x 130<\/td><td class=\"column-3\">2 mm<\/td><td class=\"column-4\">15<\/td><td class=\"column-5\">130<\/td><td class=\"column-6\">100 adet<\/td>\n<\/tr>\n<tr class=\"row-7\">\n\t<td class=\"column-1\">00814<\/td><td class=\"column-2\">15 x 150<\/td><td class=\"column-3\">2 mm<\/td><td class=\"column-4\">15<\/td><td class=\"column-5\">150<\/td><td class=\"column-6\">100 adet<\/td>\n<\/tr>\n<tr class=\"row-8\">\n\t<td class=\"column-1\">00840<\/td><td class=\"column-2\">20 x 50<\/td><td class=\"column-3\">2 mm<\/td><td class=\"column-4\">20<\/td><td class=\"column-5\">50<\/td><td class=\"column-6\">100 adet<\/td>\n<\/tr>\n<tr class=\"row-9\">\n\t<td class=\"column-1\">00841<\/td><td class=\"column-2\">20 x 70<\/td><td class=\"column-3\">2 mm<\/td><td class=\"column-4\">20<\/td><td class=\"column-5\">70<\/td><td class=\"column-6\">100 adet<\/td>\n<\/tr>\n<tr class=\"row-10\">\n\t<td class=\"column-1\">00842<\/td><td class=\"column-2\">20 x 90<\/td><td class=\"column-3\">2 mm<\/td><td class=\"column-4\">20<\/td><td class=\"column-5\">90<\/td><td class=\"column-6\">100 adet<\/td>\n<\/tr>\n<tr class=\"row-11\">\n\t<td class=\"column-1\">00843<\/td><td class=\"column-2\">20 x 110<\/td><td class=\"column-3\">2 mm<\/td><td class=\"column-4\">20<\/td><td class=\"column-5\">110<\/td><td class=\"column-6\">100 adet<\/td>\n<\/tr>\n<tr class=\"row-12\">\n\t<td class=\"column-1\">00844<\/td><td class=\"column-2\">20 x 130<\/td><td class=\"column-3\">2 mm<\/td><td class=\"column-4\">20<\/td><td class=\"column-5\">130<\/td><td class=\"column-6\">100 adet<\/td>\n<\/tr>\n<tr class=\"row-13\">\n\t<td class=\"column-1\">00845<\/td><td class=\"column-2\">20 x 150<\/td><td class=\"column-3\">2 mm<\/td><td class=\"column-4\">20<\/td><td class=\"column-5\">150<\/td><td class=\"column-6\">100 adet<\/td>\n<\/tr>\n<tr class=\"row-14\">\n\t<td class=\"column-1\">00846<\/td><td class=\"column-2\">20 x 170<\/td><td class=\"column-3\">2 mm<\/td><td class=\"column-4\">20<\/td><td class=\"column-5\">170<\/td><td class=\"column-6\">100 adet<\/td>\n<\/tr>\n<tr class=\"row-15\">\n\t<td class=\"column-1\">00847<\/td><td class=\"column-2\">20 x 190<\/td><td class=\"column-3\">2 mm<\/td><td class=\"column-4\">20<\/td><td class=\"column-5\">190<\/td><td class=\"column-6\">100 adet<\/td>\n<\/tr>\n<tr class=\"row-16\">\n\t<td class=\"column-1\">00827<\/td><td class=\"column-2\">23 x 60<\/td><td class=\"column-3\">2 mm<\/td><td class=\"column-4\">23<\/td><td class=\"column-5\">60<\/td><td class=\"column-6\">100 adet<\/td>\n<\/tr>\n<tr class=\"row-17\">\n\t<td class=\"column-1\">00848<\/td><td class=\"column-2\">25 x 100<\/td><td class=\"column-3\">2 mm<\/td><td class=\"column-4\">25<\/td><td class=\"column-5\">100<\/td><td class=\"column-6\">100 adet<\/td>\n<\/tr>\n<tr class=\"row-18\">\n\t<td class=\"column-1\">00820<\/td><td class=\"column-2\">30 x 50<\/td><td class=\"column-3\">2 mm<\/td><td class=\"column-4\">30<\/td><td class=\"column-5\">50<\/td><td class=\"column-6\">100 adet<\/td>\n<\/tr>\n<tr class=\"row-19\">\n\t<td class=\"column-1\">00821<\/td><td class=\"column-2\">30 x 70<\/td><td class=\"column-3\">2 mm<\/td><td class=\"column-4\">30<\/td><td class=\"column-5\">70<\/td><td class=\"column-6\">100 adet<\/td>\n<\/tr>\n<tr class=\"row-20\">\n\t<td class=\"column-1\">00822<\/td><td class=\"column-2\">30 x 90<\/td><td class=\"column-3\">2 mm<\/td><td class=\"column-4\">30<\/td><td class=\"column-5\">90<\/td><td class=\"column-6\">100 adet<\/td>\n<\/tr>\n<tr class=\"row-21\">\n\t<td class=\"column-1\">00830<\/td><td class=\"column-2\">40 x 100<\/td><td class=\"column-3\">2 mm<\/td><td class=\"column-4\">40<\/td><td class=\"column-5\">100<\/td><td class=\"column-6\">100 adet<\/td>\n<\/tr>\n<tr class=\"row-22\">\n\t<td class=\"column-1\">00833<\/td><td class=\"column-2\">55 x 150<\/td><td class=\"column-3\">2 mm<\/td><td class=\"column-4\">55<\/td><td class=\"column-5\">150<\/td><td class=\"column-6\">25 adet<\/td>\n<\/tr>\n<tr class=\"row-23\">\n\t<td class=\"column-1\">00834<\/td><td class=\"column-2\">55 x 200<\/td><td class=\"column-3\">2 mm<\/td><td class=\"column-4\">55<\/td><td class=\"column-5\">200<\/td><td class=\"column-6\">25 adet<\/td>\n<\/tr>\n<tr class=\"row-24\">\n\t<td class=\"column-1\">00859<\/td><td class=\"column-2\">86 x 156<\/td><td class=\"column-3\">2 mm<\/td><td class=\"column-4\">86<\/td><td class=\"column-5\">156<\/td><td class=\"column-6\">25 adet<\/td>\n<\/tr>\n<\/tbody>\n<\/table>\n\n<\/div><!-- #tablepress-809 from cache -->\n\t\t<\/div>\n\n\t\t\n<style>\n#section_1433039145 {\n  padding-top: 30px;\n  padding-bottom: 30px;\n}\n<\/style>\n\t<\/section>\n\t\n","protected":false},"excerpt":{"rendered":"","protected":false},"featured_media":1641,"template":"","meta":[],"product_brand":[],"product_cat":[195],"product_tag":[196,197,208],"class_list":{"0":"post-3753","1":"product","2":"type-product","3":"status-publish","4":"has-post-thumbnail","6":"product_cat-gonyeler-kose-baglanti-elemanlari-en","7":"product_tag-gonye-en","8":"product_tag-kose-en","9":"product_tag-straight-bracket","11":"first","12":"instock","13":"shipping-taxable","14":"product-type-simple"},"yoast_head":"<!-- This site is optimized with the Yoast SEO plugin v27.5 - https:\/\/yoast.com\/product\/yoast-seo-wordpress\/ -->\n<title>Straight Bracket - EBRU Ba\u011flant\u0131 Elemanlar\u0131<\/title>\n<meta name=\"robots\" content=\"index, follow, max-snippet:-1, max-image-preview:large, max-video-preview:-1\" \/>\n<link rel=\"canonical\" href=\"https:\/\/www.ebrubaglanti.com\/en\/urun\/straight-bracket\/\" \/>\n<meta property=\"og:locale\" content=\"en_US\" \/>\n<meta property=\"og:type\" content=\"article\" \/>\n<meta property=\"og:title\" content=\"Straight Bracket - EBRU Ba\u011flant\u0131 Elemanlar\u0131\" \/>\n<meta property=\"og:url\" content=\"https:\/\/www.ebrubaglanti.com\/en\/urun\/straight-bracket\/\" \/>\n<meta property=\"og:site_name\" content=\"EBRU Ba\u011flant\u0131 Elemanlar\u0131\" \/>\n<meta property=\"article:modified_time\" content=\"2021-12-02T09:28:48+00:00\" \/>\n<meta property=\"og:image\" content=\"https:\/\/www.ebrubaglanti.com\/wp-content\/uploads\/2019\/09\/duz_gonye_30x70.jpg\" \/>\n\t<meta property=\"og:image:width\" content=\"585\" \/>\n\t<meta property=\"og:image:height\" content=\"351\" \/>\n\t<meta property=\"og:image:type\" content=\"image\/jpeg\" \/>\n<meta name=\"twitter:card\" content=\"summary_large_image\" \/>\n<script type=\"application\/ld+json\" class=\"yoast-schema-graph\">{\"@context\":\"https:\\\/\\\/schema.org\",\"@graph\":[{\"@type\":\"WebPage\",\"@id\":\"https:\\\/\\\/www.ebrubaglanti.com\\\/en\\\/urun\\\/straight-bracket\\\/\",\"url\":\"https:\\\/\\\/www.ebrubaglanti.com\\\/en\\\/urun\\\/straight-bracket\\\/\",\"name\":\"Straight Bracket - EBRU Ba\u011flant\u0131 Elemanlar\u0131\",\"isPartOf\":{\"@id\":\"https:\\\/\\\/www.ebrubaglanti.com\\\/#website\"},\"primaryImageOfPage\":{\"@id\":\"https:\\\/\\\/www.ebrubaglanti.com\\\/en\\\/urun\\\/straight-bracket\\\/#primaryimage\"},\"image\":{\"@id\":\"https:\\\/\\\/www.ebrubaglanti.com\\\/en\\\/urun\\\/straight-bracket\\\/#primaryimage\"},\"thumbnailUrl\":\"http:\\\/\\\/www.ebrubaglanti.com\\\/wp-content\\\/uploads\\\/2019\\\/09\\\/duz_gonye_30x70.jpg\",\"datePublished\":\"2021-12-02T09:27:36+00:00\",\"dateModified\":\"2021-12-02T09:28:48+00:00\",\"breadcrumb\":{\"@id\":\"https:\\\/\\\/www.ebrubaglanti.com\\\/en\\\/urun\\\/straight-bracket\\\/#breadcrumb\"},\"inLanguage\":\"en-US\",\"potentialAction\":[{\"@type\":\"ReadAction\",\"target\":[\"https:\\\/\\\/www.ebrubaglanti.com\\\/en\\\/urun\\\/straight-bracket\\\/\"]}]},{\"@type\":\"ImageObject\",\"inLanguage\":\"en-US\",\"@id\":\"https:\\\/\\\/www.ebrubaglanti.com\\\/en\\\/urun\\\/straight-bracket\\\/#primaryimage\",\"url\":\"http:\\\/\\\/www.ebrubaglanti.com\\\/wp-content\\\/uploads\\\/2019\\\/09\\\/duz_gonye_30x70.jpg\",\"contentUrl\":\"http:\\\/\\\/www.ebrubaglanti.com\\\/wp-content\\\/uploads\\\/2019\\\/09\\\/duz_gonye_30x70.jpg\",\"width\":585,\"height\":351},{\"@type\":\"BreadcrumbList\",\"@id\":\"https:\\\/\\\/www.ebrubaglanti.com\\\/en\\\/urun\\\/straight-bracket\\\/#breadcrumb\",\"itemListElement\":[{\"@type\":\"ListItem\",\"position\":1,\"name\":\"Ana sayfa\",\"item\":\"https:\\\/\\\/www.ebrubaglanti.com\\\/en\\\/\"},{\"@type\":\"ListItem\",\"position\":2,\"name\":\"\u00dcr\u00fcnler\",\"item\":\"https:\\\/\\\/www.ebrubaglanti.com\\\/shop\\\/\"},{\"@type\":\"ListItem\",\"position\":3,\"name\":\"Straight Bracket\"}]},{\"@type\":\"WebSite\",\"@id\":\"https:\\\/\\\/www.ebrubaglanti.com\\\/#website\",\"url\":\"https:\\\/\\\/www.ebrubaglanti.com\\\/\",\"name\":\"EBRU Ba\u011flant\u0131 Elemanlar\u0131\",\"description\":\"Fasteners Supplier from Turkey\",\"potentialAction\":[{\"@type\":\"SearchAction\",\"target\":{\"@type\":\"EntryPoint\",\"urlTemplate\":\"https:\\\/\\\/www.ebrubaglanti.com\\\/?s={search_term_string}\"},\"query-input\":{\"@type\":\"PropertyValueSpecification\",\"valueRequired\":true,\"valueName\":\"search_term_string\"}}],\"inLanguage\":\"en-US\"}]}<\/script>\n<!-- \/ Yoast SEO plugin. -->","yoast_head_json":{"title":"Straight Bracket - EBRU Ba\u011flant\u0131 Elemanlar\u0131","robots":{"index":"index","follow":"follow","max-snippet":"max-snippet:-1","max-image-preview":"max-image-preview:large","max-video-preview":"max-video-preview:-1"},"canonical":"https:\/\/www.ebrubaglanti.com\/en\/urun\/straight-bracket\/","og_locale":"en_US","og_type":"article","og_title":"Straight Bracket - EBRU Ba\u011flant\u0131 Elemanlar\u0131","og_url":"https:\/\/www.ebrubaglanti.com\/en\/urun\/straight-bracket\/","og_site_name":"EBRU Ba\u011flant\u0131 Elemanlar\u0131","article_modified_time":"2021-12-02T09:28:48+00:00","og_image":[{"width":585,"height":351,"url":"https:\/\/www.ebrubaglanti.com\/wp-content\/uploads\/2019\/09\/duz_gonye_30x70.jpg","type":"image\/jpeg"}],"twitter_card":"summary_large_image","schema":{"@context":"https:\/\/schema.org","@graph":[{"@type":"WebPage","@id":"https:\/\/www.ebrubaglanti.com\/en\/urun\/straight-bracket\/","url":"https:\/\/www.ebrubaglanti.com\/en\/urun\/straight-bracket\/","name":"Straight Bracket - EBRU Ba\u011flant\u0131 Elemanlar\u0131","isPartOf":{"@id":"https:\/\/www.ebrubaglanti.com\/#website"},"primaryImageOfPage":{"@id":"https:\/\/www.ebrubaglanti.com\/en\/urun\/straight-bracket\/#primaryimage"},"image":{"@id":"https:\/\/www.ebrubaglanti.com\/en\/urun\/straight-bracket\/#primaryimage"},"thumbnailUrl":"http:\/\/www.ebrubaglanti.com\/wp-content\/uploads\/2019\/09\/duz_gonye_30x70.jpg","datePublished":"2021-12-02T09:27:36+00:00","dateModified":"2021-12-02T09:28:48+00:00","breadcrumb":{"@id":"https:\/\/www.ebrubaglanti.com\/en\/urun\/straight-bracket\/#breadcrumb"},"inLanguage":"en-US","potentialAction":[{"@type":"ReadAction","target":["https:\/\/www.ebrubaglanti.com\/en\/urun\/straight-bracket\/"]}]},{"@type":"ImageObject","inLanguage":"en-US","@id":"https:\/\/www.ebrubaglanti.com\/en\/urun\/straight-bracket\/#primaryimage","url":"http:\/\/www.ebrubaglanti.com\/wp-content\/uploads\/2019\/09\/duz_gonye_30x70.jpg","contentUrl":"http:\/\/www.ebrubaglanti.com\/wp-content\/uploads\/2019\/09\/duz_gonye_30x70.jpg","width":585,"height":351},{"@type":"BreadcrumbList","@id":"https:\/\/www.ebrubaglanti.com\/en\/urun\/straight-bracket\/#breadcrumb","itemListElement":[{"@type":"ListItem","position":1,"name":"Ana sayfa","item":"https:\/\/www.ebrubaglanti.com\/en\/"},{"@type":"ListItem","position":2,"name":"\u00dcr\u00fcnler","item":"https:\/\/www.ebrubaglanti.com\/shop\/"},{"@type":"ListItem","position":3,"name":"Straight Bracket"}]},{"@type":"WebSite","@id":"https:\/\/www.ebrubaglanti.com\/#website","url":"https:\/\/www.ebrubaglanti.com\/","name":"EBRU Ba\u011flant\u0131 Elemanlar\u0131","description":"Fasteners Supplier from Turkey","potentialAction":[{"@type":"SearchAction","target":{"@type":"EntryPoint","urlTemplate":"https:\/\/www.ebrubaglanti.com\/?s={search_term_string}"},"query-input":{"@type":"PropertyValueSpecification","valueRequired":true,"valueName":"search_term_string"}}],"inLanguage":"en-US"}]}},"_links":{"self":[{"href":"http:\/\/www.ebrubaglanti.com\/en\/wp-json\/wp\/v2\/product\/3753","targetHints":{"allow":["GET"]}}],"collection":[{"href":"http:\/\/www.ebrubaglanti.com\/en\/wp-json\/wp\/v2\/product"}],"about":[{"href":"http:\/\/www.ebrubaglanti.com\/en\/wp-json\/wp\/v2\/types\/product"}],"wp:featuredmedia":[{"embeddable":true,"href":"http:\/\/www.ebrubaglanti.com\/en\/wp-json\/wp\/v2\/media\/1641"}],"wp:attachment":[{"href":"http:\/\/www.ebrubaglanti.com\/en\/wp-json\/wp\/v2\/media?parent=3753"}],"wp:term":[{"taxonomy":"product_brand","embeddable":true,"href":"http:\/\/www.ebrubaglanti.com\/en\/wp-json\/wp\/v2\/product_brand?post=3753"},{"taxonomy":"product_cat","embeddable":true,"href":"http:\/\/www.ebrubaglanti.com\/en\/wp-json\/wp\/v2\/product_cat?post=3753"},{"taxonomy":"product_tag","embeddable":true,"href":"http:\/\/www.ebrubaglanti.com\/en\/wp-json\/wp\/v2\/product_tag?post=3753"}],"curies":[{"name":"wp","href":"https:\/\/api.w.org\/{rel}","templated":true}]}}