{"id":3768,"date":"2021-12-02T10:18:58","date_gmt":"2021-12-02T10:18:58","guid":{"rendered":"http:\/\/www.ebrubaglanti.com\/urun\/hexagon-nut\/"},"modified":"2021-12-02T10:21:50","modified_gmt":"2021-12-02T10:21:50","slug":"hexagon-nut","status":"publish","type":"product","link":"http:\/\/www.ebrubaglanti.com\/en\/urun\/hexagon-nut\/","title":{"rendered":"Hexagon Nut"},"content":{"rendered":"\n\t<section class=\"section\" id=\"section_485350200\">\n\t\t<div class=\"section-bg fill\" >\n\t\t\t\t\t\t\t\t\t\n\t\t\t\n\n\t\t<\/div>\n\n\t\t\n\n\t\t<div class=\"section-content relative\">\n\t\t\t\n<div id=\"tablepress-390-scroll-wrapper\" class=\"tablepress-scroll-wrapper\">\n\n<table id=\"tablepress-390\" class=\"tablepress tablepress-id-390 tablepress-responsive\">\n<thead>\n<tr class=\"row-1\">\n\t<th class=\"column-1\">\u00dcR\u00dcN KODU<\/th><th class=\"column-2\">C\u0130NS\u0130<\/th><th class=\"column-3\">PITCH \/ D\u0130\u015e ADIMI (mm)<\/th><th class=\"column-4\">KUTU A\u011eIRLI\u011eI<\/th><th class=\"column-5\">PAKET ADED\u0130<\/th>\n<\/tr>\n<\/thead>\n<tbody class=\"row-striping row-hover\">\n<tr class=\"row-2\">\n\t<td class=\"column-1\">00390<\/td><td class=\"column-2\">M4<\/td><td class=\"column-3\">0,70<\/td><td class=\"column-4\">682 gram<\/td><td class=\"column-5\">1000 adet<\/td>\n<\/tr>\n<tr class=\"row-3\">\n\t<td class=\"column-1\">00391<\/td><td class=\"column-2\">M5<\/td><td class=\"column-3\">0,80<\/td><td class=\"column-4\">1030 gram<\/td><td class=\"column-5\">1000 adet<\/td>\n<\/tr>\n<tr class=\"row-4\">\n\t<td class=\"column-1\">00392<\/td><td class=\"column-2\">M6<\/td><td class=\"column-3\">1,00<\/td><td class=\"column-4\">2047 gram<\/td><td class=\"column-5\">1000 adet<\/td>\n<\/tr>\n<tr class=\"row-5\">\n\t<td class=\"column-1\">00393<\/td><td class=\"column-2\">M8<\/td><td class=\"column-3\">1,25<\/td><td class=\"column-4\">2312 gram<\/td><td class=\"column-5\">500 adet<\/td>\n<\/tr>\n<tr class=\"row-6\">\n\t<td class=\"column-1\">00394<\/td><td class=\"column-2\">M10<\/td><td class=\"column-3\">1,50<\/td><td class=\"column-4\">2560 gram<\/td><td class=\"column-5\">250 adet<\/td>\n<\/tr>\n<tr class=\"row-7\">\n\t<td class=\"column-1\">00395<\/td><td class=\"column-2\">M12<\/td><td class=\"column-3\">1,75<\/td><td class=\"column-4\">3847 gram<\/td><td class=\"column-5\">250 adet<\/td>\n<\/tr>\n<tr class=\"row-8\">\n\t<td class=\"column-1\">00396<\/td><td class=\"column-2\">M14<\/td><td class=\"column-3\">2,00<\/td><td class=\"column-4\">2221 gram<\/td><td class=\"column-5\">100 adet<\/td>\n<\/tr>\n<tr class=\"row-9\">\n\t<td class=\"column-1\">00397<\/td><td class=\"column-2\">M16<\/td><td class=\"column-3\">2,00<\/td><td class=\"column-4\">2928 gram<\/td><td class=\"column-5\">100 adet<\/td>\n<\/tr>\n<tr class=\"row-10\">\n\t<td class=\"column-1\">00389<\/td><td class=\"column-2\">M18<\/td><td class=\"column-3\">2,50<\/td><td class=\"column-4\">2051 gram<\/td><td class=\"column-5\">50 adet<\/td>\n<\/tr>\n<tr class=\"row-11\">\n\t<td class=\"column-1\">00388<\/td><td class=\"column-2\">M20<\/td><td class=\"column-3\">2,50<\/td><td class=\"column-4\">2590 gram<\/td><td class=\"column-5\">50 adet<\/td>\n<\/tr>\n<tr class=\"row-12\">\n\t<td class=\"column-1\">00398<\/td><td class=\"column-2\">\"1\/4<\/td><td class=\"column-3\">20,00<\/td><td class=\"column-4\">2847 gram<\/td><td class=\"column-5\">500 adet<\/td>\n<\/tr>\n<tr class=\"row-13\">\n\t<td class=\"column-1\">00399<\/td><td class=\"column-2\">\"5\/16<\/td><td class=\"column-3\">18,00<\/td><td class=\"column-4\">2305 gram<\/td><td class=\"column-5\">500 adet<\/td>\n<\/tr>\n<\/tbody>\n<\/table>\n\n<\/div><!-- #tablepress-390 from cache -->\n\t\t<\/div>\n\n\t\t\n<style>\n#section_485350200 {\n  padding-top: 30px;\n  padding-bottom: 30px;\n}\n<\/style>\n\t<\/section>\n\t\n","protected":false},"excerpt":{"rendered":"","protected":false},"featured_media":1621,"template":"","meta":[],"product_brand":[],"product_cat":[242],"product_tag":[243,255],"class_list":{"0":"post-3768","1":"product","2":"type-product","3":"status-publish","4":"has-post-thumbnail","6":"product_cat-nut","7":"product_tag-nut","8":"product_tag-standard","10":"first","11":"instock","12":"shipping-taxable","13":"product-type-simple"},"yoast_head":"<!-- This site is optimized with the Yoast SEO plugin v27.5 - https:\/\/yoast.com\/product\/yoast-seo-wordpress\/ -->\n<title>Hexagon Nut - EBRU Ba\u011flant\u0131 Elemanlar\u0131<\/title>\n<meta name=\"robots\" content=\"index, follow, max-snippet:-1, max-image-preview:large, max-video-preview:-1\" \/>\n<link rel=\"canonical\" href=\"http:\/\/www.ebrubaglanti.com\/en\/urun\/hexagon-nut\/\" \/>\n<meta property=\"og:locale\" content=\"en_US\" \/>\n<meta property=\"og:type\" content=\"article\" \/>\n<meta property=\"og:title\" content=\"Hexagon Nut - EBRU Ba\u011flant\u0131 Elemanlar\u0131\" \/>\n<meta property=\"og:url\" content=\"http:\/\/www.ebrubaglanti.com\/en\/urun\/hexagon-nut\/\" \/>\n<meta property=\"og:site_name\" content=\"EBRU Ba\u011flant\u0131 Elemanlar\u0131\" \/>\n<meta property=\"article:modified_time\" content=\"2021-12-02T10:21:50+00:00\" \/>\n<meta property=\"og:image\" content=\"http:\/\/www.ebrubaglanti.com\/wp-content\/uploads\/2019\/09\/somun.jpg\" \/>\n\t<meta property=\"og:image:width\" content=\"585\" \/>\n\t<meta property=\"og:image:height\" content=\"351\" \/>\n\t<meta property=\"og:image:type\" content=\"image\/jpeg\" \/>\n<meta name=\"twitter:card\" content=\"summary_large_image\" \/>\n<script type=\"application\/ld+json\" class=\"yoast-schema-graph\">{\"@context\":\"https:\\\/\\\/schema.org\",\"@graph\":[{\"@type\":\"WebPage\",\"@id\":\"http:\\\/\\\/www.ebrubaglanti.com\\\/en\\\/urun\\\/hexagon-nut\\\/\",\"url\":\"http:\\\/\\\/www.ebrubaglanti.com\\\/en\\\/urun\\\/hexagon-nut\\\/\",\"name\":\"Hexagon Nut - EBRU Ba\u011flant\u0131 Elemanlar\u0131\",\"isPartOf\":{\"@id\":\"https:\\\/\\\/www.ebrubaglanti.com\\\/en\\\/#website\"},\"primaryImageOfPage\":{\"@id\":\"http:\\\/\\\/www.ebrubaglanti.com\\\/en\\\/urun\\\/hexagon-nut\\\/#primaryimage\"},\"image\":{\"@id\":\"http:\\\/\\\/www.ebrubaglanti.com\\\/en\\\/urun\\\/hexagon-nut\\\/#primaryimage\"},\"thumbnailUrl\":\"http:\\\/\\\/www.ebrubaglanti.com\\\/wp-content\\\/uploads\\\/2019\\\/09\\\/somun.jpg\",\"datePublished\":\"2021-12-02T10:18:58+00:00\",\"dateModified\":\"2021-12-02T10:21:50+00:00\",\"breadcrumb\":{\"@id\":\"http:\\\/\\\/www.ebrubaglanti.com\\\/en\\\/urun\\\/hexagon-nut\\\/#breadcrumb\"},\"inLanguage\":\"en-US\",\"potentialAction\":[{\"@type\":\"ReadAction\",\"target\":[\"http:\\\/\\\/www.ebrubaglanti.com\\\/en\\\/urun\\\/hexagon-nut\\\/\"]}]},{\"@type\":\"ImageObject\",\"inLanguage\":\"en-US\",\"@id\":\"http:\\\/\\\/www.ebrubaglanti.com\\\/en\\\/urun\\\/hexagon-nut\\\/#primaryimage\",\"url\":\"http:\\\/\\\/www.ebrubaglanti.com\\\/wp-content\\\/uploads\\\/2019\\\/09\\\/somun.jpg\",\"contentUrl\":\"http:\\\/\\\/www.ebrubaglanti.com\\\/wp-content\\\/uploads\\\/2019\\\/09\\\/somun.jpg\",\"width\":585,\"height\":351},{\"@type\":\"BreadcrumbList\",\"@id\":\"http:\\\/\\\/www.ebrubaglanti.com\\\/en\\\/urun\\\/hexagon-nut\\\/#breadcrumb\",\"itemListElement\":[{\"@type\":\"ListItem\",\"position\":1,\"name\":\"Ana sayfa\",\"item\":\"https:\\\/\\\/www.ebrubaglanti.com\\\/en\\\/\"},{\"@type\":\"ListItem\",\"position\":2,\"name\":\"\u00dcr\u00fcnler\",\"item\":\"https:\\\/\\\/www.ebrubaglanti.com\\\/shop\\\/\"},{\"@type\":\"ListItem\",\"position\":3,\"name\":\"Hexagon Nut\"}]},{\"@type\":\"WebSite\",\"@id\":\"https:\\\/\\\/www.ebrubaglanti.com\\\/en\\\/#website\",\"url\":\"https:\\\/\\\/www.ebrubaglanti.com\\\/en\\\/\",\"name\":\"EBRU Ba\u011flant\u0131 Elemanlar\u0131\",\"description\":\"Fasteners Supplier from Turkey\",\"potentialAction\":[{\"@type\":\"SearchAction\",\"target\":{\"@type\":\"EntryPoint\",\"urlTemplate\":\"https:\\\/\\\/www.ebrubaglanti.com\\\/en\\\/?s={search_term_string}\"},\"query-input\":{\"@type\":\"PropertyValueSpecification\",\"valueRequired\":true,\"valueName\":\"search_term_string\"}}],\"inLanguage\":\"en-US\"}]}<\/script>\n<!-- \/ Yoast SEO plugin. -->","yoast_head_json":{"title":"Hexagon Nut - EBRU Ba\u011flant\u0131 Elemanlar\u0131","robots":{"index":"index","follow":"follow","max-snippet":"max-snippet:-1","max-image-preview":"max-image-preview:large","max-video-preview":"max-video-preview:-1"},"canonical":"http:\/\/www.ebrubaglanti.com\/en\/urun\/hexagon-nut\/","og_locale":"en_US","og_type":"article","og_title":"Hexagon Nut - EBRU Ba\u011flant\u0131 Elemanlar\u0131","og_url":"http:\/\/www.ebrubaglanti.com\/en\/urun\/hexagon-nut\/","og_site_name":"EBRU Ba\u011flant\u0131 Elemanlar\u0131","article_modified_time":"2021-12-02T10:21:50+00:00","og_image":[{"width":585,"height":351,"url":"http:\/\/www.ebrubaglanti.com\/wp-content\/uploads\/2019\/09\/somun.jpg","type":"image\/jpeg"}],"twitter_card":"summary_large_image","schema":{"@context":"https:\/\/schema.org","@graph":[{"@type":"WebPage","@id":"http:\/\/www.ebrubaglanti.com\/en\/urun\/hexagon-nut\/","url":"http:\/\/www.ebrubaglanti.com\/en\/urun\/hexagon-nut\/","name":"Hexagon Nut - EBRU Ba\u011flant\u0131 Elemanlar\u0131","isPartOf":{"@id":"https:\/\/www.ebrubaglanti.com\/en\/#website"},"primaryImageOfPage":{"@id":"http:\/\/www.ebrubaglanti.com\/en\/urun\/hexagon-nut\/#primaryimage"},"image":{"@id":"http:\/\/www.ebrubaglanti.com\/en\/urun\/hexagon-nut\/#primaryimage"},"thumbnailUrl":"http:\/\/www.ebrubaglanti.com\/wp-content\/uploads\/2019\/09\/somun.jpg","datePublished":"2021-12-02T10:18:58+00:00","dateModified":"2021-12-02T10:21:50+00:00","breadcrumb":{"@id":"http:\/\/www.ebrubaglanti.com\/en\/urun\/hexagon-nut\/#breadcrumb"},"inLanguage":"en-US","potentialAction":[{"@type":"ReadAction","target":["http:\/\/www.ebrubaglanti.com\/en\/urun\/hexagon-nut\/"]}]},{"@type":"ImageObject","inLanguage":"en-US","@id":"http:\/\/www.ebrubaglanti.com\/en\/urun\/hexagon-nut\/#primaryimage","url":"http:\/\/www.ebrubaglanti.com\/wp-content\/uploads\/2019\/09\/somun.jpg","contentUrl":"http:\/\/www.ebrubaglanti.com\/wp-content\/uploads\/2019\/09\/somun.jpg","width":585,"height":351},{"@type":"BreadcrumbList","@id":"http:\/\/www.ebrubaglanti.com\/en\/urun\/hexagon-nut\/#breadcrumb","itemListElement":[{"@type":"ListItem","position":1,"name":"Ana sayfa","item":"https:\/\/www.ebrubaglanti.com\/en\/"},{"@type":"ListItem","position":2,"name":"\u00dcr\u00fcnler","item":"https:\/\/www.ebrubaglanti.com\/shop\/"},{"@type":"ListItem","position":3,"name":"Hexagon Nut"}]},{"@type":"WebSite","@id":"https:\/\/www.ebrubaglanti.com\/en\/#website","url":"https:\/\/www.ebrubaglanti.com\/en\/","name":"EBRU Ba\u011flant\u0131 Elemanlar\u0131","description":"Fasteners Supplier from Turkey","potentialAction":[{"@type":"SearchAction","target":{"@type":"EntryPoint","urlTemplate":"https:\/\/www.ebrubaglanti.com\/en\/?s={search_term_string}"},"query-input":{"@type":"PropertyValueSpecification","valueRequired":true,"valueName":"search_term_string"}}],"inLanguage":"en-US"}]}},"_links":{"self":[{"href":"http:\/\/www.ebrubaglanti.com\/en\/wp-json\/wp\/v2\/product\/3768","targetHints":{"allow":["GET"]}}],"collection":[{"href":"http:\/\/www.ebrubaglanti.com\/en\/wp-json\/wp\/v2\/product"}],"about":[{"href":"http:\/\/www.ebrubaglanti.com\/en\/wp-json\/wp\/v2\/types\/product"}],"wp:featuredmedia":[{"embeddable":true,"href":"http:\/\/www.ebrubaglanti.com\/en\/wp-json\/wp\/v2\/media\/1621"}],"wp:attachment":[{"href":"http:\/\/www.ebrubaglanti.com\/en\/wp-json\/wp\/v2\/media?parent=3768"}],"wp:term":[{"taxonomy":"product_brand","embeddable":true,"href":"http:\/\/www.ebrubaglanti.com\/en\/wp-json\/wp\/v2\/product_brand?post=3768"},{"taxonomy":"product_cat","embeddable":true,"href":"http:\/\/www.ebrubaglanti.com\/en\/wp-json\/wp\/v2\/product_cat?post=3768"},{"taxonomy":"product_tag","embeddable":true,"href":"http:\/\/www.ebrubaglanti.com\/en\/wp-json\/wp\/v2\/product_tag?post=3768"}],"curies":[{"name":"wp","href":"https:\/\/api.w.org\/{rel}","templated":true}]}}