{"id":3780,"date":"2021-12-02T11:14:05","date_gmt":"2021-12-02T11:14:05","guid":{"rendered":"http:\/\/www.ebrubaglanti.com\/urun\/metal-drywall-anchors\/"},"modified":"2021-12-02T11:16:14","modified_gmt":"2021-12-02T11:16:14","slug":"metal-drywall-anchors","status":"publish","type":"product","link":"http:\/\/www.ebrubaglanti.com\/en\/urun\/metal-drywall-anchors\/","title":{"rendered":"Metal Drywall Anchors"},"content":{"rendered":"","protected":false},"excerpt":{"rendered":"","protected":false},"featured_media":1609,"template":"","meta":[],"product_brand":[],"product_cat":[276,262],"product_tag":[280,279,282,281],"class_list":{"0":"post-3780","1":"product","2":"type-product","3":"status-publish","4":"has-post-thumbnail","6":"product_cat-metal-anchors","7":"product_cat-plug","8":"product_tag-drywall-anchors","9":"product_tag-metal-anchors","10":"product_tag-metal-drywall","11":"product_tag-metal-drywall-anchors","13":"first","14":"instock","15":"shipping-taxable","16":"product-type-simple"},"yoast_head":"<!-- This site is optimized with the Yoast SEO plugin v27.5 - https:\/\/yoast.com\/product\/yoast-seo-wordpress\/ -->\n<title>Metal Drywall Anchors - EBRU Ba\u011flant\u0131 Elemanlar\u0131<\/title>\n<meta name=\"robots\" content=\"index, follow, max-snippet:-1, max-image-preview:large, max-video-preview:-1\" \/>\n<link rel=\"canonical\" href=\"http:\/\/www.ebrubaglanti.com\/en\/urun\/metal-drywall-anchors\/\" \/>\n<meta property=\"og:locale\" content=\"en_US\" \/>\n<meta property=\"og:type\" content=\"article\" \/>\n<meta property=\"og:title\" content=\"Metal Drywall Anchors - EBRU Ba\u011flant\u0131 Elemanlar\u0131\" \/>\n<meta property=\"og:url\" content=\"http:\/\/www.ebrubaglanti.com\/en\/urun\/metal-drywall-anchors\/\" \/>\n<meta property=\"og:site_name\" content=\"EBRU Ba\u011flant\u0131 Elemanlar\u0131\" \/>\n<meta property=\"article:modified_time\" content=\"2021-12-02T11:16:14+00:00\" \/>\n<meta property=\"og:image\" content=\"http:\/\/www.ebrubaglanti.com\/wp-content\/uploads\/2019\/09\/metal_alcipan_d\u00fcbeli.jpg\" \/>\n\t<meta property=\"og:image:width\" content=\"585\" \/>\n\t<meta property=\"og:image:height\" content=\"351\" \/>\n\t<meta property=\"og:image:type\" content=\"image\/jpeg\" \/>\n<meta name=\"twitter:card\" content=\"summary_large_image\" \/>\n<script type=\"application\/ld+json\" class=\"yoast-schema-graph\">{\"@context\":\"https:\\\/\\\/schema.org\",\"@graph\":[{\"@type\":\"WebPage\",\"@id\":\"http:\\\/\\\/www.ebrubaglanti.com\\\/en\\\/urun\\\/metal-drywall-anchors\\\/\",\"url\":\"http:\\\/\\\/www.ebrubaglanti.com\\\/en\\\/urun\\\/metal-drywall-anchors\\\/\",\"name\":\"Metal Drywall Anchors - EBRU Ba\u011flant\u0131 Elemanlar\u0131\",\"isPartOf\":{\"@id\":\"https:\\\/\\\/www.ebrubaglanti.com\\\/en\\\/#website\"},\"primaryImageOfPage\":{\"@id\":\"http:\\\/\\\/www.ebrubaglanti.com\\\/en\\\/urun\\\/metal-drywall-anchors\\\/#primaryimage\"},\"image\":{\"@id\":\"http:\\\/\\\/www.ebrubaglanti.com\\\/en\\\/urun\\\/metal-drywall-anchors\\\/#primaryimage\"},\"thumbnailUrl\":\"http:\\\/\\\/www.ebrubaglanti.com\\\/wp-content\\\/uploads\\\/2019\\\/09\\\/metal_alcipan_d\u00fcbeli.jpg\",\"datePublished\":\"2021-12-02T11:14:05+00:00\",\"dateModified\":\"2021-12-02T11:16:14+00:00\",\"breadcrumb\":{\"@id\":\"http:\\\/\\\/www.ebrubaglanti.com\\\/en\\\/urun\\\/metal-drywall-anchors\\\/#breadcrumb\"},\"inLanguage\":\"en-US\",\"potentialAction\":[{\"@type\":\"ReadAction\",\"target\":[\"http:\\\/\\\/www.ebrubaglanti.com\\\/en\\\/urun\\\/metal-drywall-anchors\\\/\"]}]},{\"@type\":\"ImageObject\",\"inLanguage\":\"en-US\",\"@id\":\"http:\\\/\\\/www.ebrubaglanti.com\\\/en\\\/urun\\\/metal-drywall-anchors\\\/#primaryimage\",\"url\":\"http:\\\/\\\/www.ebrubaglanti.com\\\/wp-content\\\/uploads\\\/2019\\\/09\\\/metal_alcipan_d\u00fcbeli.jpg\",\"contentUrl\":\"http:\\\/\\\/www.ebrubaglanti.com\\\/wp-content\\\/uploads\\\/2019\\\/09\\\/metal_alcipan_d\u00fcbeli.jpg\",\"width\":585,\"height\":351},{\"@type\":\"BreadcrumbList\",\"@id\":\"http:\\\/\\\/www.ebrubaglanti.com\\\/en\\\/urun\\\/metal-drywall-anchors\\\/#breadcrumb\",\"itemListElement\":[{\"@type\":\"ListItem\",\"position\":1,\"name\":\"Ana sayfa\",\"item\":\"https:\\\/\\\/www.ebrubaglanti.com\\\/en\\\/\"},{\"@type\":\"ListItem\",\"position\":2,\"name\":\"\u00dcr\u00fcnler\",\"item\":\"https:\\\/\\\/www.ebrubaglanti.com\\\/shop\\\/\"},{\"@type\":\"ListItem\",\"position\":3,\"name\":\"Metal Drywall Anchors\"}]},{\"@type\":\"WebSite\",\"@id\":\"https:\\\/\\\/www.ebrubaglanti.com\\\/en\\\/#website\",\"url\":\"https:\\\/\\\/www.ebrubaglanti.com\\\/en\\\/\",\"name\":\"EBRU Ba\u011flant\u0131 Elemanlar\u0131\",\"description\":\"Fasteners Supplier from Turkey\",\"potentialAction\":[{\"@type\":\"SearchAction\",\"target\":{\"@type\":\"EntryPoint\",\"urlTemplate\":\"https:\\\/\\\/www.ebrubaglanti.com\\\/en\\\/?s={search_term_string}\"},\"query-input\":{\"@type\":\"PropertyValueSpecification\",\"valueRequired\":true,\"valueName\":\"search_term_string\"}}],\"inLanguage\":\"en-US\"}]}<\/script>\n<!-- \/ Yoast SEO plugin. -->","yoast_head_json":{"title":"Metal Drywall Anchors - EBRU Ba\u011flant\u0131 Elemanlar\u0131","robots":{"index":"index","follow":"follow","max-snippet":"max-snippet:-1","max-image-preview":"max-image-preview:large","max-video-preview":"max-video-preview:-1"},"canonical":"http:\/\/www.ebrubaglanti.com\/en\/urun\/metal-drywall-anchors\/","og_locale":"en_US","og_type":"article","og_title":"Metal Drywall Anchors - EBRU Ba\u011flant\u0131 Elemanlar\u0131","og_url":"http:\/\/www.ebrubaglanti.com\/en\/urun\/metal-drywall-anchors\/","og_site_name":"EBRU Ba\u011flant\u0131 Elemanlar\u0131","article_modified_time":"2021-12-02T11:16:14+00:00","og_image":[{"width":585,"height":351,"url":"http:\/\/www.ebrubaglanti.com\/wp-content\/uploads\/2019\/09\/metal_alcipan_d\u00fcbeli.jpg","type":"image\/jpeg"}],"twitter_card":"summary_large_image","schema":{"@context":"https:\/\/schema.org","@graph":[{"@type":"WebPage","@id":"http:\/\/www.ebrubaglanti.com\/en\/urun\/metal-drywall-anchors\/","url":"http:\/\/www.ebrubaglanti.com\/en\/urun\/metal-drywall-anchors\/","name":"Metal Drywall Anchors - EBRU Ba\u011flant\u0131 Elemanlar\u0131","isPartOf":{"@id":"https:\/\/www.ebrubaglanti.com\/en\/#website"},"primaryImageOfPage":{"@id":"http:\/\/www.ebrubaglanti.com\/en\/urun\/metal-drywall-anchors\/#primaryimage"},"image":{"@id":"http:\/\/www.ebrubaglanti.com\/en\/urun\/metal-drywall-anchors\/#primaryimage"},"thumbnailUrl":"http:\/\/www.ebrubaglanti.com\/wp-content\/uploads\/2019\/09\/metal_alcipan_d\u00fcbeli.jpg","datePublished":"2021-12-02T11:14:05+00:00","dateModified":"2021-12-02T11:16:14+00:00","breadcrumb":{"@id":"http:\/\/www.ebrubaglanti.com\/en\/urun\/metal-drywall-anchors\/#breadcrumb"},"inLanguage":"en-US","potentialAction":[{"@type":"ReadAction","target":["http:\/\/www.ebrubaglanti.com\/en\/urun\/metal-drywall-anchors\/"]}]},{"@type":"ImageObject","inLanguage":"en-US","@id":"http:\/\/www.ebrubaglanti.com\/en\/urun\/metal-drywall-anchors\/#primaryimage","url":"http:\/\/www.ebrubaglanti.com\/wp-content\/uploads\/2019\/09\/metal_alcipan_d\u00fcbeli.jpg","contentUrl":"http:\/\/www.ebrubaglanti.com\/wp-content\/uploads\/2019\/09\/metal_alcipan_d\u00fcbeli.jpg","width":585,"height":351},{"@type":"BreadcrumbList","@id":"http:\/\/www.ebrubaglanti.com\/en\/urun\/metal-drywall-anchors\/#breadcrumb","itemListElement":[{"@type":"ListItem","position":1,"name":"Ana sayfa","item":"https:\/\/www.ebrubaglanti.com\/en\/"},{"@type":"ListItem","position":2,"name":"\u00dcr\u00fcnler","item":"https:\/\/www.ebrubaglanti.com\/shop\/"},{"@type":"ListItem","position":3,"name":"Metal Drywall Anchors"}]},{"@type":"WebSite","@id":"https:\/\/www.ebrubaglanti.com\/en\/#website","url":"https:\/\/www.ebrubaglanti.com\/en\/","name":"EBRU Ba\u011flant\u0131 Elemanlar\u0131","description":"Fasteners Supplier from Turkey","potentialAction":[{"@type":"SearchAction","target":{"@type":"EntryPoint","urlTemplate":"https:\/\/www.ebrubaglanti.com\/en\/?s={search_term_string}"},"query-input":{"@type":"PropertyValueSpecification","valueRequired":true,"valueName":"search_term_string"}}],"inLanguage":"en-US"}]}},"_links":{"self":[{"href":"http:\/\/www.ebrubaglanti.com\/en\/wp-json\/wp\/v2\/product\/3780","targetHints":{"allow":["GET"]}}],"collection":[{"href":"http:\/\/www.ebrubaglanti.com\/en\/wp-json\/wp\/v2\/product"}],"about":[{"href":"http:\/\/www.ebrubaglanti.com\/en\/wp-json\/wp\/v2\/types\/product"}],"wp:featuredmedia":[{"embeddable":true,"href":"http:\/\/www.ebrubaglanti.com\/en\/wp-json\/wp\/v2\/media\/1609"}],"wp:attachment":[{"href":"http:\/\/www.ebrubaglanti.com\/en\/wp-json\/wp\/v2\/media?parent=3780"}],"wp:term":[{"taxonomy":"product_brand","embeddable":true,"href":"http:\/\/www.ebrubaglanti.com\/en\/wp-json\/wp\/v2\/product_brand?post=3780"},{"taxonomy":"product_cat","embeddable":true,"href":"http:\/\/www.ebrubaglanti.com\/en\/wp-json\/wp\/v2\/product_cat?post=3780"},{"taxonomy":"product_tag","embeddable":true,"href":"http:\/\/www.ebrubaglanti.com\/en\/wp-json\/wp\/v2\/product_tag?post=3780"}],"curies":[{"name":"wp","href":"https:\/\/api.w.org\/{rel}","templated":true}]}}