{"id":3794,"date":"2021-12-02T11:39:13","date_gmt":"2021-12-02T11:39:13","guid":{"rendered":"http:\/\/www.ebrubaglanti.com\/urun\/turnbuckle\/"},"modified":"2021-12-02T11:46:29","modified_gmt":"2021-12-02T11:46:29","slug":"turnbuckle","status":"publish","type":"product","link":"http:\/\/www.ebrubaglanti.com\/en\/urun\/turnbuckle\/","title":{"rendered":"Turnbuckle"},"content":{"rendered":"","protected":false},"excerpt":{"rendered":"","protected":false},"featured_media":1577,"template":"","meta":[],"product_brand":[],"product_cat":[298],"product_tag":[],"class_list":{"0":"post-3794","1":"product","2":"type-product","3":"status-publish","4":"has-post-thumbnail","6":"product_cat-wire-rope-accessories","8":"first","9":"instock","10":"shipping-taxable","11":"product-type-simple"},"yoast_head":"<!-- This site is optimized with the Yoast SEO plugin v27.5 - https:\/\/yoast.com\/product\/yoast-seo-wordpress\/ -->\n<title>Turnbuckle - EBRU Ba\u011flant\u0131 Elemanlar\u0131<\/title>\n<meta name=\"robots\" content=\"index, follow, max-snippet:-1, max-image-preview:large, max-video-preview:-1\" \/>\n<link rel=\"canonical\" href=\"http:\/\/www.ebrubaglanti.com\/en\/urun\/turnbuckle\/\" \/>\n<meta property=\"og:locale\" content=\"en_US\" \/>\n<meta property=\"og:type\" content=\"article\" \/>\n<meta property=\"og:title\" content=\"Turnbuckle - EBRU Ba\u011flant\u0131 Elemanlar\u0131\" \/>\n<meta property=\"og:url\" content=\"http:\/\/www.ebrubaglanti.com\/en\/urun\/turnbuckle\/\" \/>\n<meta property=\"og:site_name\" content=\"EBRU Ba\u011flant\u0131 Elemanlar\u0131\" \/>\n<meta property=\"article:modified_time\" content=\"2021-12-02T11:46:29+00:00\" \/>\n<meta property=\"og:image\" content=\"http:\/\/www.ebrubaglanti.com\/wp-content\/uploads\/2019\/09\/gerdirme2.jpg\" \/>\n\t<meta property=\"og:image:width\" content=\"585\" \/>\n\t<meta property=\"og:image:height\" content=\"363\" \/>\n\t<meta property=\"og:image:type\" content=\"image\/jpeg\" \/>\n<meta name=\"twitter:card\" content=\"summary_large_image\" \/>\n<script type=\"application\/ld+json\" class=\"yoast-schema-graph\">{\"@context\":\"https:\\\/\\\/schema.org\",\"@graph\":[{\"@type\":\"WebPage\",\"@id\":\"http:\\\/\\\/www.ebrubaglanti.com\\\/en\\\/urun\\\/turnbuckle\\\/\",\"url\":\"http:\\\/\\\/www.ebrubaglanti.com\\\/en\\\/urun\\\/turnbuckle\\\/\",\"name\":\"Turnbuckle - EBRU Ba\u011flant\u0131 Elemanlar\u0131\",\"isPartOf\":{\"@id\":\"https:\\\/\\\/www.ebrubaglanti.com\\\/en\\\/#website\"},\"primaryImageOfPage\":{\"@id\":\"http:\\\/\\\/www.ebrubaglanti.com\\\/en\\\/urun\\\/turnbuckle\\\/#primaryimage\"},\"image\":{\"@id\":\"http:\\\/\\\/www.ebrubaglanti.com\\\/en\\\/urun\\\/turnbuckle\\\/#primaryimage\"},\"thumbnailUrl\":\"http:\\\/\\\/www.ebrubaglanti.com\\\/wp-content\\\/uploads\\\/2019\\\/09\\\/gerdirme2.jpg\",\"datePublished\":\"2021-12-02T11:39:13+00:00\",\"dateModified\":\"2021-12-02T11:46:29+00:00\",\"breadcrumb\":{\"@id\":\"http:\\\/\\\/www.ebrubaglanti.com\\\/en\\\/urun\\\/turnbuckle\\\/#breadcrumb\"},\"inLanguage\":\"en-US\",\"potentialAction\":[{\"@type\":\"ReadAction\",\"target\":[\"http:\\\/\\\/www.ebrubaglanti.com\\\/en\\\/urun\\\/turnbuckle\\\/\"]}]},{\"@type\":\"ImageObject\",\"inLanguage\":\"en-US\",\"@id\":\"http:\\\/\\\/www.ebrubaglanti.com\\\/en\\\/urun\\\/turnbuckle\\\/#primaryimage\",\"url\":\"http:\\\/\\\/www.ebrubaglanti.com\\\/wp-content\\\/uploads\\\/2019\\\/09\\\/gerdirme2.jpg\",\"contentUrl\":\"http:\\\/\\\/www.ebrubaglanti.com\\\/wp-content\\\/uploads\\\/2019\\\/09\\\/gerdirme2.jpg\",\"width\":585,\"height\":363},{\"@type\":\"BreadcrumbList\",\"@id\":\"http:\\\/\\\/www.ebrubaglanti.com\\\/en\\\/urun\\\/turnbuckle\\\/#breadcrumb\",\"itemListElement\":[{\"@type\":\"ListItem\",\"position\":1,\"name\":\"Ana sayfa\",\"item\":\"https:\\\/\\\/www.ebrubaglanti.com\\\/en\\\/\"},{\"@type\":\"ListItem\",\"position\":2,\"name\":\"\u00dcr\u00fcnler\",\"item\":\"https:\\\/\\\/www.ebrubaglanti.com\\\/shop\\\/\"},{\"@type\":\"ListItem\",\"position\":3,\"name\":\"Turnbuckle\"}]},{\"@type\":\"WebSite\",\"@id\":\"https:\\\/\\\/www.ebrubaglanti.com\\\/en\\\/#website\",\"url\":\"https:\\\/\\\/www.ebrubaglanti.com\\\/en\\\/\",\"name\":\"EBRU Ba\u011flant\u0131 Elemanlar\u0131\",\"description\":\"Fasteners Supplier from Turkey\",\"potentialAction\":[{\"@type\":\"SearchAction\",\"target\":{\"@type\":\"EntryPoint\",\"urlTemplate\":\"https:\\\/\\\/www.ebrubaglanti.com\\\/en\\\/?s={search_term_string}\"},\"query-input\":{\"@type\":\"PropertyValueSpecification\",\"valueRequired\":true,\"valueName\":\"search_term_string\"}}],\"inLanguage\":\"en-US\"}]}<\/script>\n<!-- \/ Yoast SEO plugin. -->","yoast_head_json":{"title":"Turnbuckle - EBRU Ba\u011flant\u0131 Elemanlar\u0131","robots":{"index":"index","follow":"follow","max-snippet":"max-snippet:-1","max-image-preview":"max-image-preview:large","max-video-preview":"max-video-preview:-1"},"canonical":"http:\/\/www.ebrubaglanti.com\/en\/urun\/turnbuckle\/","og_locale":"en_US","og_type":"article","og_title":"Turnbuckle - EBRU Ba\u011flant\u0131 Elemanlar\u0131","og_url":"http:\/\/www.ebrubaglanti.com\/en\/urun\/turnbuckle\/","og_site_name":"EBRU Ba\u011flant\u0131 Elemanlar\u0131","article_modified_time":"2021-12-02T11:46:29+00:00","og_image":[{"width":585,"height":363,"url":"http:\/\/www.ebrubaglanti.com\/wp-content\/uploads\/2019\/09\/gerdirme2.jpg","type":"image\/jpeg"}],"twitter_card":"summary_large_image","schema":{"@context":"https:\/\/schema.org","@graph":[{"@type":"WebPage","@id":"http:\/\/www.ebrubaglanti.com\/en\/urun\/turnbuckle\/","url":"http:\/\/www.ebrubaglanti.com\/en\/urun\/turnbuckle\/","name":"Turnbuckle - EBRU Ba\u011flant\u0131 Elemanlar\u0131","isPartOf":{"@id":"https:\/\/www.ebrubaglanti.com\/en\/#website"},"primaryImageOfPage":{"@id":"http:\/\/www.ebrubaglanti.com\/en\/urun\/turnbuckle\/#primaryimage"},"image":{"@id":"http:\/\/www.ebrubaglanti.com\/en\/urun\/turnbuckle\/#primaryimage"},"thumbnailUrl":"http:\/\/www.ebrubaglanti.com\/wp-content\/uploads\/2019\/09\/gerdirme2.jpg","datePublished":"2021-12-02T11:39:13+00:00","dateModified":"2021-12-02T11:46:29+00:00","breadcrumb":{"@id":"http:\/\/www.ebrubaglanti.com\/en\/urun\/turnbuckle\/#breadcrumb"},"inLanguage":"en-US","potentialAction":[{"@type":"ReadAction","target":["http:\/\/www.ebrubaglanti.com\/en\/urun\/turnbuckle\/"]}]},{"@type":"ImageObject","inLanguage":"en-US","@id":"http:\/\/www.ebrubaglanti.com\/en\/urun\/turnbuckle\/#primaryimage","url":"http:\/\/www.ebrubaglanti.com\/wp-content\/uploads\/2019\/09\/gerdirme2.jpg","contentUrl":"http:\/\/www.ebrubaglanti.com\/wp-content\/uploads\/2019\/09\/gerdirme2.jpg","width":585,"height":363},{"@type":"BreadcrumbList","@id":"http:\/\/www.ebrubaglanti.com\/en\/urun\/turnbuckle\/#breadcrumb","itemListElement":[{"@type":"ListItem","position":1,"name":"Ana sayfa","item":"https:\/\/www.ebrubaglanti.com\/en\/"},{"@type":"ListItem","position":2,"name":"\u00dcr\u00fcnler","item":"https:\/\/www.ebrubaglanti.com\/shop\/"},{"@type":"ListItem","position":3,"name":"Turnbuckle"}]},{"@type":"WebSite","@id":"https:\/\/www.ebrubaglanti.com\/en\/#website","url":"https:\/\/www.ebrubaglanti.com\/en\/","name":"EBRU Ba\u011flant\u0131 Elemanlar\u0131","description":"Fasteners Supplier from Turkey","potentialAction":[{"@type":"SearchAction","target":{"@type":"EntryPoint","urlTemplate":"https:\/\/www.ebrubaglanti.com\/en\/?s={search_term_string}"},"query-input":{"@type":"PropertyValueSpecification","valueRequired":true,"valueName":"search_term_string"}}],"inLanguage":"en-US"}]}},"_links":{"self":[{"href":"http:\/\/www.ebrubaglanti.com\/en\/wp-json\/wp\/v2\/product\/3794","targetHints":{"allow":["GET"]}}],"collection":[{"href":"http:\/\/www.ebrubaglanti.com\/en\/wp-json\/wp\/v2\/product"}],"about":[{"href":"http:\/\/www.ebrubaglanti.com\/en\/wp-json\/wp\/v2\/types\/product"}],"wp:featuredmedia":[{"embeddable":true,"href":"http:\/\/www.ebrubaglanti.com\/en\/wp-json\/wp\/v2\/media\/1577"}],"wp:attachment":[{"href":"http:\/\/www.ebrubaglanti.com\/en\/wp-json\/wp\/v2\/media?parent=3794"}],"wp:term":[{"taxonomy":"product_brand","embeddable":true,"href":"http:\/\/www.ebrubaglanti.com\/en\/wp-json\/wp\/v2\/product_brand?post=3794"},{"taxonomy":"product_cat","embeddable":true,"href":"http:\/\/www.ebrubaglanti.com\/en\/wp-json\/wp\/v2\/product_cat?post=3794"},{"taxonomy":"product_tag","embeddable":true,"href":"http:\/\/www.ebrubaglanti.com\/en\/wp-json\/wp\/v2\/product_tag?post=3794"}],"curies":[{"name":"wp","href":"https:\/\/api.w.org\/{rel}","templated":true}]}}