{"id":3795,"date":"2021-12-02T11:39:57","date_gmt":"2021-12-02T11:39:57","guid":{"rendered":"http:\/\/www.ebrubaglanti.com\/urun\/snap-hook-with-lock\/"},"modified":"2021-12-02T11:46:59","modified_gmt":"2021-12-02T11:46:59","slug":"snap-hook-with-lock","status":"publish","type":"product","link":"http:\/\/www.ebrubaglanti.com\/en\/urun\/snap-hook-with-lock\/","title":{"rendered":"Snap Hook with lock"},"content":{"rendered":"","protected":false},"excerpt":{"rendered":"","protected":false},"featured_media":1576,"template":"","meta":[],"product_brand":[],"product_cat":[298],"product_tag":[],"class_list":{"0":"post-3795","1":"product","2":"type-product","3":"status-publish","4":"has-post-thumbnail","6":"product_cat-wire-rope-accessories","8":"first","9":"instock","10":"shipping-taxable","11":"product-type-simple"},"yoast_head":"<!-- This site is optimized with the Yoast SEO plugin v27.5 - https:\/\/yoast.com\/product\/yoast-seo-wordpress\/ -->\n<title>Snap Hook with lock - EBRU Ba\u011flant\u0131 Elemanlar\u0131<\/title>\n<meta name=\"robots\" content=\"index, follow, max-snippet:-1, max-image-preview:large, max-video-preview:-1\" \/>\n<link rel=\"canonical\" href=\"https:\/\/www.ebrubaglanti.com\/en\/urun\/snap-hook-with-lock\/\" \/>\n<meta property=\"og:locale\" content=\"en_US\" \/>\n<meta property=\"og:type\" content=\"article\" \/>\n<meta property=\"og:title\" content=\"Snap Hook with lock - EBRU Ba\u011flant\u0131 Elemanlar\u0131\" \/>\n<meta property=\"og:url\" content=\"https:\/\/www.ebrubaglanti.com\/en\/urun\/snap-hook-with-lock\/\" \/>\n<meta property=\"og:site_name\" content=\"EBRU Ba\u011flant\u0131 Elemanlar\u0131\" \/>\n<meta property=\"article:modified_time\" content=\"2021-12-02T11:46:59+00:00\" \/>\n<meta property=\"og:image\" content=\"https:\/\/www.ebrubaglanti.com\/wp-content\/uploads\/2019\/09\/karabina_vidal\u01312.jpg\" \/>\n\t<meta property=\"og:image:width\" content=\"585\" \/>\n\t<meta property=\"og:image:height\" content=\"363\" \/>\n\t<meta property=\"og:image:type\" content=\"image\/jpeg\" \/>\n<meta name=\"twitter:card\" content=\"summary_large_image\" \/>\n<script type=\"application\/ld+json\" class=\"yoast-schema-graph\">{\"@context\":\"https:\\\/\\\/schema.org\",\"@graph\":[{\"@type\":\"WebPage\",\"@id\":\"https:\\\/\\\/www.ebrubaglanti.com\\\/en\\\/urun\\\/snap-hook-with-lock\\\/\",\"url\":\"https:\\\/\\\/www.ebrubaglanti.com\\\/en\\\/urun\\\/snap-hook-with-lock\\\/\",\"name\":\"Snap Hook with lock - EBRU Ba\u011flant\u0131 Elemanlar\u0131\",\"isPartOf\":{\"@id\":\"https:\\\/\\\/www.ebrubaglanti.com\\\/en\\\/#website\"},\"primaryImageOfPage\":{\"@id\":\"https:\\\/\\\/www.ebrubaglanti.com\\\/en\\\/urun\\\/snap-hook-with-lock\\\/#primaryimage\"},\"image\":{\"@id\":\"https:\\\/\\\/www.ebrubaglanti.com\\\/en\\\/urun\\\/snap-hook-with-lock\\\/#primaryimage\"},\"thumbnailUrl\":\"http:\\\/\\\/www.ebrubaglanti.com\\\/wp-content\\\/uploads\\\/2019\\\/09\\\/karabina_vidal\u01312.jpg\",\"datePublished\":\"2021-12-02T11:39:57+00:00\",\"dateModified\":\"2021-12-02T11:46:59+00:00\",\"breadcrumb\":{\"@id\":\"https:\\\/\\\/www.ebrubaglanti.com\\\/en\\\/urun\\\/snap-hook-with-lock\\\/#breadcrumb\"},\"inLanguage\":\"en-US\",\"potentialAction\":[{\"@type\":\"ReadAction\",\"target\":[\"https:\\\/\\\/www.ebrubaglanti.com\\\/en\\\/urun\\\/snap-hook-with-lock\\\/\"]}]},{\"@type\":\"ImageObject\",\"inLanguage\":\"en-US\",\"@id\":\"https:\\\/\\\/www.ebrubaglanti.com\\\/en\\\/urun\\\/snap-hook-with-lock\\\/#primaryimage\",\"url\":\"http:\\\/\\\/www.ebrubaglanti.com\\\/wp-content\\\/uploads\\\/2019\\\/09\\\/karabina_vidal\u01312.jpg\",\"contentUrl\":\"http:\\\/\\\/www.ebrubaglanti.com\\\/wp-content\\\/uploads\\\/2019\\\/09\\\/karabina_vidal\u01312.jpg\",\"width\":585,\"height\":363},{\"@type\":\"BreadcrumbList\",\"@id\":\"https:\\\/\\\/www.ebrubaglanti.com\\\/en\\\/urun\\\/snap-hook-with-lock\\\/#breadcrumb\",\"itemListElement\":[{\"@type\":\"ListItem\",\"position\":1,\"name\":\"Ana sayfa\",\"item\":\"https:\\\/\\\/www.ebrubaglanti.com\\\/en\\\/\"},{\"@type\":\"ListItem\",\"position\":2,\"name\":\"\u00dcr\u00fcnler\",\"item\":\"https:\\\/\\\/www.ebrubaglanti.com\\\/shop\\\/\"},{\"@type\":\"ListItem\",\"position\":3,\"name\":\"Snap Hook with lock\"}]},{\"@type\":\"WebSite\",\"@id\":\"https:\\\/\\\/www.ebrubaglanti.com\\\/en\\\/#website\",\"url\":\"https:\\\/\\\/www.ebrubaglanti.com\\\/en\\\/\",\"name\":\"EBRU Ba\u011flant\u0131 Elemanlar\u0131\",\"description\":\"Fasteners Supplier from Turkey\",\"potentialAction\":[{\"@type\":\"SearchAction\",\"target\":{\"@type\":\"EntryPoint\",\"urlTemplate\":\"https:\\\/\\\/www.ebrubaglanti.com\\\/en\\\/?s={search_term_string}\"},\"query-input\":{\"@type\":\"PropertyValueSpecification\",\"valueRequired\":true,\"valueName\":\"search_term_string\"}}],\"inLanguage\":\"en-US\"}]}<\/script>\n<!-- \/ Yoast SEO plugin. -->","yoast_head_json":{"title":"Snap Hook with lock - EBRU Ba\u011flant\u0131 Elemanlar\u0131","robots":{"index":"index","follow":"follow","max-snippet":"max-snippet:-1","max-image-preview":"max-image-preview:large","max-video-preview":"max-video-preview:-1"},"canonical":"https:\/\/www.ebrubaglanti.com\/en\/urun\/snap-hook-with-lock\/","og_locale":"en_US","og_type":"article","og_title":"Snap Hook with lock - EBRU Ba\u011flant\u0131 Elemanlar\u0131","og_url":"https:\/\/www.ebrubaglanti.com\/en\/urun\/snap-hook-with-lock\/","og_site_name":"EBRU Ba\u011flant\u0131 Elemanlar\u0131","article_modified_time":"2021-12-02T11:46:59+00:00","og_image":[{"width":585,"height":363,"url":"https:\/\/www.ebrubaglanti.com\/wp-content\/uploads\/2019\/09\/karabina_vidal\u01312.jpg","type":"image\/jpeg"}],"twitter_card":"summary_large_image","schema":{"@context":"https:\/\/schema.org","@graph":[{"@type":"WebPage","@id":"https:\/\/www.ebrubaglanti.com\/en\/urun\/snap-hook-with-lock\/","url":"https:\/\/www.ebrubaglanti.com\/en\/urun\/snap-hook-with-lock\/","name":"Snap Hook with lock - EBRU Ba\u011flant\u0131 Elemanlar\u0131","isPartOf":{"@id":"https:\/\/www.ebrubaglanti.com\/en\/#website"},"primaryImageOfPage":{"@id":"https:\/\/www.ebrubaglanti.com\/en\/urun\/snap-hook-with-lock\/#primaryimage"},"image":{"@id":"https:\/\/www.ebrubaglanti.com\/en\/urun\/snap-hook-with-lock\/#primaryimage"},"thumbnailUrl":"http:\/\/www.ebrubaglanti.com\/wp-content\/uploads\/2019\/09\/karabina_vidal\u01312.jpg","datePublished":"2021-12-02T11:39:57+00:00","dateModified":"2021-12-02T11:46:59+00:00","breadcrumb":{"@id":"https:\/\/www.ebrubaglanti.com\/en\/urun\/snap-hook-with-lock\/#breadcrumb"},"inLanguage":"en-US","potentialAction":[{"@type":"ReadAction","target":["https:\/\/www.ebrubaglanti.com\/en\/urun\/snap-hook-with-lock\/"]}]},{"@type":"ImageObject","inLanguage":"en-US","@id":"https:\/\/www.ebrubaglanti.com\/en\/urun\/snap-hook-with-lock\/#primaryimage","url":"http:\/\/www.ebrubaglanti.com\/wp-content\/uploads\/2019\/09\/karabina_vidal\u01312.jpg","contentUrl":"http:\/\/www.ebrubaglanti.com\/wp-content\/uploads\/2019\/09\/karabina_vidal\u01312.jpg","width":585,"height":363},{"@type":"BreadcrumbList","@id":"https:\/\/www.ebrubaglanti.com\/en\/urun\/snap-hook-with-lock\/#breadcrumb","itemListElement":[{"@type":"ListItem","position":1,"name":"Ana sayfa","item":"https:\/\/www.ebrubaglanti.com\/en\/"},{"@type":"ListItem","position":2,"name":"\u00dcr\u00fcnler","item":"https:\/\/www.ebrubaglanti.com\/shop\/"},{"@type":"ListItem","position":3,"name":"Snap Hook with lock"}]},{"@type":"WebSite","@id":"https:\/\/www.ebrubaglanti.com\/en\/#website","url":"https:\/\/www.ebrubaglanti.com\/en\/","name":"EBRU Ba\u011flant\u0131 Elemanlar\u0131","description":"Fasteners Supplier from Turkey","potentialAction":[{"@type":"SearchAction","target":{"@type":"EntryPoint","urlTemplate":"https:\/\/www.ebrubaglanti.com\/en\/?s={search_term_string}"},"query-input":{"@type":"PropertyValueSpecification","valueRequired":true,"valueName":"search_term_string"}}],"inLanguage":"en-US"}]}},"_links":{"self":[{"href":"http:\/\/www.ebrubaglanti.com\/en\/wp-json\/wp\/v2\/product\/3795","targetHints":{"allow":["GET"]}}],"collection":[{"href":"http:\/\/www.ebrubaglanti.com\/en\/wp-json\/wp\/v2\/product"}],"about":[{"href":"http:\/\/www.ebrubaglanti.com\/en\/wp-json\/wp\/v2\/types\/product"}],"wp:featuredmedia":[{"embeddable":true,"href":"http:\/\/www.ebrubaglanti.com\/en\/wp-json\/wp\/v2\/media\/1576"}],"wp:attachment":[{"href":"http:\/\/www.ebrubaglanti.com\/en\/wp-json\/wp\/v2\/media?parent=3795"}],"wp:term":[{"taxonomy":"product_brand","embeddable":true,"href":"http:\/\/www.ebrubaglanti.com\/en\/wp-json\/wp\/v2\/product_brand?post=3795"},{"taxonomy":"product_cat","embeddable":true,"href":"http:\/\/www.ebrubaglanti.com\/en\/wp-json\/wp\/v2\/product_cat?post=3795"},{"taxonomy":"product_tag","embeddable":true,"href":"http:\/\/www.ebrubaglanti.com\/en\/wp-json\/wp\/v2\/product_tag?post=3795"}],"curies":[{"name":"wp","href":"https:\/\/api.w.org\/{rel}","templated":true}]}}