{"id":3711,"date":"2021-11-29T15:56:17","date_gmt":"2021-11-29T15:56:17","guid":{"rendered":"http:\/\/www.ebrubaglanti.com\/?page_id=3711"},"modified":"2021-11-29T21:52:56","modified_gmt":"2021-11-29T21:52:56","slug":"about-us","status":"publish","type":"page","link":"https:\/\/www.ebrubaglanti.com\/en\/about-us\/","title":{"rendered":"About Us"},"content":{"rendered":"\n<div class=\"row row-collapse row-full-width\"  id=\"row-897367808\">\n\n\n\t<div id=\"col-1210407966\" class=\"col medium-9 small-12 large-9\"  >\n\t\t\t\t<div class=\"col-inner text-left\"  >\n\t\t\t\n\t\t\t\n\n\t<div id=\"gap-1894337266\" class=\"gap-element clearfix\" style=\"display:block; height:auto;\">\n\t\t\n<style>\n#gap-1894337266 {\n  padding-top: 96px;\n}\n<\/style>\n\t<\/div>\n\t\n\n<h1><span style=\"font-size: 120%;\">About Us<\/span><\/h1>\n<div class=\"is-divider divider clearfix\" style=\"max-width:292px;\"><\/div>\n\n\t<div id=\"gap-1282123963\" class=\"gap-element clearfix\" style=\"display:block; height:auto;\">\n\t\t\n<style>\n#gap-1282123963 {\n  padding-top: 15px;\n}\n<\/style>\n\t<\/div>\n\t\n\n<h2><\/h2>\n<p>EBRU FASTENERS PRODUCTION INDUSTRY,  started to serve in the fasteners sector in 1989. It has grown rapidly since the day it was founded, thanks to its honesty principle, it has reached a large domestic and international customer base and has strong references. EBRU Fasteners only provides services on standard and special fasteners. In addition, EBRU brand provides services to the sub-industry organizations of these sectors and meticulously meets the standard and special fastener needs of companies in the similar sector.<\/p>\n\t<div id=\"gap-1945597919\" class=\"gap-element clearfix\" style=\"display:block; height:auto;\">\n\t\t\n<style>\n#gap-1945597919 {\n  padding-top: 38px;\n}\n<\/style>\n\t<\/div>\n\t\n\n<div class=\"row\"  id=\"row-1798144320\">\n\n\n\t<div id=\"col-509152112\" class=\"col medium-6 small-12 large-6\"  >\n\t\t\t\t<div class=\"col-inner\"  >\n\t\t\t\n\t\t\t\n\n\n\t\t<div class=\"icon-box featured-box icon-box-top text-left\"  >\n\t\t\t\t<div class=\"icon-box-text last-reset\">\n\t\t\t\t\t\t\t\t\t\n\n<h5>Manufacturing<\/h5>\n<p><span style=\"font-size: 85%;\"><strong>With the vision that we can reach affordable costs without sacrificing quality, our manufacturing unit strengths its technical capabilities day by day.<\/strong><\/span><\/p>\n\n\t\t<\/div>\n\t<\/div>\n\t\n\t\n\n\t\t<\/div>\n\t\t\t\t\t<\/div>\n\n\t\n\n\t<div id=\"col-1473449459\" class=\"col medium-6 small-12 large-6\"  >\n\t\t\t\t<div class=\"col-inner\"  >\n\t\t\t\n\t\t\t\n\n\n\t\t<div class=\"icon-box featured-box icon-box-top text-left\"  >\n\t\t\t\t<div class=\"icon-box-text last-reset\">\n\t\t\t\t\t\t\t\t\t\n\n<h5>Wholesale<\/h5>\n<p><strong><span style=\"font-size: 85%;\">Our sales unit has been providing B2B wholesale services since 1989. The EBRU brand , which is known throughout the industry today, is the vision of quality service for years.<\/span><\/strong><\/p>\n\n\t\t<\/div>\n\t<\/div>\n\t\n\t\n\n\t\t<\/div>\n\t\t\t\t\t<\/div>\n\n\t\n\n<\/div>\n\n\t\t<\/div>\n\t\t\t\t\n<style>\n#col-1210407966 > .col-inner {\n  padding: 0px 70px 50px 70px;\n}\n<\/style>\n\t<\/div>\n\n\t\n\n\t<div id=\"col-1596877015\" class=\"col medium-3 small-12 large-3\"  >\n\t\t\t\t<div class=\"col-inner\"  >\n\t\t\t\n\t\t\t\n\n\n  <div class=\"banner has-hover\" id=\"banner-1182673768\">\n          <div class=\"banner-inner fill\">\n        <div class=\"banner-bg fill\" >\n            <img loading=\"lazy\" decoding=\"async\" width=\"450\" height=\"800\" src=\"https:\/\/www.ebrubaglanti.com\/wp-content\/uploads\/2019\/09\/halkali_civata_bulk-450x800.jpeg\" class=\"bg attachment-large size-large\" alt=\"\" \/>                                    \n                    <\/div>\n\t\t\n        <div class=\"banner-layers container\">\n            <div class=\"fill banner-link\"><\/div>            \n\n\n        <\/div>\n      <\/div>\n\n            \n<style>\n#banner-1182673768 {\n  padding-top: 450px;\n}\n@media (min-width:550px) {\n  #banner-1182673768 {\n    padding-top: 734px;\n  }\n}\n<\/style>\n  <\/div>\n\n\n\n\t\t<\/div>\n\t\t\t\t\t<\/div>\n\n\t\n\n<\/div>\n","protected":false},"excerpt":{"rendered":"","protected":false},"author":2,"featured_media":0,"parent":0,"menu_order":0,"comment_status":"closed","ping_status":"closed","template":"","meta":{"footnotes":""},"class_list":["post-3711","page","type-page","status-publish","hentry"],"yoast_head":"<!-- This site is optimized with the Yoast SEO plugin v27.4 - https:\/\/yoast.com\/product\/yoast-seo-wordpress\/ -->\n<title>About Us - EBRU Ba\u011flant\u0131 Elemanlar\u0131<\/title>\n<meta name=\"robots\" content=\"index, follow, max-snippet:-1, max-image-preview:large, max-video-preview:-1\" \/>\n<link rel=\"canonical\" href=\"https:\/\/www.ebrubaglanti.com\/en\/about-us\/\" \/>\n<meta property=\"og:locale\" content=\"en_US\" \/>\n<meta property=\"og:type\" content=\"article\" \/>\n<meta property=\"og:title\" content=\"About Us - EBRU Ba\u011flant\u0131 Elemanlar\u0131\" \/>\n<meta property=\"og:url\" content=\"https:\/\/www.ebrubaglanti.com\/en\/about-us\/\" \/>\n<meta property=\"og:site_name\" content=\"EBRU Ba\u011flant\u0131 Elemanlar\u0131\" \/>\n<meta property=\"article:modified_time\" content=\"2021-11-29T21:52:56+00:00\" \/>\n<meta name=\"twitter:card\" content=\"summary_large_image\" \/>\n<meta name=\"twitter:label1\" content=\"Est. reading time\" \/>\n\t<meta name=\"twitter:data1\" content=\"1 minute\" \/>\n<script type=\"application\/ld+json\" class=\"yoast-schema-graph\">{\"@context\":\"https:\\\/\\\/schema.org\",\"@graph\":[{\"@type\":\"WebPage\",\"@id\":\"https:\\\/\\\/www.ebrubaglanti.com\\\/en\\\/about-us\\\/\",\"url\":\"https:\\\/\\\/www.ebrubaglanti.com\\\/en\\\/about-us\\\/\",\"name\":\"About Us - EBRU Ba\u011flant\u0131 Elemanlar\u0131\",\"isPartOf\":{\"@id\":\"http:\\\/\\\/www.ebrubaglanti.com\\\/#website\"},\"datePublished\":\"2021-11-29T15:56:17+00:00\",\"dateModified\":\"2021-11-29T21:52:56+00:00\",\"breadcrumb\":{\"@id\":\"https:\\\/\\\/www.ebrubaglanti.com\\\/en\\\/about-us\\\/#breadcrumb\"},\"inLanguage\":\"en-US\",\"potentialAction\":[{\"@type\":\"ReadAction\",\"target\":[\"https:\\\/\\\/www.ebrubaglanti.com\\\/en\\\/about-us\\\/\"]}]},{\"@type\":\"BreadcrumbList\",\"@id\":\"https:\\\/\\\/www.ebrubaglanti.com\\\/en\\\/about-us\\\/#breadcrumb\",\"itemListElement\":[{\"@type\":\"ListItem\",\"position\":1,\"name\":\"Ana sayfa\",\"item\":\"https:\\\/\\\/www.ebrubaglanti.com\\\/en\\\/\"},{\"@type\":\"ListItem\",\"position\":2,\"name\":\"About Us\"}]},{\"@type\":\"WebSite\",\"@id\":\"http:\\\/\\\/www.ebrubaglanti.com\\\/#website\",\"url\":\"http:\\\/\\\/www.ebrubaglanti.com\\\/\",\"name\":\"EBRU Ba\u011flant\u0131 Elemanlar\u0131\",\"description\":\"Fasteners Supplier from Turkey\",\"potentialAction\":[{\"@type\":\"SearchAction\",\"target\":{\"@type\":\"EntryPoint\",\"urlTemplate\":\"http:\\\/\\\/www.ebrubaglanti.com\\\/?s={search_term_string}\"},\"query-input\":{\"@type\":\"PropertyValueSpecification\",\"valueRequired\":true,\"valueName\":\"search_term_string\"}}],\"inLanguage\":\"en-US\"}]}<\/script>\n<!-- \/ Yoast SEO plugin. -->","yoast_head_json":{"title":"About Us - EBRU Ba\u011flant\u0131 Elemanlar\u0131","robots":{"index":"index","follow":"follow","max-snippet":"max-snippet:-1","max-image-preview":"max-image-preview:large","max-video-preview":"max-video-preview:-1"},"canonical":"https:\/\/www.ebrubaglanti.com\/en\/about-us\/","og_locale":"en_US","og_type":"article","og_title":"About Us - EBRU Ba\u011flant\u0131 Elemanlar\u0131","og_url":"https:\/\/www.ebrubaglanti.com\/en\/about-us\/","og_site_name":"EBRU Ba\u011flant\u0131 Elemanlar\u0131","article_modified_time":"2021-11-29T21:52:56+00:00","twitter_card":"summary_large_image","twitter_misc":{"Est. reading time":"1 minute"},"schema":{"@context":"https:\/\/schema.org","@graph":[{"@type":"WebPage","@id":"https:\/\/www.ebrubaglanti.com\/en\/about-us\/","url":"https:\/\/www.ebrubaglanti.com\/en\/about-us\/","name":"About Us - EBRU Ba\u011flant\u0131 Elemanlar\u0131","isPartOf":{"@id":"http:\/\/www.ebrubaglanti.com\/#website"},"datePublished":"2021-11-29T15:56:17+00:00","dateModified":"2021-11-29T21:52:56+00:00","breadcrumb":{"@id":"https:\/\/www.ebrubaglanti.com\/en\/about-us\/#breadcrumb"},"inLanguage":"en-US","potentialAction":[{"@type":"ReadAction","target":["https:\/\/www.ebrubaglanti.com\/en\/about-us\/"]}]},{"@type":"BreadcrumbList","@id":"https:\/\/www.ebrubaglanti.com\/en\/about-us\/#breadcrumb","itemListElement":[{"@type":"ListItem","position":1,"name":"Ana sayfa","item":"https:\/\/www.ebrubaglanti.com\/en\/"},{"@type":"ListItem","position":2,"name":"About Us"}]},{"@type":"WebSite","@id":"http:\/\/www.ebrubaglanti.com\/#website","url":"http:\/\/www.ebrubaglanti.com\/","name":"EBRU Ba\u011flant\u0131 Elemanlar\u0131","description":"Fasteners Supplier from Turkey","potentialAction":[{"@type":"SearchAction","target":{"@type":"EntryPoint","urlTemplate":"http:\/\/www.ebrubaglanti.com\/?s={search_term_string}"},"query-input":{"@type":"PropertyValueSpecification","valueRequired":true,"valueName":"search_term_string"}}],"inLanguage":"en-US"}]}},"_links":{"self":[{"href":"https:\/\/www.ebrubaglanti.com\/en\/wp-json\/wp\/v2\/pages\/3711","targetHints":{"allow":["GET"]}}],"collection":[{"href":"https:\/\/www.ebrubaglanti.com\/en\/wp-json\/wp\/v2\/pages"}],"about":[{"href":"https:\/\/www.ebrubaglanti.com\/en\/wp-json\/wp\/v2\/types\/page"}],"author":[{"embeddable":true,"href":"https:\/\/www.ebrubaglanti.com\/en\/wp-json\/wp\/v2\/users\/2"}],"replies":[{"embeddable":true,"href":"https:\/\/www.ebrubaglanti.com\/en\/wp-json\/wp\/v2\/comments?post=3711"}],"version-history":[{"count":6,"href":"https:\/\/www.ebrubaglanti.com\/en\/wp-json\/wp\/v2\/pages\/3711\/revisions"}],"predecessor-version":[{"id":3733,"href":"https:\/\/www.ebrubaglanti.com\/en\/wp-json\/wp\/v2\/pages\/3711\/revisions\/3733"}],"wp:attachment":[{"href":"https:\/\/www.ebrubaglanti.com\/en\/wp-json\/wp\/v2\/media?parent=3711"}],"curies":[{"name":"wp","href":"https:\/\/api.w.org\/{rel}","templated":true}]}}