{"id":3759,"date":"2021-12-02T09:49:24","date_gmt":"2021-12-02T09:49:24","guid":{"rendered":"http:\/\/www.ebrubaglanti.com\/urun\/self-drilling-roof-screw\/"},"modified":"2021-12-02T09:50:59","modified_gmt":"2021-12-02T09:50:59","slug":"self-drilling-roof-screw","status":"publish","type":"product","link":"https:\/\/www.ebrubaglanti.com\/en\/urun\/self-drilling-roof-screw\/","title":{"rendered":"Self Drilling Roof Screw"},"content":{"rendered":"","protected":false},"excerpt":{"rendered":"","protected":false},"featured_media":1630,"template":"","meta":[],"product_brand":[],"product_cat":[225],"product_tag":[203,229,228],"class_list":{"0":"post-3759","1":"product","2":"type-product","3":"status-publish","4":"has-post-thumbnail","6":"product_cat-screw-types","7":"product_tag-hook-en","8":"product_tag-roof-screws","9":"product_tag-self-drilling-roof-screw","11":"first","12":"instock","13":"shipping-taxable","14":"product-type-simple"},"yoast_head":"<!-- This site is optimized with the Yoast SEO plugin v27.4 - https:\/\/yoast.com\/product\/yoast-seo-wordpress\/ -->\n<title>Self Drilling Roof Screw - EBRU Ba\u011flant\u0131 Elemanlar\u0131<\/title>\n<meta name=\"robots\" content=\"index, follow, max-snippet:-1, max-image-preview:large, max-video-preview:-1\" \/>\n<link rel=\"canonical\" href=\"https:\/\/www.ebrubaglanti.com\/en\/urun\/self-drilling-roof-screw\/\" \/>\n<meta property=\"og:locale\" content=\"en_US\" \/>\n<meta property=\"og:type\" content=\"article\" \/>\n<meta property=\"og:title\" content=\"Self Drilling Roof Screw - EBRU Ba\u011flant\u0131 Elemanlar\u0131\" \/>\n<meta property=\"og:url\" content=\"https:\/\/www.ebrubaglanti.com\/en\/urun\/self-drilling-roof-screw\/\" \/>\n<meta property=\"og:site_name\" content=\"EBRU Ba\u011flant\u0131 Elemanlar\u0131\" \/>\n<meta property=\"article:modified_time\" content=\"2021-12-02T09:50:59+00:00\" \/>\n<meta property=\"og:image\" content=\"https:\/\/www.ebrubaglanti.com\/wp-content\/uploads\/2019\/09\/matkap_u\u00e7lu_\u00e7at\u0131_vidas\u0131.jpg\" \/>\n\t<meta property=\"og:image:width\" content=\"585\" \/>\n\t<meta property=\"og:image:height\" content=\"351\" \/>\n\t<meta property=\"og:image:type\" content=\"image\/jpeg\" \/>\n<meta name=\"twitter:card\" content=\"summary_large_image\" \/>\n<script type=\"application\/ld+json\" class=\"yoast-schema-graph\">{\"@context\":\"https:\\\/\\\/schema.org\",\"@graph\":[{\"@type\":\"WebPage\",\"@id\":\"https:\\\/\\\/www.ebrubaglanti.com\\\/en\\\/urun\\\/self-drilling-roof-screw\\\/\",\"url\":\"https:\\\/\\\/www.ebrubaglanti.com\\\/en\\\/urun\\\/self-drilling-roof-screw\\\/\",\"name\":\"Self Drilling Roof Screw - EBRU Ba\u011flant\u0131 Elemanlar\u0131\",\"isPartOf\":{\"@id\":\"http:\\\/\\\/www.ebrubaglanti.com\\\/#website\"},\"primaryImageOfPage\":{\"@id\":\"https:\\\/\\\/www.ebrubaglanti.com\\\/en\\\/urun\\\/self-drilling-roof-screw\\\/#primaryimage\"},\"image\":{\"@id\":\"https:\\\/\\\/www.ebrubaglanti.com\\\/en\\\/urun\\\/self-drilling-roof-screw\\\/#primaryimage\"},\"thumbnailUrl\":\"https:\\\/\\\/www.ebrubaglanti.com\\\/wp-content\\\/uploads\\\/2019\\\/09\\\/matkap_u\u00e7lu_\u00e7at\u0131_vidas\u0131.jpg\",\"datePublished\":\"2021-12-02T09:49:24+00:00\",\"dateModified\":\"2021-12-02T09:50:59+00:00\",\"breadcrumb\":{\"@id\":\"https:\\\/\\\/www.ebrubaglanti.com\\\/en\\\/urun\\\/self-drilling-roof-screw\\\/#breadcrumb\"},\"inLanguage\":\"en-US\",\"potentialAction\":[{\"@type\":\"ReadAction\",\"target\":[\"https:\\\/\\\/www.ebrubaglanti.com\\\/en\\\/urun\\\/self-drilling-roof-screw\\\/\"]}]},{\"@type\":\"ImageObject\",\"inLanguage\":\"en-US\",\"@id\":\"https:\\\/\\\/www.ebrubaglanti.com\\\/en\\\/urun\\\/self-drilling-roof-screw\\\/#primaryimage\",\"url\":\"https:\\\/\\\/www.ebrubaglanti.com\\\/wp-content\\\/uploads\\\/2019\\\/09\\\/matkap_u\u00e7lu_\u00e7at\u0131_vidas\u0131.jpg\",\"contentUrl\":\"https:\\\/\\\/www.ebrubaglanti.com\\\/wp-content\\\/uploads\\\/2019\\\/09\\\/matkap_u\u00e7lu_\u00e7at\u0131_vidas\u0131.jpg\",\"width\":585,\"height\":351},{\"@type\":\"BreadcrumbList\",\"@id\":\"https:\\\/\\\/www.ebrubaglanti.com\\\/en\\\/urun\\\/self-drilling-roof-screw\\\/#breadcrumb\",\"itemListElement\":[{\"@type\":\"ListItem\",\"position\":1,\"name\":\"Ana sayfa\",\"item\":\"https:\\\/\\\/www.ebrubaglanti.com\\\/en\\\/\"},{\"@type\":\"ListItem\",\"position\":2,\"name\":\"\u00dcr\u00fcnler\",\"item\":\"https:\\\/\\\/www.ebrubaglanti.com\\\/shop\\\/\"},{\"@type\":\"ListItem\",\"position\":3,\"name\":\"Self Drilling Roof Screw\"}]},{\"@type\":\"WebSite\",\"@id\":\"http:\\\/\\\/www.ebrubaglanti.com\\\/#website\",\"url\":\"http:\\\/\\\/www.ebrubaglanti.com\\\/\",\"name\":\"EBRU Ba\u011flant\u0131 Elemanlar\u0131\",\"description\":\"Fasteners Supplier from Turkey\",\"potentialAction\":[{\"@type\":\"SearchAction\",\"target\":{\"@type\":\"EntryPoint\",\"urlTemplate\":\"http:\\\/\\\/www.ebrubaglanti.com\\\/?s={search_term_string}\"},\"query-input\":{\"@type\":\"PropertyValueSpecification\",\"valueRequired\":true,\"valueName\":\"search_term_string\"}}],\"inLanguage\":\"en-US\"}]}<\/script>\n<!-- \/ Yoast SEO plugin. -->","yoast_head_json":{"title":"Self Drilling Roof Screw - EBRU Ba\u011flant\u0131 Elemanlar\u0131","robots":{"index":"index","follow":"follow","max-snippet":"max-snippet:-1","max-image-preview":"max-image-preview:large","max-video-preview":"max-video-preview:-1"},"canonical":"https:\/\/www.ebrubaglanti.com\/en\/urun\/self-drilling-roof-screw\/","og_locale":"en_US","og_type":"article","og_title":"Self Drilling Roof Screw - EBRU Ba\u011flant\u0131 Elemanlar\u0131","og_url":"https:\/\/www.ebrubaglanti.com\/en\/urun\/self-drilling-roof-screw\/","og_site_name":"EBRU Ba\u011flant\u0131 Elemanlar\u0131","article_modified_time":"2021-12-02T09:50:59+00:00","og_image":[{"width":585,"height":351,"url":"https:\/\/www.ebrubaglanti.com\/wp-content\/uploads\/2019\/09\/matkap_u\u00e7lu_\u00e7at\u0131_vidas\u0131.jpg","type":"image\/jpeg"}],"twitter_card":"summary_large_image","schema":{"@context":"https:\/\/schema.org","@graph":[{"@type":"WebPage","@id":"https:\/\/www.ebrubaglanti.com\/en\/urun\/self-drilling-roof-screw\/","url":"https:\/\/www.ebrubaglanti.com\/en\/urun\/self-drilling-roof-screw\/","name":"Self Drilling Roof Screw - EBRU Ba\u011flant\u0131 Elemanlar\u0131","isPartOf":{"@id":"http:\/\/www.ebrubaglanti.com\/#website"},"primaryImageOfPage":{"@id":"https:\/\/www.ebrubaglanti.com\/en\/urun\/self-drilling-roof-screw\/#primaryimage"},"image":{"@id":"https:\/\/www.ebrubaglanti.com\/en\/urun\/self-drilling-roof-screw\/#primaryimage"},"thumbnailUrl":"https:\/\/www.ebrubaglanti.com\/wp-content\/uploads\/2019\/09\/matkap_u\u00e7lu_\u00e7at\u0131_vidas\u0131.jpg","datePublished":"2021-12-02T09:49:24+00:00","dateModified":"2021-12-02T09:50:59+00:00","breadcrumb":{"@id":"https:\/\/www.ebrubaglanti.com\/en\/urun\/self-drilling-roof-screw\/#breadcrumb"},"inLanguage":"en-US","potentialAction":[{"@type":"ReadAction","target":["https:\/\/www.ebrubaglanti.com\/en\/urun\/self-drilling-roof-screw\/"]}]},{"@type":"ImageObject","inLanguage":"en-US","@id":"https:\/\/www.ebrubaglanti.com\/en\/urun\/self-drilling-roof-screw\/#primaryimage","url":"https:\/\/www.ebrubaglanti.com\/wp-content\/uploads\/2019\/09\/matkap_u\u00e7lu_\u00e7at\u0131_vidas\u0131.jpg","contentUrl":"https:\/\/www.ebrubaglanti.com\/wp-content\/uploads\/2019\/09\/matkap_u\u00e7lu_\u00e7at\u0131_vidas\u0131.jpg","width":585,"height":351},{"@type":"BreadcrumbList","@id":"https:\/\/www.ebrubaglanti.com\/en\/urun\/self-drilling-roof-screw\/#breadcrumb","itemListElement":[{"@type":"ListItem","position":1,"name":"Ana sayfa","item":"https:\/\/www.ebrubaglanti.com\/en\/"},{"@type":"ListItem","position":2,"name":"\u00dcr\u00fcnler","item":"https:\/\/www.ebrubaglanti.com\/shop\/"},{"@type":"ListItem","position":3,"name":"Self Drilling Roof Screw"}]},{"@type":"WebSite","@id":"http:\/\/www.ebrubaglanti.com\/#website","url":"http:\/\/www.ebrubaglanti.com\/","name":"EBRU Ba\u011flant\u0131 Elemanlar\u0131","description":"Fasteners Supplier from Turkey","potentialAction":[{"@type":"SearchAction","target":{"@type":"EntryPoint","urlTemplate":"http:\/\/www.ebrubaglanti.com\/?s={search_term_string}"},"query-input":{"@type":"PropertyValueSpecification","valueRequired":true,"valueName":"search_term_string"}}],"inLanguage":"en-US"}]}},"_links":{"self":[{"href":"https:\/\/www.ebrubaglanti.com\/en\/wp-json\/wp\/v2\/product\/3759","targetHints":{"allow":["GET"]}}],"collection":[{"href":"https:\/\/www.ebrubaglanti.com\/en\/wp-json\/wp\/v2\/product"}],"about":[{"href":"https:\/\/www.ebrubaglanti.com\/en\/wp-json\/wp\/v2\/types\/product"}],"wp:featuredmedia":[{"embeddable":true,"href":"https:\/\/www.ebrubaglanti.com\/en\/wp-json\/wp\/v2\/media\/1630"}],"wp:attachment":[{"href":"https:\/\/www.ebrubaglanti.com\/en\/wp-json\/wp\/v2\/media?parent=3759"}],"wp:term":[{"taxonomy":"product_brand","embeddable":true,"href":"https:\/\/www.ebrubaglanti.com\/en\/wp-json\/wp\/v2\/product_brand?post=3759"},{"taxonomy":"product_cat","embeddable":true,"href":"https:\/\/www.ebrubaglanti.com\/en\/wp-json\/wp\/v2\/product_cat?post=3759"},{"taxonomy":"product_tag","embeddable":true,"href":"https:\/\/www.ebrubaglanti.com\/en\/wp-json\/wp\/v2\/product_tag?post=3759"}],"curies":[{"name":"wp","href":"https:\/\/api.w.org\/{rel}","templated":true}]}}