{"id":3763,"date":"2021-12-02T10:06:02","date_gmt":"2021-12-02T10:06:02","guid":{"rendered":"http:\/\/www.ebrubaglanti.com\/urun\/concrete-screw\/"},"modified":"2021-12-02T10:06:53","modified_gmt":"2021-12-02T10:06:53","slug":"concrete-screw","status":"publish","type":"product","link":"https:\/\/www.ebrubaglanti.com\/en\/urun\/concrete-screw\/","title":{"rendered":"Concrete Screw"},"content":{"rendered":"\n\t<section class=\"section\" id=\"section_625035398\">\n\t\t<div class=\"section-bg fill\" >\n\t\t\t\t\t\t\t\t\t\n\t\t\t\n\n\t\t<\/div>\n\n\t\t\n\n\t\t<div class=\"section-content relative\">\n\t\t\t\n<div id=\"tablepress-379-scroll-wrapper\" class=\"tablepress-scroll-wrapper\">\n\n<table id=\"tablepress-379\" class=\"tablepress tablepress-id-379 tablepress-responsive\">\n<thead>\n<tr class=\"row-1\">\n\t<th class=\"column-1\">\u00dcR\u00dcN KODU<\/th><th class=\"column-2\">C\u0130NS\u0130<\/th><th class=\"column-3\">KUTU ADED\u0130<\/th><th class=\"column-4\">KOL\u0130 ADED\u0130<\/th>\n<\/tr>\n<\/thead>\n<tbody class=\"row-striping row-hover\">\n<tr class=\"row-2\">\n\t<td class=\"column-1\">00379<\/td><td class=\"column-2\">7,5 x 60<\/td><td class=\"column-3\">100 adet<\/td><td class=\"column-4\">2000 adet<\/td>\n<\/tr>\n<tr class=\"row-3\">\n\t<td class=\"column-1\">00380<\/td><td class=\"column-2\">7,5 x 80\t<\/td><td class=\"column-3\">100 adet<\/td><td class=\"column-4\">1500 adet<\/td>\n<\/tr>\n<tr class=\"row-4\">\n\t<td class=\"column-1\">00381<\/td><td class=\"column-2\">7,5 x 100\t<\/td><td class=\"column-3\">100 adet<\/td><td class=\"column-4\">1000 adet<\/td>\n<\/tr>\n<tr class=\"row-5\">\n\t<td class=\"column-1\">00382<\/td><td class=\"column-2\">7,5 x 120\t<\/td><td class=\"column-3\">100 adet<\/td><td class=\"column-4\">1000 adet<\/td>\n<\/tr>\n<tr class=\"row-6\">\n\t<td class=\"column-1\">00383<\/td><td class=\"column-2\">7,5 x 150\t<\/td><td class=\"column-3\">100 adet<\/td><td class=\"column-4\">800 adet<\/td>\n<\/tr>\n<tr class=\"row-7\">\n\t<td class=\"column-1\">00384<\/td><td class=\"column-2\">7,5 x 180\t<\/td><td class=\"column-3\">100 adet<\/td><td class=\"column-4\">400 adet<\/td>\n<\/tr>\n<tr class=\"row-8\">\n\t<td class=\"column-1\">00385<\/td><td class=\"column-2\">7,5 x 200\t<\/td><td class=\"column-3\">100 adet<\/td><td class=\"column-4\">200 adet<\/td>\n<\/tr>\n<\/tbody>\n<\/table>\n\n<\/div><!-- #tablepress-379 from cache -->\n\t\t<\/div>\n\n\t\t\n<style>\n#section_625035398 {\n  padding-top: 30px;\n  padding-bottom: 30px;\n}\n<\/style>\n\t<\/section>\n\t\n","protected":false},"excerpt":{"rendered":"<ul>\n<li>It is used in the assembly of PVC, aluminum and wood materials to concrete and similar products without using dowels.<\/li>\n<li>It throws dust out with dust channels and prevents jamming.<\/li>\n<li>High grip strength<\/li>\n<\/ul>\n","protected":false},"featured_media":1626,"template":"","meta":[],"product_brand":[],"product_cat":[225],"product_tag":[239,240,241,203],"class_list":{"0":"post-3763","1":"product","2":"type-product","3":"status-publish","4":"has-post-thumbnail","6":"product_cat-screw-types","7":"product_tag-buldex-en","8":"product_tag-concrete","9":"product_tag-concrete-screw","10":"product_tag-hook-en","12":"first","13":"instock","14":"shipping-taxable","15":"product-type-simple"},"yoast_head":"<!-- This site is optimized with the Yoast SEO plugin v27.4 - https:\/\/yoast.com\/product\/yoast-seo-wordpress\/ -->\n<title>Concrete Screw - EBRU Ba\u011flant\u0131 Elemanlar\u0131<\/title>\n<meta name=\"robots\" content=\"index, follow, max-snippet:-1, max-image-preview:large, max-video-preview:-1\" \/>\n<link rel=\"canonical\" href=\"http:\/\/www.ebrubaglanti.com\/en\/urun\/concrete-screw\/\" \/>\n<meta property=\"og:locale\" content=\"en_US\" \/>\n<meta property=\"og:type\" content=\"article\" \/>\n<meta property=\"og:title\" content=\"Concrete Screw - EBRU Ba\u011flant\u0131 Elemanlar\u0131\" \/>\n<meta property=\"og:description\" content=\"It is used in the assembly of PVC, aluminum and wood materials to concrete and similar products without using dowels.  It throws dust out with dust channels and prevents jamming.  High grip strength\" \/>\n<meta property=\"og:url\" content=\"http:\/\/www.ebrubaglanti.com\/en\/urun\/concrete-screw\/\" \/>\n<meta property=\"og:site_name\" content=\"EBRU Ba\u011flant\u0131 Elemanlar\u0131\" \/>\n<meta property=\"article:modified_time\" content=\"2021-12-02T10:06:53+00:00\" \/>\n<meta property=\"og:image\" content=\"http:\/\/www.ebrubaglanti.com\/wp-content\/uploads\/2019\/09\/beton_buldex.jpg\" \/>\n\t<meta property=\"og:image:width\" content=\"585\" \/>\n\t<meta property=\"og:image:height\" content=\"351\" \/>\n\t<meta property=\"og:image:type\" content=\"image\/jpeg\" \/>\n<meta name=\"twitter:card\" content=\"summary_large_image\" \/>\n<script type=\"application\/ld+json\" class=\"yoast-schema-graph\">{\"@context\":\"https:\\\/\\\/schema.org\",\"@graph\":[{\"@type\":\"WebPage\",\"@id\":\"http:\\\/\\\/www.ebrubaglanti.com\\\/en\\\/urun\\\/concrete-screw\\\/\",\"url\":\"http:\\\/\\\/www.ebrubaglanti.com\\\/en\\\/urun\\\/concrete-screw\\\/\",\"name\":\"Concrete Screw - EBRU Ba\u011flant\u0131 Elemanlar\u0131\",\"isPartOf\":{\"@id\":\"http:\\\/\\\/www.ebrubaglanti.com\\\/#website\"},\"primaryImageOfPage\":{\"@id\":\"http:\\\/\\\/www.ebrubaglanti.com\\\/en\\\/urun\\\/concrete-screw\\\/#primaryimage\"},\"image\":{\"@id\":\"http:\\\/\\\/www.ebrubaglanti.com\\\/en\\\/urun\\\/concrete-screw\\\/#primaryimage\"},\"thumbnailUrl\":\"https:\\\/\\\/www.ebrubaglanti.com\\\/wp-content\\\/uploads\\\/2019\\\/09\\\/beton_buldex.jpg\",\"datePublished\":\"2021-12-02T10:06:02+00:00\",\"dateModified\":\"2021-12-02T10:06:53+00:00\",\"breadcrumb\":{\"@id\":\"http:\\\/\\\/www.ebrubaglanti.com\\\/en\\\/urun\\\/concrete-screw\\\/#breadcrumb\"},\"inLanguage\":\"en-US\",\"potentialAction\":[{\"@type\":\"ReadAction\",\"target\":[\"http:\\\/\\\/www.ebrubaglanti.com\\\/en\\\/urun\\\/concrete-screw\\\/\"]}]},{\"@type\":\"ImageObject\",\"inLanguage\":\"en-US\",\"@id\":\"http:\\\/\\\/www.ebrubaglanti.com\\\/en\\\/urun\\\/concrete-screw\\\/#primaryimage\",\"url\":\"https:\\\/\\\/www.ebrubaglanti.com\\\/wp-content\\\/uploads\\\/2019\\\/09\\\/beton_buldex.jpg\",\"contentUrl\":\"https:\\\/\\\/www.ebrubaglanti.com\\\/wp-content\\\/uploads\\\/2019\\\/09\\\/beton_buldex.jpg\",\"width\":585,\"height\":351},{\"@type\":\"BreadcrumbList\",\"@id\":\"http:\\\/\\\/www.ebrubaglanti.com\\\/en\\\/urun\\\/concrete-screw\\\/#breadcrumb\",\"itemListElement\":[{\"@type\":\"ListItem\",\"position\":1,\"name\":\"Ana sayfa\",\"item\":\"https:\\\/\\\/www.ebrubaglanti.com\\\/en\\\/\"},{\"@type\":\"ListItem\",\"position\":2,\"name\":\"\u00dcr\u00fcnler\",\"item\":\"https:\\\/\\\/www.ebrubaglanti.com\\\/shop\\\/\"},{\"@type\":\"ListItem\",\"position\":3,\"name\":\"Concrete Screw\"}]},{\"@type\":\"WebSite\",\"@id\":\"http:\\\/\\\/www.ebrubaglanti.com\\\/#website\",\"url\":\"http:\\\/\\\/www.ebrubaglanti.com\\\/\",\"name\":\"EBRU Ba\u011flant\u0131 Elemanlar\u0131\",\"description\":\"Fasteners Supplier from Turkey\",\"potentialAction\":[{\"@type\":\"SearchAction\",\"target\":{\"@type\":\"EntryPoint\",\"urlTemplate\":\"http:\\\/\\\/www.ebrubaglanti.com\\\/?s={search_term_string}\"},\"query-input\":{\"@type\":\"PropertyValueSpecification\",\"valueRequired\":true,\"valueName\":\"search_term_string\"}}],\"inLanguage\":\"en-US\"}]}<\/script>\n<!-- \/ Yoast SEO plugin. -->","yoast_head_json":{"title":"Concrete Screw - EBRU Ba\u011flant\u0131 Elemanlar\u0131","robots":{"index":"index","follow":"follow","max-snippet":"max-snippet:-1","max-image-preview":"max-image-preview:large","max-video-preview":"max-video-preview:-1"},"canonical":"http:\/\/www.ebrubaglanti.com\/en\/urun\/concrete-screw\/","og_locale":"en_US","og_type":"article","og_title":"Concrete Screw - EBRU Ba\u011flant\u0131 Elemanlar\u0131","og_description":"It is used in the assembly of PVC, aluminum and wood materials to concrete and similar products without using dowels.  It throws dust out with dust channels and prevents jamming.  High grip strength","og_url":"http:\/\/www.ebrubaglanti.com\/en\/urun\/concrete-screw\/","og_site_name":"EBRU Ba\u011flant\u0131 Elemanlar\u0131","article_modified_time":"2021-12-02T10:06:53+00:00","og_image":[{"width":585,"height":351,"url":"http:\/\/www.ebrubaglanti.com\/wp-content\/uploads\/2019\/09\/beton_buldex.jpg","type":"image\/jpeg"}],"twitter_card":"summary_large_image","schema":{"@context":"https:\/\/schema.org","@graph":[{"@type":"WebPage","@id":"http:\/\/www.ebrubaglanti.com\/en\/urun\/concrete-screw\/","url":"http:\/\/www.ebrubaglanti.com\/en\/urun\/concrete-screw\/","name":"Concrete Screw - EBRU Ba\u011flant\u0131 Elemanlar\u0131","isPartOf":{"@id":"http:\/\/www.ebrubaglanti.com\/#website"},"primaryImageOfPage":{"@id":"http:\/\/www.ebrubaglanti.com\/en\/urun\/concrete-screw\/#primaryimage"},"image":{"@id":"http:\/\/www.ebrubaglanti.com\/en\/urun\/concrete-screw\/#primaryimage"},"thumbnailUrl":"https:\/\/www.ebrubaglanti.com\/wp-content\/uploads\/2019\/09\/beton_buldex.jpg","datePublished":"2021-12-02T10:06:02+00:00","dateModified":"2021-12-02T10:06:53+00:00","breadcrumb":{"@id":"http:\/\/www.ebrubaglanti.com\/en\/urun\/concrete-screw\/#breadcrumb"},"inLanguage":"en-US","potentialAction":[{"@type":"ReadAction","target":["http:\/\/www.ebrubaglanti.com\/en\/urun\/concrete-screw\/"]}]},{"@type":"ImageObject","inLanguage":"en-US","@id":"http:\/\/www.ebrubaglanti.com\/en\/urun\/concrete-screw\/#primaryimage","url":"https:\/\/www.ebrubaglanti.com\/wp-content\/uploads\/2019\/09\/beton_buldex.jpg","contentUrl":"https:\/\/www.ebrubaglanti.com\/wp-content\/uploads\/2019\/09\/beton_buldex.jpg","width":585,"height":351},{"@type":"BreadcrumbList","@id":"http:\/\/www.ebrubaglanti.com\/en\/urun\/concrete-screw\/#breadcrumb","itemListElement":[{"@type":"ListItem","position":1,"name":"Ana sayfa","item":"https:\/\/www.ebrubaglanti.com\/en\/"},{"@type":"ListItem","position":2,"name":"\u00dcr\u00fcnler","item":"https:\/\/www.ebrubaglanti.com\/shop\/"},{"@type":"ListItem","position":3,"name":"Concrete Screw"}]},{"@type":"WebSite","@id":"http:\/\/www.ebrubaglanti.com\/#website","url":"http:\/\/www.ebrubaglanti.com\/","name":"EBRU Ba\u011flant\u0131 Elemanlar\u0131","description":"Fasteners Supplier from Turkey","potentialAction":[{"@type":"SearchAction","target":{"@type":"EntryPoint","urlTemplate":"http:\/\/www.ebrubaglanti.com\/?s={search_term_string}"},"query-input":{"@type":"PropertyValueSpecification","valueRequired":true,"valueName":"search_term_string"}}],"inLanguage":"en-US"}]}},"_links":{"self":[{"href":"https:\/\/www.ebrubaglanti.com\/en\/wp-json\/wp\/v2\/product\/3763","targetHints":{"allow":["GET"]}}],"collection":[{"href":"https:\/\/www.ebrubaglanti.com\/en\/wp-json\/wp\/v2\/product"}],"about":[{"href":"https:\/\/www.ebrubaglanti.com\/en\/wp-json\/wp\/v2\/types\/product"}],"wp:featuredmedia":[{"embeddable":true,"href":"https:\/\/www.ebrubaglanti.com\/en\/wp-json\/wp\/v2\/media\/1626"}],"wp:attachment":[{"href":"https:\/\/www.ebrubaglanti.com\/en\/wp-json\/wp\/v2\/media?parent=3763"}],"wp:term":[{"taxonomy":"product_brand","embeddable":true,"href":"https:\/\/www.ebrubaglanti.com\/en\/wp-json\/wp\/v2\/product_brand?post=3763"},{"taxonomy":"product_cat","embeddable":true,"href":"https:\/\/www.ebrubaglanti.com\/en\/wp-json\/wp\/v2\/product_cat?post=3763"},{"taxonomy":"product_tag","embeddable":true,"href":"https:\/\/www.ebrubaglanti.com\/en\/wp-json\/wp\/v2\/product_tag?post=3763"}],"curies":[{"name":"wp","href":"https:\/\/api.w.org\/{rel}","templated":true}]}}