{"id":3773,"date":"2021-12-02T10:37:32","date_gmt":"2021-12-02T10:37:32","guid":{"rendered":"http:\/\/www.ebrubaglanti.com\/urun\/ytong-plastic-plug\/"},"modified":"2021-12-02T10:41:39","modified_gmt":"2021-12-02T10:41:39","slug":"ytong-plastic-plug","status":"publish","type":"product","link":"https:\/\/www.ebrubaglanti.com\/en\/urun\/ytong-plastic-plug\/","title":{"rendered":"Ytong Plastic Anchor"},"content":{"rendered":"","protected":false},"excerpt":{"rendered":"","protected":false},"featured_media":1615,"template":"","meta":[],"product_brand":[],"product_cat":[263,262],"product_tag":[264,265],"class_list":{"0":"post-3773","1":"product","2":"type-product","3":"status-publish","4":"has-post-thumbnail","6":"product_cat-plastic-plug","7":"product_cat-plug","8":"product_tag-plug","9":"product_tag-ytong","11":"first","12":"instock","13":"shipping-taxable","14":"product-type-simple"},"yoast_head":"<!-- This site is optimized with the Yoast SEO plugin v27.4 - https:\/\/yoast.com\/product\/yoast-seo-wordpress\/ -->\n<title>Ytong Plastic Anchor - EBRU Ba\u011flant\u0131 Elemanlar\u0131<\/title>\n<meta name=\"robots\" content=\"index, follow, max-snippet:-1, max-image-preview:large, max-video-preview:-1\" \/>\n<link rel=\"canonical\" href=\"https:\/\/www.ebrubaglanti.com\/en\/urun\/ytong-plastic-plug\/\" \/>\n<meta property=\"og:locale\" content=\"en_US\" \/>\n<meta property=\"og:type\" content=\"article\" \/>\n<meta property=\"og:title\" content=\"Ytong Plastic Anchor - EBRU Ba\u011flant\u0131 Elemanlar\u0131\" \/>\n<meta property=\"og:url\" content=\"https:\/\/www.ebrubaglanti.com\/en\/urun\/ytong-plastic-plug\/\" \/>\n<meta property=\"og:site_name\" content=\"EBRU Ba\u011flant\u0131 Elemanlar\u0131\" \/>\n<meta property=\"article:modified_time\" content=\"2021-12-02T10:41:39+00:00\" \/>\n<meta property=\"og:image\" content=\"https:\/\/www.ebrubaglanti.com\/wp-content\/uploads\/2019\/09\/yutong_dubeli.jpg\" \/>\n\t<meta property=\"og:image:width\" content=\"585\" \/>\n\t<meta property=\"og:image:height\" content=\"351\" \/>\n\t<meta property=\"og:image:type\" content=\"image\/jpeg\" \/>\n<meta name=\"twitter:card\" content=\"summary_large_image\" \/>\n<script type=\"application\/ld+json\" class=\"yoast-schema-graph\">{\"@context\":\"https:\\\/\\\/schema.org\",\"@graph\":[{\"@type\":\"WebPage\",\"@id\":\"https:\\\/\\\/www.ebrubaglanti.com\\\/en\\\/urun\\\/ytong-plastic-plug\\\/\",\"url\":\"https:\\\/\\\/www.ebrubaglanti.com\\\/en\\\/urun\\\/ytong-plastic-plug\\\/\",\"name\":\"Ytong Plastic Anchor - EBRU Ba\u011flant\u0131 Elemanlar\u0131\",\"isPartOf\":{\"@id\":\"http:\\\/\\\/www.ebrubaglanti.com\\\/#website\"},\"primaryImageOfPage\":{\"@id\":\"https:\\\/\\\/www.ebrubaglanti.com\\\/en\\\/urun\\\/ytong-plastic-plug\\\/#primaryimage\"},\"image\":{\"@id\":\"https:\\\/\\\/www.ebrubaglanti.com\\\/en\\\/urun\\\/ytong-plastic-plug\\\/#primaryimage\"},\"thumbnailUrl\":\"https:\\\/\\\/www.ebrubaglanti.com\\\/wp-content\\\/uploads\\\/2019\\\/09\\\/yutong_dubeli.jpg\",\"datePublished\":\"2021-12-02T10:37:32+00:00\",\"dateModified\":\"2021-12-02T10:41:39+00:00\",\"breadcrumb\":{\"@id\":\"https:\\\/\\\/www.ebrubaglanti.com\\\/en\\\/urun\\\/ytong-plastic-plug\\\/#breadcrumb\"},\"inLanguage\":\"en-US\",\"potentialAction\":[{\"@type\":\"ReadAction\",\"target\":[\"https:\\\/\\\/www.ebrubaglanti.com\\\/en\\\/urun\\\/ytong-plastic-plug\\\/\"]}]},{\"@type\":\"ImageObject\",\"inLanguage\":\"en-US\",\"@id\":\"https:\\\/\\\/www.ebrubaglanti.com\\\/en\\\/urun\\\/ytong-plastic-plug\\\/#primaryimage\",\"url\":\"https:\\\/\\\/www.ebrubaglanti.com\\\/wp-content\\\/uploads\\\/2019\\\/09\\\/yutong_dubeli.jpg\",\"contentUrl\":\"https:\\\/\\\/www.ebrubaglanti.com\\\/wp-content\\\/uploads\\\/2019\\\/09\\\/yutong_dubeli.jpg\",\"width\":585,\"height\":351},{\"@type\":\"BreadcrumbList\",\"@id\":\"https:\\\/\\\/www.ebrubaglanti.com\\\/en\\\/urun\\\/ytong-plastic-plug\\\/#breadcrumb\",\"itemListElement\":[{\"@type\":\"ListItem\",\"position\":1,\"name\":\"Ana sayfa\",\"item\":\"https:\\\/\\\/www.ebrubaglanti.com\\\/en\\\/\"},{\"@type\":\"ListItem\",\"position\":2,\"name\":\"\u00dcr\u00fcnler\",\"item\":\"https:\\\/\\\/www.ebrubaglanti.com\\\/shop\\\/\"},{\"@type\":\"ListItem\",\"position\":3,\"name\":\"Ytong Plastic Anchor\"}]},{\"@type\":\"WebSite\",\"@id\":\"http:\\\/\\\/www.ebrubaglanti.com\\\/#website\",\"url\":\"http:\\\/\\\/www.ebrubaglanti.com\\\/\",\"name\":\"EBRU Ba\u011flant\u0131 Elemanlar\u0131\",\"description\":\"Fasteners Supplier from Turkey\",\"potentialAction\":[{\"@type\":\"SearchAction\",\"target\":{\"@type\":\"EntryPoint\",\"urlTemplate\":\"http:\\\/\\\/www.ebrubaglanti.com\\\/?s={search_term_string}\"},\"query-input\":{\"@type\":\"PropertyValueSpecification\",\"valueRequired\":true,\"valueName\":\"search_term_string\"}}],\"inLanguage\":\"en-US\"}]}<\/script>\n<!-- \/ Yoast SEO plugin. -->","yoast_head_json":{"title":"Ytong Plastic Anchor - EBRU Ba\u011flant\u0131 Elemanlar\u0131","robots":{"index":"index","follow":"follow","max-snippet":"max-snippet:-1","max-image-preview":"max-image-preview:large","max-video-preview":"max-video-preview:-1"},"canonical":"https:\/\/www.ebrubaglanti.com\/en\/urun\/ytong-plastic-plug\/","og_locale":"en_US","og_type":"article","og_title":"Ytong Plastic Anchor - EBRU Ba\u011flant\u0131 Elemanlar\u0131","og_url":"https:\/\/www.ebrubaglanti.com\/en\/urun\/ytong-plastic-plug\/","og_site_name":"EBRU Ba\u011flant\u0131 Elemanlar\u0131","article_modified_time":"2021-12-02T10:41:39+00:00","og_image":[{"width":585,"height":351,"url":"https:\/\/www.ebrubaglanti.com\/wp-content\/uploads\/2019\/09\/yutong_dubeli.jpg","type":"image\/jpeg"}],"twitter_card":"summary_large_image","schema":{"@context":"https:\/\/schema.org","@graph":[{"@type":"WebPage","@id":"https:\/\/www.ebrubaglanti.com\/en\/urun\/ytong-plastic-plug\/","url":"https:\/\/www.ebrubaglanti.com\/en\/urun\/ytong-plastic-plug\/","name":"Ytong Plastic Anchor - EBRU Ba\u011flant\u0131 Elemanlar\u0131","isPartOf":{"@id":"http:\/\/www.ebrubaglanti.com\/#website"},"primaryImageOfPage":{"@id":"https:\/\/www.ebrubaglanti.com\/en\/urun\/ytong-plastic-plug\/#primaryimage"},"image":{"@id":"https:\/\/www.ebrubaglanti.com\/en\/urun\/ytong-plastic-plug\/#primaryimage"},"thumbnailUrl":"https:\/\/www.ebrubaglanti.com\/wp-content\/uploads\/2019\/09\/yutong_dubeli.jpg","datePublished":"2021-12-02T10:37:32+00:00","dateModified":"2021-12-02T10:41:39+00:00","breadcrumb":{"@id":"https:\/\/www.ebrubaglanti.com\/en\/urun\/ytong-plastic-plug\/#breadcrumb"},"inLanguage":"en-US","potentialAction":[{"@type":"ReadAction","target":["https:\/\/www.ebrubaglanti.com\/en\/urun\/ytong-plastic-plug\/"]}]},{"@type":"ImageObject","inLanguage":"en-US","@id":"https:\/\/www.ebrubaglanti.com\/en\/urun\/ytong-plastic-plug\/#primaryimage","url":"https:\/\/www.ebrubaglanti.com\/wp-content\/uploads\/2019\/09\/yutong_dubeli.jpg","contentUrl":"https:\/\/www.ebrubaglanti.com\/wp-content\/uploads\/2019\/09\/yutong_dubeli.jpg","width":585,"height":351},{"@type":"BreadcrumbList","@id":"https:\/\/www.ebrubaglanti.com\/en\/urun\/ytong-plastic-plug\/#breadcrumb","itemListElement":[{"@type":"ListItem","position":1,"name":"Ana sayfa","item":"https:\/\/www.ebrubaglanti.com\/en\/"},{"@type":"ListItem","position":2,"name":"\u00dcr\u00fcnler","item":"https:\/\/www.ebrubaglanti.com\/shop\/"},{"@type":"ListItem","position":3,"name":"Ytong Plastic Anchor"}]},{"@type":"WebSite","@id":"http:\/\/www.ebrubaglanti.com\/#website","url":"http:\/\/www.ebrubaglanti.com\/","name":"EBRU Ba\u011flant\u0131 Elemanlar\u0131","description":"Fasteners Supplier from Turkey","potentialAction":[{"@type":"SearchAction","target":{"@type":"EntryPoint","urlTemplate":"http:\/\/www.ebrubaglanti.com\/?s={search_term_string}"},"query-input":{"@type":"PropertyValueSpecification","valueRequired":true,"valueName":"search_term_string"}}],"inLanguage":"en-US"}]}},"_links":{"self":[{"href":"https:\/\/www.ebrubaglanti.com\/en\/wp-json\/wp\/v2\/product\/3773","targetHints":{"allow":["GET"]}}],"collection":[{"href":"https:\/\/www.ebrubaglanti.com\/en\/wp-json\/wp\/v2\/product"}],"about":[{"href":"https:\/\/www.ebrubaglanti.com\/en\/wp-json\/wp\/v2\/types\/product"}],"wp:featuredmedia":[{"embeddable":true,"href":"https:\/\/www.ebrubaglanti.com\/en\/wp-json\/wp\/v2\/media\/1615"}],"wp:attachment":[{"href":"https:\/\/www.ebrubaglanti.com\/en\/wp-json\/wp\/v2\/media?parent=3773"}],"wp:term":[{"taxonomy":"product_brand","embeddable":true,"href":"https:\/\/www.ebrubaglanti.com\/en\/wp-json\/wp\/v2\/product_brand?post=3773"},{"taxonomy":"product_cat","embeddable":true,"href":"https:\/\/www.ebrubaglanti.com\/en\/wp-json\/wp\/v2\/product_cat?post=3773"},{"taxonomy":"product_tag","embeddable":true,"href":"https:\/\/www.ebrubaglanti.com\/en\/wp-json\/wp\/v2\/product_tag?post=3773"}],"curies":[{"name":"wp","href":"https:\/\/api.w.org\/{rel}","templated":true}]}}