{"id":3792,"date":"2021-12-02T11:37:08","date_gmt":"2021-12-02T11:37:08","guid":{"rendered":"http:\/\/www.ebrubaglanti.com\/urun\/s-hook\/"},"modified":"2021-12-02T11:45:25","modified_gmt":"2021-12-02T11:45:25","slug":"s-hook","status":"publish","type":"product","link":"https:\/\/www.ebrubaglanti.com\/en\/urun\/s-hook\/","title":{"rendered":"&#8220;S&#8221; Hook"},"content":{"rendered":"\n<table id=\"tablepress-31\" class=\"tablepress tablepress-id-31 tablepress-responsive\">\n<thead>\n<tr class=\"row-1\">\n\t<th class=\"column-1\">\u00dcR\u00dcN<br \/>\nKODU<\/th><th class=\"column-2\">C\u0130NS\u0130<\/th><th class=\"column-3\">A<\/th><th class=\"column-4\">B<\/th><th class=\"column-5\">C<\/th><th class=\"column-6\">KUTU<br \/>\nADET\u0130<\/th><th class=\"column-7\">KOL\u0130<br \/>\nADET\u0130<\/th><th class=\"column-8\">KOL\u0130 <br \/>\nA\u011eIRLI\u011eI<\/th>\n<\/tr>\n<\/thead>\n<tbody class=\"row-striping row-hover\">\n<tr class=\"row-2\">\n\t<td class=\"column-1\">277<\/td><td class=\"column-2\">ES M\u0130N\u0130K 3,25 x 30<\/td><td class=\"column-3\">\u00d83,25<\/td><td class=\"column-4\">12<\/td><td class=\"column-5\">30<\/td><td class=\"column-6\">100 adet<\/td><td class=\"column-7\">30 x 100 ad<\/td><td class=\"column-8\">27 kg<\/td>\n<\/tr>\n<tr class=\"row-3\">\n\t<td class=\"column-1\">211<\/td><td class=\"column-2\">ES K\u00dc\u00c7\u00dcK 4,20 x 40<\/td><td class=\"column-3\">\u00d84,20<\/td><td class=\"column-4\">10<\/td><td class=\"column-5\">40<\/td><td class=\"column-6\">100 adet<\/td><td class=\"column-7\">20 x 100 ad<\/td><td class=\"column-8\">30 kg<\/td>\n<\/tr>\n<tr class=\"row-4\">\n\t<td class=\"column-1\">212<\/td><td class=\"column-2\">ES B\u00dcY\u00dcK 5 x 55<\/td><td class=\"column-3\">\u00d85,00<\/td><td class=\"column-4\">14<\/td><td class=\"column-5\">55<\/td><td class=\"column-6\">100 adet<\/td><td class=\"column-7\">20 x 100 ad<\/td><td class=\"column-8\">32,5 kg<\/td>\n<\/tr>\n<tr class=\"row-5\">\n\t<td class=\"column-1\">274<\/td><td class=\"column-2\">ES 4 x 80<\/td><td class=\"column-3\">\u00d84,00<\/td><td class=\"column-4\">17<\/td><td class=\"column-5\">80<\/td><td class=\"column-6\">50 adet<\/td><td class=\"column-7\">12 x 50 ad<\/td><td class=\"column-8\">21 kg<\/td>\n<\/tr>\n<tr class=\"row-6\">\n\t<td class=\"column-1\">275<\/td><td class=\"column-2\">ES 4 x 100<\/td><td class=\"column-3\">\u00d84,00<\/td><td class=\"column-4\">22<\/td><td class=\"column-5\">100<\/td><td class=\"column-6\">50 adet<\/td><td class=\"column-7\">12 x 50 ad<\/td><td class=\"column-8\">25 kg<\/td>\n<\/tr>\n<tr class=\"row-7\">\n\t<td class=\"column-1\">276<\/td><td class=\"column-2\">ES 4 x 120<\/td><td class=\"column-3\">\u00d84,00<\/td><td class=\"column-4\">34<\/td><td class=\"column-5\">120<\/td><td class=\"column-6\">50 adet<\/td><td class=\"column-7\">12 x 50 ad<\/td><td class=\"column-8\">30 kg<\/td>\n<\/tr>\n<tr class=\"row-8\">\n\t<td class=\"column-1\">278<\/td><td class=\"column-2\">ES 3,25 x 50<\/td><td class=\"column-3\">\u00d83,25<\/td><td class=\"column-4\">14<\/td><td class=\"column-5\">50<\/td><td class=\"column-6\">100 adet<\/td><td class=\"column-7\">30 x 100 ad<\/td><td class=\"column-8\">20 kg<\/td>\n<\/tr>\n<tr class=\"row-9\">\n\t<td class=\"column-1\">279<\/td><td class=\"column-2\">ES 3,25 x 70<\/td><td class=\"column-3\">\u00d83,25<\/td><td class=\"column-4\">16<\/td><td class=\"column-5\">70<\/td><td class=\"column-6\">100 adet<\/td><td class=\"column-7\">30 x 100 ad<\/td><td class=\"column-8\">22 kg<\/td>\n<\/tr>\n<tr class=\"row-10\">\n\t<td class=\"column-1\">213<\/td><td class=\"column-2\">ES Extra 7 x 110<\/td><td class=\"column-3\">\u00d87<\/td><td class=\"column-4\">26<\/td><td class=\"column-5\">110<\/td><td class=\"column-6\">50 adet<\/td><td class=\"column-7\">20 x 50 ad<\/td><td class=\"column-8\">25 kg<\/td>\n<\/tr>\n<\/tbody>\n<\/table>\n<!-- #tablepress-31 from cache -->\n","protected":false},"excerpt":{"rendered":"","protected":false},"featured_media":1586,"template":"","meta":[],"product_brand":[],"product_cat":[191],"product_tag":[],"class_list":{"0":"post-3792","1":"product","2":"type-product","3":"status-publish","4":"has-post-thumbnail","6":"product_cat-eye-screws","8":"first","9":"instock","10":"shipping-taxable","11":"product-type-simple"},"yoast_head":"<!-- This site is optimized with the Yoast SEO plugin v27.5 - https:\/\/yoast.com\/product\/yoast-seo-wordpress\/ -->\n<title>&quot;S&quot; Hook - EBRU Ba\u011flant\u0131 Elemanlar\u0131<\/title>\n<meta name=\"robots\" content=\"index, follow, max-snippet:-1, max-image-preview:large, max-video-preview:-1\" \/>\n<link rel=\"canonical\" href=\"http:\/\/www.ebrubaglanti.com\/en\/urun\/s-hook\/\" \/>\n<meta property=\"og:locale\" content=\"en_US\" \/>\n<meta property=\"og:type\" content=\"article\" \/>\n<meta property=\"og:title\" content=\"&quot;S&quot; Hook - EBRU Ba\u011flant\u0131 Elemanlar\u0131\" \/>\n<meta property=\"og:url\" content=\"http:\/\/www.ebrubaglanti.com\/en\/urun\/s-hook\/\" \/>\n<meta property=\"og:site_name\" content=\"EBRU Ba\u011flant\u0131 Elemanlar\u0131\" \/>\n<meta property=\"article:modified_time\" content=\"2021-12-02T11:45:25+00:00\" \/>\n<meta property=\"og:image\" content=\"http:\/\/www.ebrubaglanti.com\/wp-content\/uploads\/2019\/09\/es_kanca.jpg\" \/>\n\t<meta property=\"og:image:width\" content=\"800\" \/>\n\t<meta property=\"og:image:height\" content=\"480\" \/>\n\t<meta property=\"og:image:type\" content=\"image\/jpeg\" \/>\n<meta name=\"twitter:card\" content=\"summary_large_image\" \/>\n<script type=\"application\/ld+json\" class=\"yoast-schema-graph\">{\"@context\":\"https:\\\/\\\/schema.org\",\"@graph\":[{\"@type\":\"WebPage\",\"@id\":\"http:\\\/\\\/www.ebrubaglanti.com\\\/en\\\/urun\\\/s-hook\\\/\",\"url\":\"http:\\\/\\\/www.ebrubaglanti.com\\\/en\\\/urun\\\/s-hook\\\/\",\"name\":\"\\\"S\\\" Hook - EBRU Ba\u011flant\u0131 Elemanlar\u0131\",\"isPartOf\":{\"@id\":\"https:\\\/\\\/www.ebrubaglanti.com\\\/en\\\/#website\"},\"primaryImageOfPage\":{\"@id\":\"http:\\\/\\\/www.ebrubaglanti.com\\\/en\\\/urun\\\/s-hook\\\/#primaryimage\"},\"image\":{\"@id\":\"http:\\\/\\\/www.ebrubaglanti.com\\\/en\\\/urun\\\/s-hook\\\/#primaryimage\"},\"thumbnailUrl\":\"https:\\\/\\\/www.ebrubaglanti.com\\\/wp-content\\\/uploads\\\/2019\\\/09\\\/es_kanca.jpg\",\"datePublished\":\"2021-12-02T11:37:08+00:00\",\"dateModified\":\"2021-12-02T11:45:25+00:00\",\"breadcrumb\":{\"@id\":\"http:\\\/\\\/www.ebrubaglanti.com\\\/en\\\/urun\\\/s-hook\\\/#breadcrumb\"},\"inLanguage\":\"en-US\",\"potentialAction\":[{\"@type\":\"ReadAction\",\"target\":[\"http:\\\/\\\/www.ebrubaglanti.com\\\/en\\\/urun\\\/s-hook\\\/\"]}]},{\"@type\":\"ImageObject\",\"inLanguage\":\"en-US\",\"@id\":\"http:\\\/\\\/www.ebrubaglanti.com\\\/en\\\/urun\\\/s-hook\\\/#primaryimage\",\"url\":\"https:\\\/\\\/www.ebrubaglanti.com\\\/wp-content\\\/uploads\\\/2019\\\/09\\\/es_kanca.jpg\",\"contentUrl\":\"https:\\\/\\\/www.ebrubaglanti.com\\\/wp-content\\\/uploads\\\/2019\\\/09\\\/es_kanca.jpg\",\"width\":800,\"height\":480},{\"@type\":\"BreadcrumbList\",\"@id\":\"http:\\\/\\\/www.ebrubaglanti.com\\\/en\\\/urun\\\/s-hook\\\/#breadcrumb\",\"itemListElement\":[{\"@type\":\"ListItem\",\"position\":1,\"name\":\"Ana sayfa\",\"item\":\"https:\\\/\\\/www.ebrubaglanti.com\\\/en\\\/\"},{\"@type\":\"ListItem\",\"position\":2,\"name\":\"\u00dcr\u00fcnler\",\"item\":\"https:\\\/\\\/www.ebrubaglanti.com\\\/shop\\\/\"},{\"@type\":\"ListItem\",\"position\":3,\"name\":\"&#8220;S&#8221; Hook\"}]},{\"@type\":\"WebSite\",\"@id\":\"https:\\\/\\\/www.ebrubaglanti.com\\\/en\\\/#website\",\"url\":\"https:\\\/\\\/www.ebrubaglanti.com\\\/en\\\/\",\"name\":\"EBRU Ba\u011flant\u0131 Elemanlar\u0131\",\"description\":\"Fasteners Supplier from Turkey\",\"potentialAction\":[{\"@type\":\"SearchAction\",\"target\":{\"@type\":\"EntryPoint\",\"urlTemplate\":\"https:\\\/\\\/www.ebrubaglanti.com\\\/en\\\/?s={search_term_string}\"},\"query-input\":{\"@type\":\"PropertyValueSpecification\",\"valueRequired\":true,\"valueName\":\"search_term_string\"}}],\"inLanguage\":\"en-US\"}]}<\/script>\n<!-- \/ Yoast SEO plugin. -->","yoast_head_json":{"title":"\"S\" Hook - EBRU Ba\u011flant\u0131 Elemanlar\u0131","robots":{"index":"index","follow":"follow","max-snippet":"max-snippet:-1","max-image-preview":"max-image-preview:large","max-video-preview":"max-video-preview:-1"},"canonical":"http:\/\/www.ebrubaglanti.com\/en\/urun\/s-hook\/","og_locale":"en_US","og_type":"article","og_title":"\"S\" Hook - EBRU Ba\u011flant\u0131 Elemanlar\u0131","og_url":"http:\/\/www.ebrubaglanti.com\/en\/urun\/s-hook\/","og_site_name":"EBRU Ba\u011flant\u0131 Elemanlar\u0131","article_modified_time":"2021-12-02T11:45:25+00:00","og_image":[{"width":800,"height":480,"url":"http:\/\/www.ebrubaglanti.com\/wp-content\/uploads\/2019\/09\/es_kanca.jpg","type":"image\/jpeg"}],"twitter_card":"summary_large_image","schema":{"@context":"https:\/\/schema.org","@graph":[{"@type":"WebPage","@id":"http:\/\/www.ebrubaglanti.com\/en\/urun\/s-hook\/","url":"http:\/\/www.ebrubaglanti.com\/en\/urun\/s-hook\/","name":"\"S\" Hook - EBRU Ba\u011flant\u0131 Elemanlar\u0131","isPartOf":{"@id":"https:\/\/www.ebrubaglanti.com\/en\/#website"},"primaryImageOfPage":{"@id":"http:\/\/www.ebrubaglanti.com\/en\/urun\/s-hook\/#primaryimage"},"image":{"@id":"http:\/\/www.ebrubaglanti.com\/en\/urun\/s-hook\/#primaryimage"},"thumbnailUrl":"https:\/\/www.ebrubaglanti.com\/wp-content\/uploads\/2019\/09\/es_kanca.jpg","datePublished":"2021-12-02T11:37:08+00:00","dateModified":"2021-12-02T11:45:25+00:00","breadcrumb":{"@id":"http:\/\/www.ebrubaglanti.com\/en\/urun\/s-hook\/#breadcrumb"},"inLanguage":"en-US","potentialAction":[{"@type":"ReadAction","target":["http:\/\/www.ebrubaglanti.com\/en\/urun\/s-hook\/"]}]},{"@type":"ImageObject","inLanguage":"en-US","@id":"http:\/\/www.ebrubaglanti.com\/en\/urun\/s-hook\/#primaryimage","url":"https:\/\/www.ebrubaglanti.com\/wp-content\/uploads\/2019\/09\/es_kanca.jpg","contentUrl":"https:\/\/www.ebrubaglanti.com\/wp-content\/uploads\/2019\/09\/es_kanca.jpg","width":800,"height":480},{"@type":"BreadcrumbList","@id":"http:\/\/www.ebrubaglanti.com\/en\/urun\/s-hook\/#breadcrumb","itemListElement":[{"@type":"ListItem","position":1,"name":"Ana sayfa","item":"https:\/\/www.ebrubaglanti.com\/en\/"},{"@type":"ListItem","position":2,"name":"\u00dcr\u00fcnler","item":"https:\/\/www.ebrubaglanti.com\/shop\/"},{"@type":"ListItem","position":3,"name":"&#8220;S&#8221; Hook"}]},{"@type":"WebSite","@id":"https:\/\/www.ebrubaglanti.com\/en\/#website","url":"https:\/\/www.ebrubaglanti.com\/en\/","name":"EBRU Ba\u011flant\u0131 Elemanlar\u0131","description":"Fasteners Supplier from Turkey","potentialAction":[{"@type":"SearchAction","target":{"@type":"EntryPoint","urlTemplate":"https:\/\/www.ebrubaglanti.com\/en\/?s={search_term_string}"},"query-input":{"@type":"PropertyValueSpecification","valueRequired":true,"valueName":"search_term_string"}}],"inLanguage":"en-US"}]}},"_links":{"self":[{"href":"https:\/\/www.ebrubaglanti.com\/en\/wp-json\/wp\/v2\/product\/3792","targetHints":{"allow":["GET"]}}],"collection":[{"href":"https:\/\/www.ebrubaglanti.com\/en\/wp-json\/wp\/v2\/product"}],"about":[{"href":"https:\/\/www.ebrubaglanti.com\/en\/wp-json\/wp\/v2\/types\/product"}],"wp:featuredmedia":[{"embeddable":true,"href":"https:\/\/www.ebrubaglanti.com\/en\/wp-json\/wp\/v2\/media\/1586"}],"wp:attachment":[{"href":"https:\/\/www.ebrubaglanti.com\/en\/wp-json\/wp\/v2\/media?parent=3792"}],"wp:term":[{"taxonomy":"product_brand","embeddable":true,"href":"https:\/\/www.ebrubaglanti.com\/en\/wp-json\/wp\/v2\/product_brand?post=3792"},{"taxonomy":"product_cat","embeddable":true,"href":"https:\/\/www.ebrubaglanti.com\/en\/wp-json\/wp\/v2\/product_cat?post=3792"},{"taxonomy":"product_tag","embeddable":true,"href":"https:\/\/www.ebrubaglanti.com\/en\/wp-json\/wp\/v2\/product_tag?post=3792"}],"curies":[{"name":"wp","href":"https:\/\/api.w.org\/{rel}","templated":true}]}}