{"id":3807,"date":"2021-12-02T12:01:07","date_gmt":"2021-12-02T12:01:07","guid":{"rendered":"http:\/\/www.ebrubaglanti.com\/urun\/bolt-hook-closed-type\/"},"modified":"2021-12-02T12:01:07","modified_gmt":"2021-12-02T12:01:07","slug":"bolt-hook-closed-type","status":"publish","type":"product","link":"https:\/\/www.ebrubaglanti.com\/en\/urun\/bolt-hook-closed-type\/","title":{"rendered":"Bolt Hook &#8211; Closed type &#8211;"},"content":{"rendered":"\n\t<section class=\"section\" id=\"section_1671713391\">\n\t\t<div class=\"section-bg fill\" >\n\t\t\t\t\t\t\t\t\t\n\t\t\t\n\n\t\t<\/div>\n\n\t\t\n\n\t\t<div class=\"section-content relative\">\n\t\t\t\n<div id=\"tablepress-9120-scroll-wrapper\" class=\"tablepress-scroll-wrapper\">\n\n<table id=\"tablepress-9120\" class=\"tablepress tablepress-id-9120 tablepress-responsive\">\n<thead>\n<tr class=\"row-1\">\n\t<th class=\"column-1\">\u00dcR\u00dcN<br \/>\nKODU<\/th><th class=\"column-2\">C\u0130NS\u0130<\/th><th class=\"column-3\">A<\/th><th class=\"column-4\">B<\/th><th class=\"column-5\">C<\/th><th class=\"column-6\">C1<\/th><th class=\"column-7\">D<\/th><th class=\"column-8\">KUTU<br \/>\nADED\u0130<\/th><th class=\"column-9\">KOL\u0130<br \/>\nADED\u0130<\/th>\n<\/tr>\n<\/thead>\n<tbody class=\"row-striping row-hover\">\n<tr class=\"row-2\">\n\t<td class=\"column-1\">9120<\/td><td class=\"column-2\">M4<\/td><td class=\"column-3\">\u00d83,50<br \/>\n<\/td><td class=\"column-4\">12<\/td><td class=\"column-5\">45<\/td><td class=\"column-6\">25<\/td><td class=\"column-7\">20<\/td><td class=\"column-8\">100 adet<\/td><td class=\"column-9\">30 x 100 ad<\/td>\n<\/tr>\n<tr class=\"row-3\">\n\t<td class=\"column-1\">9121<\/td><td class=\"column-2\">M5\/21x80\t<\/td><td class=\"column-3\">\u00d84,40<\/td><td class=\"column-4\">17<\/td><td class=\"column-5\">60<\/td><td class=\"column-6\">35<\/td><td class=\"column-7\">30<\/td><td class=\"column-8\">100 adet<\/td><td class=\"column-9\">20 x 100 ad<\/td>\n<\/tr>\n<tr class=\"row-4\">\n\t<td class=\"column-1\">9122<\/td><td class=\"column-2\">M5\/21x100\t<\/td><td class=\"column-3\">\u00d84,40<\/td><td class=\"column-4\">19<\/td><td class=\"column-5\">70<\/td><td class=\"column-6\">40<\/td><td class=\"column-7\">30<\/td><td class=\"column-8\">100 adet<\/td><td class=\"column-9\">20 x 100 ad<\/td>\n<\/tr>\n<tr class=\"row-5\">\n\t<td class=\"column-1\">9123-20<\/td><td class=\"column-2\">M6 x 20<\/td><td class=\"column-3\">\u00d85,25<\/td><td class=\"column-4\">12<\/td><td class=\"column-5\">45<\/td><td class=\"column-6\">30<\/td><td class=\"column-7\">20<\/td><td class=\"column-8\">100 adet<\/td><td class=\"column-9\">20 x 100 ad<\/td>\n<\/tr>\n<tr class=\"row-6\">\n\t<td class=\"column-1\">9123-30<\/td><td class=\"column-2\">M6 x 30<\/td><td class=\"column-3\">\u00d85,25<\/td><td class=\"column-4\">12<\/td><td class=\"column-5\">55<\/td><td class=\"column-6\">40<\/td><td class=\"column-7\">30<\/td><td class=\"column-8\">100 adet<\/td><td class=\"column-9\">20 x 100 ad<\/td>\n<\/tr>\n<tr class=\"row-7\">\n\t<td class=\"column-1\">9123-40<\/td><td class=\"column-2\">M6 x 40<\/td><td class=\"column-3\">\u00d85,25<\/td><td class=\"column-4\">12<\/td><td class=\"column-5\">65<\/td><td class=\"column-6\">50<\/td><td class=\"column-7\">40<\/td><td class=\"column-8\">100 adet<\/td><td class=\"column-9\">20 x 100 ad<\/td>\n<\/tr>\n<tr class=\"row-8\">\n\t<td class=\"column-1\">9123-50<\/td><td class=\"column-2\">M6 x 50<\/td><td class=\"column-3\">\u00d85,25<\/td><td class=\"column-4\">12<\/td><td class=\"column-5\">75<\/td><td class=\"column-6\">60<\/td><td class=\"column-7\">50<\/td><td class=\"column-8\">100 adet<\/td><td class=\"column-9\">12 x 100 ad<\/td>\n<\/tr>\n<tr class=\"row-9\">\n\t<td class=\"column-1\">9123-60<\/td><td class=\"column-2\">M6 x 60<\/td><td class=\"column-3\">\u00d85,25<\/td><td class=\"column-4\">13<\/td><td class=\"column-5\">85<\/td><td class=\"column-6\">70<\/td><td class=\"column-7\">60<\/td><td class=\"column-8\">100 adet<\/td><td class=\"column-9\">12 x 100 ad<\/td>\n<\/tr>\n<tr class=\"row-10\">\n\t<td class=\"column-1\">9124<\/td><td class=\"column-2\">M8<\/td><td class=\"column-3\">\u00d87<\/td><td class=\"column-4\">21<\/td><td class=\"column-5\">120<\/td><td class=\"column-6\">105<\/td><td class=\"column-7\">70<\/td><td class=\"column-8\">50 adet<\/td><td class=\"column-9\">10 x 50 ad<\/td>\n<\/tr>\n<tr class=\"row-11\">\n\t<td class=\"column-1\">9125<\/td><td class=\"column-2\">M10<\/td><td class=\"column-3\">\u00d88,80<\/td><td class=\"column-4\">21<\/td><td class=\"column-5\">120<\/td><td class=\"column-6\">108<\/td><td class=\"column-7\">70<\/td><td class=\"column-8\">50 adet<\/td><td class=\"column-9\">10 x 50 ad<\/td>\n<\/tr>\n<\/tbody>\n<\/table>\n\n<\/div><!-- #tablepress-9120 from cache -->\n\t\t<\/div>\n\n\t\t\n<style>\n#section_1671713391 {\n  padding-top: 30px;\n  padding-bottom: 30px;\n}\n<\/style>\n\t<\/section>\n\t\n","protected":false},"excerpt":{"rendered":"","protected":false},"featured_media":1559,"template":"","meta":[],"product_brand":[],"product_cat":[191],"product_tag":[322,324,192,193,323,321,319,320],"class_list":{"0":"post-3807","1":"product","2":"type-product","3":"status-publish","4":"has-post-thumbnail","6":"product_cat-eye-screws","7":"product_tag-bolt-en-2","8":"product_tag-bolt-hook","9":"product_tag-eye-screw-en","10":"product_tag-eye-screw-en-2","11":"product_tag-eye-screw-en-4","12":"product_tag-metric","13":"product_tag-welded-bolt-screw","14":"product_tag-welded-bolt-screw-en","16":"first","17":"instock","18":"shipping-taxable","19":"product-type-simple"},"yoast_head":"<!-- This site is optimized with the Yoast SEO plugin v27.4 - https:\/\/yoast.com\/product\/yoast-seo-wordpress\/ -->\n<title>Bolt Hook - Closed type - EBRU Ba\u011flant\u0131 Elemanlar\u0131<\/title>\n<meta name=\"robots\" content=\"index, follow, max-snippet:-1, max-image-preview:large, max-video-preview:-1\" \/>\n<link rel=\"canonical\" href=\"https:\/\/www.ebrubaglanti.com\/en\/urun\/bolt-hook-closed-type\/\" \/>\n<meta property=\"og:locale\" content=\"en_US\" \/>\n<meta property=\"og:type\" content=\"article\" \/>\n<meta property=\"og:title\" content=\"Bolt Hook - Closed type - EBRU Ba\u011flant\u0131 Elemanlar\u0131\" \/>\n<meta property=\"og:url\" content=\"https:\/\/www.ebrubaglanti.com\/en\/urun\/bolt-hook-closed-type\/\" \/>\n<meta property=\"og:site_name\" content=\"EBRU Ba\u011flant\u0131 Elemanlar\u0131\" \/>\n<meta property=\"og:image\" content=\"https:\/\/www.ebrubaglanti.com\/wp-content\/uploads\/2019\/09\/metrik_kapali_kanca_1.jpg\" \/>\n\t<meta property=\"og:image:width\" content=\"500\" \/>\n\t<meta property=\"og:image:height\" content=\"300\" \/>\n\t<meta property=\"og:image:type\" content=\"image\/jpeg\" \/>\n<meta name=\"twitter:card\" content=\"summary_large_image\" \/>\n<script type=\"application\/ld+json\" class=\"yoast-schema-graph\">{\"@context\":\"https:\\\/\\\/schema.org\",\"@graph\":[{\"@type\":\"WebPage\",\"@id\":\"https:\\\/\\\/www.ebrubaglanti.com\\\/en\\\/urun\\\/bolt-hook-closed-type\\\/\",\"url\":\"https:\\\/\\\/www.ebrubaglanti.com\\\/en\\\/urun\\\/bolt-hook-closed-type\\\/\",\"name\":\"Bolt Hook - Closed type - EBRU Ba\u011flant\u0131 Elemanlar\u0131\",\"isPartOf\":{\"@id\":\"http:\\\/\\\/www.ebrubaglanti.com\\\/#website\"},\"primaryImageOfPage\":{\"@id\":\"https:\\\/\\\/www.ebrubaglanti.com\\\/en\\\/urun\\\/bolt-hook-closed-type\\\/#primaryimage\"},\"image\":{\"@id\":\"https:\\\/\\\/www.ebrubaglanti.com\\\/en\\\/urun\\\/bolt-hook-closed-type\\\/#primaryimage\"},\"thumbnailUrl\":\"https:\\\/\\\/www.ebrubaglanti.com\\\/wp-content\\\/uploads\\\/2019\\\/09\\\/metrik_kapali_kanca_1.jpg\",\"datePublished\":\"2021-12-02T12:01:07+00:00\",\"breadcrumb\":{\"@id\":\"https:\\\/\\\/www.ebrubaglanti.com\\\/en\\\/urun\\\/bolt-hook-closed-type\\\/#breadcrumb\"},\"inLanguage\":\"en-US\",\"potentialAction\":[{\"@type\":\"ReadAction\",\"target\":[\"https:\\\/\\\/www.ebrubaglanti.com\\\/en\\\/urun\\\/bolt-hook-closed-type\\\/\"]}]},{\"@type\":\"ImageObject\",\"inLanguage\":\"en-US\",\"@id\":\"https:\\\/\\\/www.ebrubaglanti.com\\\/en\\\/urun\\\/bolt-hook-closed-type\\\/#primaryimage\",\"url\":\"https:\\\/\\\/www.ebrubaglanti.com\\\/wp-content\\\/uploads\\\/2019\\\/09\\\/metrik_kapali_kanca_1.jpg\",\"contentUrl\":\"https:\\\/\\\/www.ebrubaglanti.com\\\/wp-content\\\/uploads\\\/2019\\\/09\\\/metrik_kapali_kanca_1.jpg\",\"width\":500,\"height\":300},{\"@type\":\"BreadcrumbList\",\"@id\":\"https:\\\/\\\/www.ebrubaglanti.com\\\/en\\\/urun\\\/bolt-hook-closed-type\\\/#breadcrumb\",\"itemListElement\":[{\"@type\":\"ListItem\",\"position\":1,\"name\":\"Ana sayfa\",\"item\":\"https:\\\/\\\/www.ebrubaglanti.com\\\/en\\\/\"},{\"@type\":\"ListItem\",\"position\":2,\"name\":\"\u00dcr\u00fcnler\",\"item\":\"https:\\\/\\\/www.ebrubaglanti.com\\\/shop\\\/\"},{\"@type\":\"ListItem\",\"position\":3,\"name\":\"Bolt Hook &#8211; Closed type &#8211;\"}]},{\"@type\":\"WebSite\",\"@id\":\"http:\\\/\\\/www.ebrubaglanti.com\\\/#website\",\"url\":\"http:\\\/\\\/www.ebrubaglanti.com\\\/\",\"name\":\"EBRU Ba\u011flant\u0131 Elemanlar\u0131\",\"description\":\"Fasteners Supplier from Turkey\",\"potentialAction\":[{\"@type\":\"SearchAction\",\"target\":{\"@type\":\"EntryPoint\",\"urlTemplate\":\"http:\\\/\\\/www.ebrubaglanti.com\\\/?s={search_term_string}\"},\"query-input\":{\"@type\":\"PropertyValueSpecification\",\"valueRequired\":true,\"valueName\":\"search_term_string\"}}],\"inLanguage\":\"en-US\"}]}<\/script>\n<!-- \/ Yoast SEO plugin. -->","yoast_head_json":{"title":"Bolt Hook - Closed type - EBRU Ba\u011flant\u0131 Elemanlar\u0131","robots":{"index":"index","follow":"follow","max-snippet":"max-snippet:-1","max-image-preview":"max-image-preview:large","max-video-preview":"max-video-preview:-1"},"canonical":"https:\/\/www.ebrubaglanti.com\/en\/urun\/bolt-hook-closed-type\/","og_locale":"en_US","og_type":"article","og_title":"Bolt Hook - Closed type - EBRU Ba\u011flant\u0131 Elemanlar\u0131","og_url":"https:\/\/www.ebrubaglanti.com\/en\/urun\/bolt-hook-closed-type\/","og_site_name":"EBRU Ba\u011flant\u0131 Elemanlar\u0131","og_image":[{"width":500,"height":300,"url":"https:\/\/www.ebrubaglanti.com\/wp-content\/uploads\/2019\/09\/metrik_kapali_kanca_1.jpg","type":"image\/jpeg"}],"twitter_card":"summary_large_image","schema":{"@context":"https:\/\/schema.org","@graph":[{"@type":"WebPage","@id":"https:\/\/www.ebrubaglanti.com\/en\/urun\/bolt-hook-closed-type\/","url":"https:\/\/www.ebrubaglanti.com\/en\/urun\/bolt-hook-closed-type\/","name":"Bolt Hook - Closed type - EBRU Ba\u011flant\u0131 Elemanlar\u0131","isPartOf":{"@id":"http:\/\/www.ebrubaglanti.com\/#website"},"primaryImageOfPage":{"@id":"https:\/\/www.ebrubaglanti.com\/en\/urun\/bolt-hook-closed-type\/#primaryimage"},"image":{"@id":"https:\/\/www.ebrubaglanti.com\/en\/urun\/bolt-hook-closed-type\/#primaryimage"},"thumbnailUrl":"https:\/\/www.ebrubaglanti.com\/wp-content\/uploads\/2019\/09\/metrik_kapali_kanca_1.jpg","datePublished":"2021-12-02T12:01:07+00:00","breadcrumb":{"@id":"https:\/\/www.ebrubaglanti.com\/en\/urun\/bolt-hook-closed-type\/#breadcrumb"},"inLanguage":"en-US","potentialAction":[{"@type":"ReadAction","target":["https:\/\/www.ebrubaglanti.com\/en\/urun\/bolt-hook-closed-type\/"]}]},{"@type":"ImageObject","inLanguage":"en-US","@id":"https:\/\/www.ebrubaglanti.com\/en\/urun\/bolt-hook-closed-type\/#primaryimage","url":"https:\/\/www.ebrubaglanti.com\/wp-content\/uploads\/2019\/09\/metrik_kapali_kanca_1.jpg","contentUrl":"https:\/\/www.ebrubaglanti.com\/wp-content\/uploads\/2019\/09\/metrik_kapali_kanca_1.jpg","width":500,"height":300},{"@type":"BreadcrumbList","@id":"https:\/\/www.ebrubaglanti.com\/en\/urun\/bolt-hook-closed-type\/#breadcrumb","itemListElement":[{"@type":"ListItem","position":1,"name":"Ana sayfa","item":"https:\/\/www.ebrubaglanti.com\/en\/"},{"@type":"ListItem","position":2,"name":"\u00dcr\u00fcnler","item":"https:\/\/www.ebrubaglanti.com\/shop\/"},{"@type":"ListItem","position":3,"name":"Bolt Hook &#8211; Closed type &#8211;"}]},{"@type":"WebSite","@id":"http:\/\/www.ebrubaglanti.com\/#website","url":"http:\/\/www.ebrubaglanti.com\/","name":"EBRU Ba\u011flant\u0131 Elemanlar\u0131","description":"Fasteners Supplier from Turkey","potentialAction":[{"@type":"SearchAction","target":{"@type":"EntryPoint","urlTemplate":"http:\/\/www.ebrubaglanti.com\/?s={search_term_string}"},"query-input":{"@type":"PropertyValueSpecification","valueRequired":true,"valueName":"search_term_string"}}],"inLanguage":"en-US"}]}},"_links":{"self":[{"href":"https:\/\/www.ebrubaglanti.com\/en\/wp-json\/wp\/v2\/product\/3807","targetHints":{"allow":["GET"]}}],"collection":[{"href":"https:\/\/www.ebrubaglanti.com\/en\/wp-json\/wp\/v2\/product"}],"about":[{"href":"https:\/\/www.ebrubaglanti.com\/en\/wp-json\/wp\/v2\/types\/product"}],"wp:featuredmedia":[{"embeddable":true,"href":"https:\/\/www.ebrubaglanti.com\/en\/wp-json\/wp\/v2\/media\/1559"}],"wp:attachment":[{"href":"https:\/\/www.ebrubaglanti.com\/en\/wp-json\/wp\/v2\/media?parent=3807"}],"wp:term":[{"taxonomy":"product_brand","embeddable":true,"href":"https:\/\/www.ebrubaglanti.com\/en\/wp-json\/wp\/v2\/product_brand?post=3807"},{"taxonomy":"product_cat","embeddable":true,"href":"https:\/\/www.ebrubaglanti.com\/en\/wp-json\/wp\/v2\/product_cat?post=3807"},{"taxonomy":"product_tag","embeddable":true,"href":"https:\/\/www.ebrubaglanti.com\/en\/wp-json\/wp\/v2\/product_tag?post=3807"}],"curies":[{"name":"wp","href":"https:\/\/api.w.org\/{rel}","templated":true}]}}