{"id":3808,"date":"2021-12-02T12:02:44","date_gmt":"2021-12-02T12:02:44","guid":{"rendered":"http:\/\/www.ebrubaglanti.com\/urun\/z-screw\/"},"modified":"2021-12-02T12:08:08","modified_gmt":"2021-12-02T12:08:08","slug":"z-screw","status":"publish","type":"product","link":"https:\/\/www.ebrubaglanti.com\/en\/urun\/z-screw\/","title":{"rendered":"&#8220;Z&#8221; Screw"},"content":{"rendered":"\n\t<section class=\"section\" id=\"section_1502591255\">\n\t\t<div class=\"section-bg fill\" >\n\t\t\t\t\t\t\t\t\t\n\t\t\t\n\n\t\t<\/div>\n\n\t\t\n\n\t\t<div class=\"section-content relative\">\n\t\t\t\n<div id=\"tablepress-130-scroll-wrapper\" class=\"tablepress-scroll-wrapper\">\n\n<table id=\"tablepress-130\" class=\"tablepress tablepress-id-130 tablepress-responsive\">\n<thead>\n<tr class=\"row-1\">\n\t<th class=\"column-1\">\u00dcR\u00dcN<br \/>\nKODU<\/th><th class=\"column-2\">C\u0130NS\u0130<\/th><th class=\"column-3\">A<\/th><th class=\"column-4\">B<\/th><th class=\"column-5\">C<\/th><th class=\"column-6\">D<\/th><th class=\"column-7\">KUTU<br \/>\nADED\u0130<\/th><th class=\"column-8\">KOL\u0130<br \/>\nADED\u0130<\/th><th class=\"column-9\">KOL\u0130<br \/>\nA\u011eIRLI\u011eI<\/th>\n<\/tr>\n<\/thead>\n<tbody class=\"row-striping row-hover\">\n<tr class=\"row-2\">\n\t<td class=\"column-1\">130<\/td><td class=\"column-2\">0 - M\u0130N\u0130K<\/td><td class=\"column-3\">\u00d83,50<\/td><td class=\"column-4\">20<\/td><td class=\"column-5\">50<\/td><td class=\"column-6\">19<\/td><td class=\"column-7\">100 adet<\/td><td class=\"column-8\">30 x 100 ad<\/td><td class=\"column-9\">15 kg<\/td>\n<\/tr>\n<tr class=\"row-3\">\n\t<td class=\"column-1\">131<\/td><td class=\"column-2\">1<\/td><td class=\"column-3\">\u00d83,50<\/td><td class=\"column-4\">20<\/td><td class=\"column-5\">60<\/td><td class=\"column-6\">19<\/td><td class=\"column-7\">100 adet<\/td><td class=\"column-8\">30 x 100 ad<\/td><td class=\"column-9\">17 kg<\/td>\n<\/tr>\n<tr class=\"row-4\">\n\t<td class=\"column-1\">132<\/td><td class=\"column-2\">2<\/td><td class=\"column-3\">\u00d83,50<\/td><td class=\"column-4\">20<\/td><td class=\"column-5\">70<\/td><td class=\"column-6\">19<\/td><td class=\"column-7\">100 adet<\/td><td class=\"column-8\">30 x 100 ad<\/td><td class=\"column-9\">20 kg<\/td>\n<\/tr>\n<tr class=\"row-5\">\n\t<td class=\"column-1\">133<\/td><td class=\"column-2\">3<\/td><td class=\"column-3\">\u00d84,00<\/td><td class=\"column-4\">20<\/td><td class=\"column-5\">80<\/td><td class=\"column-6\">19<\/td><td class=\"column-7\">100 adet<\/td><td class=\"column-8\">30 x 100 ad<\/td><td class=\"column-9\">28 kg<\/td>\n<\/tr>\n<tr class=\"row-6\">\n\t<td class=\"column-1\">134<\/td><td class=\"column-2\">4<\/td><td class=\"column-3\">\u00d84,20<\/td><td class=\"column-4\">20<\/td><td class=\"column-5\">85<\/td><td class=\"column-6\">19<\/td><td class=\"column-7\">100 adet<\/td><td class=\"column-8\">20 x 100 ad<\/td><td class=\"column-9\">22 kg<\/td>\n<\/tr>\n<tr class=\"row-7\">\n\t<td class=\"column-1\">135<\/td><td class=\"column-2\">5<\/td><td class=\"column-3\">\u00d84,60<\/td><td class=\"column-4\">20<\/td><td class=\"column-5\">90<\/td><td class=\"column-6\">19<\/td><td class=\"column-7\">100 adet<\/td><td class=\"column-8\">12 x 100 ad<\/td><td class=\"column-9\">17 kg<\/td>\n<\/tr>\n<\/tbody>\n<\/table>\n\n<\/div><!-- #tablepress-130 from cache -->\n\t\t<\/div>\n\n\t\t\n<style>\n#section_1502591255 {\n  padding-top: 30px;\n  padding-bottom: 30px;\n}\n<\/style>\n\t<\/section>\n\t\n","protected":false},"excerpt":{"rendered":"<p>&#8220;Z&#8221; Screw<\/p>\n","protected":false},"featured_media":1599,"template":"","meta":[],"product_brand":[],"product_cat":[202],"product_tag":[326],"class_list":{"0":"post-3808","1":"product","2":"type-product","3":"status-publish","4":"has-post-thumbnail","6":"product_cat-l-hook","7":"product_tag-apiculture-z-screw","9":"first","10":"instock","11":"shipping-taxable","12":"product-type-simple"},"yoast_head":"<!-- This site is optimized with the Yoast SEO plugin v27.4 - https:\/\/yoast.com\/product\/yoast-seo-wordpress\/ -->\n<title>&quot;Z&quot; Screw - EBRU Ba\u011flant\u0131 Elemanlar\u0131<\/title>\n<meta name=\"robots\" content=\"index, follow, max-snippet:-1, max-image-preview:large, max-video-preview:-1\" \/>\n<link rel=\"canonical\" href=\"http:\/\/www.ebrubaglanti.com\/en\/urun\/z-screw\/\" \/>\n<meta property=\"og:locale\" content=\"en_US\" \/>\n<meta property=\"og:type\" content=\"article\" \/>\n<meta property=\"og:title\" content=\"&quot;Z&quot; Screw - EBRU Ba\u011flant\u0131 Elemanlar\u0131\" \/>\n<meta property=\"og:description\" content=\"&quot;Z&quot; Screw\" \/>\n<meta property=\"og:url\" content=\"http:\/\/www.ebrubaglanti.com\/en\/urun\/z-screw\/\" \/>\n<meta property=\"og:site_name\" content=\"EBRU Ba\u011flant\u0131 Elemanlar\u0131\" \/>\n<meta property=\"article:modified_time\" content=\"2021-12-02T12:08:08+00:00\" \/>\n<meta property=\"og:image\" content=\"http:\/\/www.ebrubaglanti.com\/wp-content\/uploads\/2019\/09\/mim_mandal_2.jpg\" \/>\n\t<meta property=\"og:image:width\" content=\"800\" \/>\n\t<meta property=\"og:image:height\" content=\"480\" \/>\n\t<meta property=\"og:image:type\" content=\"image\/jpeg\" \/>\n<meta name=\"twitter:card\" content=\"summary_large_image\" \/>\n<script type=\"application\/ld+json\" class=\"yoast-schema-graph\">{\"@context\":\"https:\\\/\\\/schema.org\",\"@graph\":[{\"@type\":\"WebPage\",\"@id\":\"http:\\\/\\\/www.ebrubaglanti.com\\\/en\\\/urun\\\/z-screw\\\/\",\"url\":\"http:\\\/\\\/www.ebrubaglanti.com\\\/en\\\/urun\\\/z-screw\\\/\",\"name\":\"\\\"Z\\\" Screw - EBRU Ba\u011flant\u0131 Elemanlar\u0131\",\"isPartOf\":{\"@id\":\"http:\\\/\\\/www.ebrubaglanti.com\\\/#website\"},\"primaryImageOfPage\":{\"@id\":\"http:\\\/\\\/www.ebrubaglanti.com\\\/en\\\/urun\\\/z-screw\\\/#primaryimage\"},\"image\":{\"@id\":\"http:\\\/\\\/www.ebrubaglanti.com\\\/en\\\/urun\\\/z-screw\\\/#primaryimage\"},\"thumbnailUrl\":\"https:\\\/\\\/www.ebrubaglanti.com\\\/wp-content\\\/uploads\\\/2019\\\/09\\\/mim_mandal_2.jpg\",\"datePublished\":\"2021-12-02T12:02:44+00:00\",\"dateModified\":\"2021-12-02T12:08:08+00:00\",\"breadcrumb\":{\"@id\":\"http:\\\/\\\/www.ebrubaglanti.com\\\/en\\\/urun\\\/z-screw\\\/#breadcrumb\"},\"inLanguage\":\"en-US\",\"potentialAction\":[{\"@type\":\"ReadAction\",\"target\":[\"http:\\\/\\\/www.ebrubaglanti.com\\\/en\\\/urun\\\/z-screw\\\/\"]}]},{\"@type\":\"ImageObject\",\"inLanguage\":\"en-US\",\"@id\":\"http:\\\/\\\/www.ebrubaglanti.com\\\/en\\\/urun\\\/z-screw\\\/#primaryimage\",\"url\":\"https:\\\/\\\/www.ebrubaglanti.com\\\/wp-content\\\/uploads\\\/2019\\\/09\\\/mim_mandal_2.jpg\",\"contentUrl\":\"https:\\\/\\\/www.ebrubaglanti.com\\\/wp-content\\\/uploads\\\/2019\\\/09\\\/mim_mandal_2.jpg\",\"width\":800,\"height\":480},{\"@type\":\"BreadcrumbList\",\"@id\":\"http:\\\/\\\/www.ebrubaglanti.com\\\/en\\\/urun\\\/z-screw\\\/#breadcrumb\",\"itemListElement\":[{\"@type\":\"ListItem\",\"position\":1,\"name\":\"Ana sayfa\",\"item\":\"https:\\\/\\\/www.ebrubaglanti.com\\\/en\\\/\"},{\"@type\":\"ListItem\",\"position\":2,\"name\":\"\u00dcr\u00fcnler\",\"item\":\"https:\\\/\\\/www.ebrubaglanti.com\\\/shop\\\/\"},{\"@type\":\"ListItem\",\"position\":3,\"name\":\"&#8220;Z&#8221; Screw\"}]},{\"@type\":\"WebSite\",\"@id\":\"http:\\\/\\\/www.ebrubaglanti.com\\\/#website\",\"url\":\"http:\\\/\\\/www.ebrubaglanti.com\\\/\",\"name\":\"EBRU Ba\u011flant\u0131 Elemanlar\u0131\",\"description\":\"Fasteners Supplier from Turkey\",\"potentialAction\":[{\"@type\":\"SearchAction\",\"target\":{\"@type\":\"EntryPoint\",\"urlTemplate\":\"http:\\\/\\\/www.ebrubaglanti.com\\\/?s={search_term_string}\"},\"query-input\":{\"@type\":\"PropertyValueSpecification\",\"valueRequired\":true,\"valueName\":\"search_term_string\"}}],\"inLanguage\":\"en-US\"}]}<\/script>\n<!-- \/ Yoast SEO plugin. -->","yoast_head_json":{"title":"\"Z\" Screw - EBRU Ba\u011flant\u0131 Elemanlar\u0131","robots":{"index":"index","follow":"follow","max-snippet":"max-snippet:-1","max-image-preview":"max-image-preview:large","max-video-preview":"max-video-preview:-1"},"canonical":"http:\/\/www.ebrubaglanti.com\/en\/urun\/z-screw\/","og_locale":"en_US","og_type":"article","og_title":"\"Z\" Screw - EBRU Ba\u011flant\u0131 Elemanlar\u0131","og_description":"\"Z\" Screw","og_url":"http:\/\/www.ebrubaglanti.com\/en\/urun\/z-screw\/","og_site_name":"EBRU Ba\u011flant\u0131 Elemanlar\u0131","article_modified_time":"2021-12-02T12:08:08+00:00","og_image":[{"width":800,"height":480,"url":"http:\/\/www.ebrubaglanti.com\/wp-content\/uploads\/2019\/09\/mim_mandal_2.jpg","type":"image\/jpeg"}],"twitter_card":"summary_large_image","schema":{"@context":"https:\/\/schema.org","@graph":[{"@type":"WebPage","@id":"http:\/\/www.ebrubaglanti.com\/en\/urun\/z-screw\/","url":"http:\/\/www.ebrubaglanti.com\/en\/urun\/z-screw\/","name":"\"Z\" Screw - EBRU Ba\u011flant\u0131 Elemanlar\u0131","isPartOf":{"@id":"http:\/\/www.ebrubaglanti.com\/#website"},"primaryImageOfPage":{"@id":"http:\/\/www.ebrubaglanti.com\/en\/urun\/z-screw\/#primaryimage"},"image":{"@id":"http:\/\/www.ebrubaglanti.com\/en\/urun\/z-screw\/#primaryimage"},"thumbnailUrl":"https:\/\/www.ebrubaglanti.com\/wp-content\/uploads\/2019\/09\/mim_mandal_2.jpg","datePublished":"2021-12-02T12:02:44+00:00","dateModified":"2021-12-02T12:08:08+00:00","breadcrumb":{"@id":"http:\/\/www.ebrubaglanti.com\/en\/urun\/z-screw\/#breadcrumb"},"inLanguage":"en-US","potentialAction":[{"@type":"ReadAction","target":["http:\/\/www.ebrubaglanti.com\/en\/urun\/z-screw\/"]}]},{"@type":"ImageObject","inLanguage":"en-US","@id":"http:\/\/www.ebrubaglanti.com\/en\/urun\/z-screw\/#primaryimage","url":"https:\/\/www.ebrubaglanti.com\/wp-content\/uploads\/2019\/09\/mim_mandal_2.jpg","contentUrl":"https:\/\/www.ebrubaglanti.com\/wp-content\/uploads\/2019\/09\/mim_mandal_2.jpg","width":800,"height":480},{"@type":"BreadcrumbList","@id":"http:\/\/www.ebrubaglanti.com\/en\/urun\/z-screw\/#breadcrumb","itemListElement":[{"@type":"ListItem","position":1,"name":"Ana sayfa","item":"https:\/\/www.ebrubaglanti.com\/en\/"},{"@type":"ListItem","position":2,"name":"\u00dcr\u00fcnler","item":"https:\/\/www.ebrubaglanti.com\/shop\/"},{"@type":"ListItem","position":3,"name":"&#8220;Z&#8221; Screw"}]},{"@type":"WebSite","@id":"http:\/\/www.ebrubaglanti.com\/#website","url":"http:\/\/www.ebrubaglanti.com\/","name":"EBRU Ba\u011flant\u0131 Elemanlar\u0131","description":"Fasteners Supplier from Turkey","potentialAction":[{"@type":"SearchAction","target":{"@type":"EntryPoint","urlTemplate":"http:\/\/www.ebrubaglanti.com\/?s={search_term_string}"},"query-input":{"@type":"PropertyValueSpecification","valueRequired":true,"valueName":"search_term_string"}}],"inLanguage":"en-US"}]}},"_links":{"self":[{"href":"https:\/\/www.ebrubaglanti.com\/en\/wp-json\/wp\/v2\/product\/3808","targetHints":{"allow":["GET"]}}],"collection":[{"href":"https:\/\/www.ebrubaglanti.com\/en\/wp-json\/wp\/v2\/product"}],"about":[{"href":"https:\/\/www.ebrubaglanti.com\/en\/wp-json\/wp\/v2\/types\/product"}],"wp:featuredmedia":[{"embeddable":true,"href":"https:\/\/www.ebrubaglanti.com\/en\/wp-json\/wp\/v2\/media\/1599"}],"wp:attachment":[{"href":"https:\/\/www.ebrubaglanti.com\/en\/wp-json\/wp\/v2\/media?parent=3808"}],"wp:term":[{"taxonomy":"product_brand","embeddable":true,"href":"https:\/\/www.ebrubaglanti.com\/en\/wp-json\/wp\/v2\/product_brand?post=3808"},{"taxonomy":"product_cat","embeddable":true,"href":"https:\/\/www.ebrubaglanti.com\/en\/wp-json\/wp\/v2\/product_cat?post=3808"},{"taxonomy":"product_tag","embeddable":true,"href":"https:\/\/www.ebrubaglanti.com\/en\/wp-json\/wp\/v2\/product_tag?post=3808"}],"curies":[{"name":"wp","href":"https:\/\/api.w.org\/{rel}","templated":true}]}}